{"id":3652,"date":"2022-12-16T00:05:44","date_gmt":"2022-12-15T16:05:44","guid":{"rendered":"https:\/\/sshk.edu.hk\/?page_id=3652"},"modified":"2024-10-18T00:43:49","modified_gmt":"2024-10-17T16:43:49","slug":"scholarship-scheme","status":"publish","type":"page","link":"https:\/\/sshk.edu.hk\/es\/scholarship-scheme\/","title":{"rendered":"Programa de becas"},"content":{"rendered":"<section class=\"wpb-content-wrapper\"><div class=\"u_row\">\r\n        \t<div class=\"vc_row wpb_row vc_row-fluid\"><div class=\"wpb_column vc_column_container vc_col-sm-8\"><div class=\"vc_column-inner\"><div class=\"wpb_wrapper\">\n\t<div class=\"wpb_text_column wpb_content_element\" >\n\t\t<div class=\"wpb_wrapper\">\n\t\t\t<h3><span style=\"color: #253b80;\">Programa de becas<\/span><\/h3>\n\n\t\t<\/div>\n\t<\/div>\n\n\t<div class=\"wpb_text_column wpb_content_element\" >\n\t\t<div class=\"wpb_wrapper\">\n\t\t\t<p class=\"p1\"><span class=\"s1\">La Escuela Espa\u00f1ola de Hong Kong se enorgullece de la excelencia acad\u00e9mica en todas las \u00e1reas del curr\u00edculo. Los objetivos del programa de becas se detallan a continuaci\u00f3n: <\/span><\/p>\n<ul class=\"ul1\">\n<li class=\"li1\"><span class=\"s1\">Promover la excelencia en el rendimiento acad\u00e9mico de los estudiantes.<\/span><\/li>\n<li class=\"li1\"><span class=\"s1\">Reconocer los talentos de los estudiantes en \u00e1reas distintas a la acad\u00e9mica.<\/span><\/li>\n<li class=\"li1\"><span class=\"s1\">Fomentar el desarrollo integral de todos los estudiantes.<\/span><\/li>\n<li class=\"li1\"><span class=\"s1\">Impulsar el esp\u00edritu comunitario y el potencial de liderazgo.<\/span><\/li>\n<\/ul>\n<p class=\"p1\"><span class=\"s1\"><b>C\u00f3mo postularse:<\/b><\/span><\/p>\n<p class=\"p1\"><span class=\"s1\">Todos los estudiantes son elegibles para el programa de becas. Al final del a\u00f1o acad\u00e9mico, la escuela anunciar\u00e1 a los beneficiarios de la beca en cada \u00e1rea de materia.<\/span><\/p>\n\n\t\t<\/div>\n\t<\/div>\n<\/div><\/div><\/div><div class=\"wpb_column vc_column_container vc_col-sm-4\"><div class=\"vc_column-inner\"><div class=\"wpb_wrapper\"><div  class=\"vc_wp_custommenu wpb_content_element\"><div class=\"widget widget_nav_menu\"><h2 class=\"widgettitle\">Admisiones<\/h2><div class=\"menu-admissions-container\"><ul id=\"menu-admissions\" class=\"menu\"><li id=\"menu-item-3143\" class=\"menu-item menu-item-type-post_type menu-item-object-page menu-item-3143\"><a href=\"https:\/\/sshk.edu.hk\/es\/admissionprocess\/\">Proceso de Admisi\u00f3n<\/a><\/li>\n<li id=\"menu-item-3422\" class=\"menu-item menu-item-type-post_type menu-item-object-page menu-item-3422\"><a href=\"https:\/\/sshk.edu.hk\/es\/schoolfees\/\">Tarifas del colegio<\/a><\/li>\n<li id=\"menu-item-3161\" class=\"menu-item menu-item-type-post_type menu-item-object-page menu-item-3161\"><a href=\"https:\/\/sshk.edu.hk\/es\/applicationonline\/\">Solicitud en l\u00ednea<\/a><\/li>\n<li id=\"menu-item-3538\" class=\"menu-item menu-item-type-post_type menu-item-object-page menu-item-3538\"><a href=\"https:\/\/sshk.edu.hk\/es\/tuition-grant-scheme\/\">Ayudas para la matr\u00edcula<\/a><\/li>\n<li id=\"menu-item-3660\" class=\"menu-item menu-item-type-post_type menu-item-object-page menu-item-3660\"><a href=\"https:\/\/sshk.edu.hk\/es\/scholarship-scheme\/\">Programa de becas<\/a><\/li>\n<\/ul><\/div><\/div><\/div><\/div><\/div><\/div><\/div>    \t\t\t<\/div><!--\/u_row-->\r\n\t\t\t<div class=\"u_row\">\r\n        \t<div class=\"vc_row wpb_row vc_row-fluid\"><div class=\"wpb_column vc_column_container vc_col-sm-12\"><div class=\"vc_column-inner\"><div class=\"wpb_wrapper\"><div class=\"vc_separator wpb_content_element vc_separator_align_center vc_sep_width_100 vc_sep_pos_align_center vc_separator_no_text vc_sep_color_grey\" ><span class=\"vc_sep_holder vc_sep_holder_l\"><span class=\"vc_sep_line\"><\/span><\/span><span class=\"vc_sep_holder vc_sep_holder_r\"><span class=\"vc_sep_line\"><\/span><\/span>\n<\/div><\/div><\/div><\/div><\/div>    \t\t\t<\/div><!--\/u_row-->\r\n\t\t\t<div class=\"u_row\">\r\n        \t<div class=\"vc_row wpb_row vc_row-fluid\"><div class=\"wpb_column vc_column_container vc_col-sm-12\"><div class=\"vc_column-inner\"><div class=\"wpb_wrapper\"><div class=\"vc_row wpb_row vc_inner vc_row-fluid\"><div class=\"wpb_column vc_column_container vc_col-sm-8\"><div class=\"vc_column-inner\"><div class=\"wpb_wrapper\">\n\t<div class=\"wpb_text_column wpb_content_element\" >\n\t\t<div class=\"wpb_wrapper\">\n\t\t\t<p class=\"p1\"><span class=\"s1\"><b>Criterios:<\/b><\/span><\/p>\n<ul class=\"ul1\">\n<li class=\"li1\"><span class=\"s1\">En materias acad\u00e9micas, los estudiantes deben obtener una calificaci\u00f3n de<\/span><span class=\"s3\"><b> Sobresaliente<\/b><\/span><span class=\"s1\"> en la nota final de esa materia espec\u00edfica. La nota final es la composici\u00f3n de las calificaciones de cada trimestre y el puntaje de las pruebas de progreso. Para m\u00e1s detalles, por favor, contacta al profesor de la materia.<\/span><\/li>\n<li class=\"li1\"><span class=\"s1\">Para logros en Deportes, M\u00fasica y Artes, los estudiantes deber\u00e1n presentar el formulario de solicitud de beca para mostrar sus logros en \u00e1reas espec\u00edficas, como premios de competiciones externas dentro del a\u00f1o acad\u00e9mico, que ser\u00e1n considerados por el panel del comit\u00e9 de becas.<\/span><\/li>\n<li class=\"li1 translation-block\">Para logros en servicio comunitario, los estudiantes deber\u00e1n presentar el formulario de solicitud de beca para demostrar su compromiso y logros en servicios comunitarios, con el objetivo de contribuir a mejorar nuestra comunidad. En general, el beneficiario de la beca debe haber completado al menos 100 horas de servicio voluntario en una organizaci\u00f3n ben\u00e9fica o ONG reconocida.<\/li>\n<\/ul>\n\n\t\t<\/div>\n\t<\/div>\n<\/div><\/div><\/div><div class=\"wpb_column vc_column_container vc_col-sm-4\"><div class=\"vc_column-inner\"><div class=\"wpb_wrapper\"><\/div><\/div><\/div><\/div><\/div><\/div><\/div><\/div>    \t\t\t<\/div><!--\/u_row-->\r\n\t<\/p>\n<\/section>","protected":false},"excerpt":{"rendered":"Scholarship Scheme Spanish School of Hong Kong will pride academic excellence in all areas of the curriculum. The objectives of the scholarship scheme are detailed below: To advocate excellence in academic achievement in students To recognise the talents of students in area other than academia To promote well-rounded development of all students To foster community [...]","protected":false},"author":7,"featured_media":0,"parent":0,"menu_order":0,"comment_status":"closed","ping_status":"closed","template":"","meta":{"footnotes":""},"class_list":["post-3652","page","type-page","status-publish","hentry"],"yoast_head":"<!-- This site is optimized with the Yoast SEO plugin v24.6 - https:\/\/yoast.com\/wordpress\/plugins\/seo\/ -->\n<title>Scholarship Scheme - Spanish School of Hong Kong<\/title>\n<meta name=\"robots\" content=\"index, follow, max-snippet:-1, max-image-preview:large, max-video-preview:-1\" \/>\n<link rel=\"canonical\" href=\"https:\/\/sshk.edu.hk\/es\/scholarship-scheme\/\" \/>\n<meta property=\"og:locale\" content=\"es_ES\" \/>\n<meta property=\"og:type\" content=\"article\" \/>\n<meta property=\"og:title\" content=\"Scholarship Scheme - Spanish School of Hong Kong\" \/>\n<meta property=\"og:url\" content=\"https:\/\/sshk.edu.hk\/es\/scholarship-scheme\/\" \/>\n<meta property=\"og:site_name\" content=\"Spanish School of Hong Kong\" \/>\n<meta property=\"article:publisher\" content=\"https:\/\/www.facebook.com\/SPISHK\/\" \/>\n<meta property=\"article:modified_time\" content=\"2024-10-17T16:43:49+00:00\" \/>\n<meta property=\"og:image\" content=\"https:\/\/sshk.edu.hk\/wp-content\/uploads\/2017\/03\/COVER-SM-logo.png\" \/>\n<meta name=\"twitter:card\" content=\"summary_large_image\" \/>\n<meta name=\"twitter:label1\" content=\"Tiempo de lectura\" \/>\n\t<meta name=\"twitter:data1\" content=\"1 minuto\" \/>\n<script type=\"application\/ld+json\" class=\"yoast-schema-graph\">{\"@context\":\"https:\/\/schema.org\",\"@graph\":[{\"@type\":\"WebPage\",\"@id\":\"https:\/\/sshk.edu.hk\/scholarship-scheme\/\",\"url\":\"https:\/\/sshk.edu.hk\/scholarship-scheme\/\",\"name\":\"Scholarship Scheme - Spanish School of Hong Kong\",\"isPartOf\":{\"@id\":\"https:\/\/sshk.edu.hk\/#website\"},\"datePublished\":\"2022-12-15T16:05:44+00:00\",\"dateModified\":\"2024-10-17T16:43:49+00:00\",\"breadcrumb\":{\"@id\":\"https:\/\/sshk.edu.hk\/scholarship-scheme\/#breadcrumb\"},\"inLanguage\":\"es\",\"potentialAction\":[{\"@type\":\"ReadAction\",\"target\":[\"https:\/\/sshk.edu.hk\/scholarship-scheme\/\"]}]},{\"@type\":\"BreadcrumbList\",\"@id\":\"https:\/\/sshk.edu.hk\/scholarship-scheme\/#breadcrumb\",\"itemListElement\":[{\"@type\":\"ListItem\",\"position\":1,\"name\":\"Home\",\"item\":\"https:\/\/sshk.edu.hk\/\"},{\"@type\":\"ListItem\",\"position\":2,\"name\":\"Scholarship Scheme\"}]},{\"@type\":\"WebSite\",\"@id\":\"https:\/\/sshk.edu.hk\/#website\",\"url\":\"https:\/\/sshk.edu.hk\/\",\"name\":\"Spanish Primary School\",\"description\":\"Welcome to a world of possibilities &amp; opportunities\u2026\",\"potentialAction\":[{\"@type\":\"SearchAction\",\"target\":{\"@type\":\"EntryPoint\",\"urlTemplate\":\"https:\/\/sshk.edu.hk\/?s={search_term_string}\"},\"query-input\":{\"@type\":\"PropertyValueSpecification\",\"valueRequired\":true,\"valueName\":\"search_term_string\"}}],\"inLanguage\":\"es\"}]}<\/script>\n<!-- \/ Yoast SEO plugin. -->","yoast_head_json":{"title":"Scholarship Scheme - Spanish School of Hong Kong","robots":{"index":"index","follow":"follow","max-snippet":"max-snippet:-1","max-image-preview":"max-image-preview:large","max-video-preview":"max-video-preview:-1"},"canonical":"https:\/\/sshk.edu.hk\/es\/scholarship-scheme\/","og_locale":"es_ES","og_type":"article","og_title":"Scholarship Scheme - Spanish School of Hong Kong","og_url":"https:\/\/sshk.edu.hk\/es\/scholarship-scheme\/","og_site_name":"Spanish School of Hong Kong","article_publisher":"https:\/\/www.facebook.com\/SPISHK\/","article_modified_time":"2024-10-17T16:43:49+00:00","og_image":[{"url":"https:\/\/sshk.edu.hk\/wp-content\/uploads\/2017\/03\/COVER-SM-logo.png","type":"","width":"","height":""}],"twitter_card":"summary_large_image","twitter_misc":{"Tiempo de lectura":"1 minuto"},"schema":{"@context":"https:\/\/schema.org","@graph":[{"@type":"WebPage","@id":"https:\/\/sshk.edu.hk\/scholarship-scheme\/","url":"https:\/\/sshk.edu.hk\/scholarship-scheme\/","name":"Scholarship Scheme - Spanish School of Hong Kong","isPartOf":{"@id":"https:\/\/sshk.edu.hk\/#website"},"datePublished":"2022-12-15T16:05:44+00:00","dateModified":"2024-10-17T16:43:49+00:00","breadcrumb":{"@id":"https:\/\/sshk.edu.hk\/scholarship-scheme\/#breadcrumb"},"inLanguage":"es","potentialAction":[{"@type":"ReadAction","target":["https:\/\/sshk.edu.hk\/scholarship-scheme\/"]}]},{"@type":"BreadcrumbList","@id":"https:\/\/sshk.edu.hk\/scholarship-scheme\/#breadcrumb","itemListElement":[{"@type":"ListItem","position":1,"name":"Home","item":"https:\/\/sshk.edu.hk\/"},{"@type":"ListItem","position":2,"name":"Scholarship Scheme"}]},{"@type":"WebSite","@id":"https:\/\/sshk.edu.hk\/#website","url":"https:\/\/sshk.edu.hk\/","name":"Spanish Primary School","description":"Welcome to a world of possibilities &amp; opportunities\u2026","potentialAction":[{"@type":"SearchAction","target":{"@type":"EntryPoint","urlTemplate":"https:\/\/sshk.edu.hk\/?s={search_term_string}"},"query-input":{"@type":"PropertyValueSpecification","valueRequired":true,"valueName":"search_term_string"}}],"inLanguage":"es"}]}},"_links":{"self":[{"href":"https:\/\/sshk.edu.hk\/es\/wp-json\/wp\/v2\/pages\/3652","targetHints":{"allow":["GET"]}}],"collection":[{"href":"https:\/\/sshk.edu.hk\/es\/wp-json\/wp\/v2\/pages"}],"about":[{"href":"https:\/\/sshk.edu.hk\/es\/wp-json\/wp\/v2\/types\/page"}],"author":[{"embeddable":true,"href":"https:\/\/sshk.edu.hk\/es\/wp-json\/wp\/v2\/users\/7"}],"replies":[{"embeddable":true,"href":"https:\/\/sshk.edu.hk\/es\/wp-json\/wp\/v2\/comments?post=3652"}],"version-history":[{"count":8,"href":"https:\/\/sshk.edu.hk\/es\/wp-json\/wp\/v2\/pages\/3652\/revisions"}],"predecessor-version":[{"id":3844,"href":"https:\/\/sshk.edu.hk\/es\/wp-json\/wp\/v2\/pages\/3652\/revisions\/3844"}],"wp:attachment":[{"href":"https:\/\/sshk.edu.hk\/es\/wp-json\/wp\/v2\/media?parent=3652"}],"curies":[{"name":"wp","href":"https:\/\/api.w.org\/{rel}","templated":true}]}}