{"id":3625,"date":"2022-12-15T00:57:45","date_gmt":"2022-12-14T16:57:45","guid":{"rendered":"https:\/\/sshk.edu.hk\/?page_id=3625"},"modified":"2022-12-15T00:57:45","modified_gmt":"2022-12-14T16:57:45","slug":"home-2022","status":"publish","type":"page","link":"https:\/\/sshk.edu.hk\/es\/home-2022\/","title":{"rendered":"Home 2022"},"content":{"rendered":"<section class=\"wpb-content-wrapper\"><div class=\"u_row\">\r\n        \t<div class=\"vc_row wpb_row vc_row-fluid flower-bg vc_custom_1490341878002 vc_row-has-fill\"><div class=\"wpb_column vc_column_container vc_col-sm-12\"><div class=\"vc_column-inner\"><div class=\"wpb_wrapper\"><div class=\"vc_row wpb_row vc_inner vc_row-fluid\"><div class=\"wpb_column vc_column_container vc_col-sm-12\"><div class=\"vc_column-inner\"><div class=\"wpb_wrapper\">\n\t<div class=\"wpb_text_column wpb_content_element  wpb_animate_when_almost_visible wpb_bottom-to-top bottom-to-top vc_custom_1490345312140\" >\n\t\t<div class=\"wpb_wrapper\">\n\t\t\t<h1><span style=\"color: #253b80;\">Bienvenido a un mundo de \nposibilidades...<\/span><\/h1>\n\n\t\t<\/div>\n\t<\/div>\n<\/div><\/div><\/div><\/div><div class=\"vc_row wpb_row vc_inner vc_row-fluid\"><div class=\"wpb_column vc_column_container vc_col-sm-4\"><div class=\"vc_column-inner\"><div class=\"wpb_wrapper\">    \t<div id=\"un-icon-box-1\" class=\"media un-icon-box light wpb_left-to-right wpb_animate_when_almost_visible\" data-delay=\"0.25\">\r\n            <div class=\"pull-left\">\r\n            \t                <div class=\"un-icon\">\r\n                \t<i class=\"fa fa-book\"><\/i>\r\n                <\/div>\r\n                            <\/div>\r\n            <div class=\"media-body\">\r\n                <h4 class=\"media-heading\">... para el aprendizaje.<\/h4><p>Nos esforzamos por inspirar en nuestros alumnos el esp\u00edritu de \ninvestigaci\u00f3n y el desarrollo de actitudes positivas.<\/p>            <\/div>\r\n        <\/div>\r\n\t\t\t<style scoped=\"scoped\">\r\n        #un-icon-box-1 .un-icon{ background: #b11f24}#un-icon-box-1 .un-icon:hover{ background: #222222}#un-icon-box-1 .media-heading{ color: #222222}#un-icon-box-1 .media-body p{ color: #444444}        <\/style>\r\n    <\/div><\/div><\/div><div class=\"wpb_column vc_column_container vc_col-sm-4\"><div class=\"vc_column-inner\"><div class=\"wpb_wrapper\">    \t<div id=\"un-icon-box-2\" class=\"media un-icon-box light wpb_top-to-bottom wpb_animate_when_almost_visible\" data-delay=\"0.3\">\r\n            <div class=\"pull-left\">\r\n            \t                <div class=\"un-icon\">\r\n                \t<i class=\"fa fa-graduation-cap\"><\/i>\r\n                <\/div>\r\n                            <\/div>\r\n            <div class=\"media-body\">\r\n                <h4 class=\"media-heading\">\u2026para el conocimiento.<\/h4><p>Una oferta educativa con opciones flexibles y una metodolog\u00eda que \ncombina el rigor cient\u00edfico con la investigaci\u00f3n y la experimentaci\u00f3n.<\/p>            <\/div>\r\n        <\/div>\r\n\t\t\t<style scoped=\"scoped\">\r\n        #un-icon-box-2 .un-icon{ background: #b11f24}#un-icon-box-2 .un-icon:hover{ background: #222222}#un-icon-box-2 .media-heading{ color: #222222}#un-icon-box-2 .media-body p{ color: #444444}        <\/style>\r\n    <\/div><\/div><\/div><div class=\"wpb_column vc_column_container vc_col-sm-4\"><div class=\"vc_column-inner\"><div class=\"wpb_wrapper\">    \t<div id=\"un-icon-box-3\" class=\"media un-icon-box light wpb_bottom-to-top wpb_animate_when_almost_visible\" data-delay=\"0.45\">\r\n            <div class=\"pull-left\">\r\n            \t                <div class=\"un-icon\">\r\n                \t<i class=\"fa fa-users\"><\/i>\r\n                <\/div>\r\n                            <\/div>\r\n            <div class=\"media-body\">\r\n                <h4 class=\"media-heading\">\u2026para el desarrollo del liderazgo,<\/h4><p>gesti\u00f3n del talento, trabajo en equipo y capacidad de comunicaci\u00f3n.<\/p>            <\/div>\r\n        <\/div>\r\n\t\t\t<style scoped=\"scoped\">\r\n        #un-icon-box-3 .un-icon{ background: #b11f24}#un-icon-box-3 .un-icon:hover{ background: #222222}#un-icon-box-3 .media-heading{ color: #222222}#un-icon-box-3 .media-body p{ color: #444444}        <\/style>\r\n    <\/div><\/div><\/div><\/div><div class=\"vc_row wpb_row vc_inner vc_row-fluid vc_custom_1489148960770\"><div class=\"wpb_column vc_column_container vc_col-sm-4\"><div class=\"vc_column-inner\"><div class=\"wpb_wrapper\">    \t<div id=\"un-icon-box-4\" class=\"media un-icon-box light wpb_left-to-right wpb_animate_when_almost_visible\" data-delay=\"0.25\">\r\n            <div class=\"pull-left\">\r\n            \t                <div class=\"un-icon\">\r\n                \t<i class=\"fa fa-child\"><\/i>\r\n                <\/div>\r\n                            <\/div>\r\n            <div class=\"media-body\">\r\n                <h4 class=\"media-heading\">... para la convivencia,<\/h4><p>Compartir espacios y tiempo diariamente con los compa\u00f1eros es una\nexperiencia de vida.<\/p>            <\/div>\r\n        <\/div>\r\n\t\t\t<style scoped=\"scoped\">\r\n        #un-icon-box-4 .un-icon{ background: #b11f24}#un-icon-box-4 .un-icon:hover{ background: #222222}#un-icon-box-4 .media-heading{ color: #222222}#un-icon-box-4 .media-body p{ color: #444444}        <\/style>\r\n    <\/div><\/div><\/div><div class=\"wpb_column vc_column_container vc_col-sm-4\"><div class=\"vc_column-inner\"><div class=\"wpb_wrapper\">    \t<div id=\"un-icon-box-5\" class=\"media un-icon-box light wpb_top-to-bottom wpb_animate_when_almost_visible\" data-delay=\"0.3\">\r\n            <div class=\"pull-left\">\r\n            \t                <div class=\"un-icon\">\r\n                \t<i class=\"fa fa-paper-plane\"><\/i>\r\n                <\/div>\r\n                            <\/div>\r\n            <div class=\"media-body\">\r\n                <h4 class=\"media-heading\">\u2026culturales<\/h4><p>Conocer y disfrutar de otras culturas ampl\u00eda los horizontes y refuerza \nlas habilidades personales y sociales esenciales para el futuro.<\/p>            <\/div>\r\n        <\/div>\r\n\t\t\t<style scoped=\"scoped\">\r\n        #un-icon-box-5 .un-icon{ background: #b11f24}#un-icon-box-5 .un-icon:hover{ background: #222222}#un-icon-box-5 .media-heading{ color: #222222}#un-icon-box-5 .media-body p{ color: #444444}        <\/style>\r\n    <\/div><\/div><\/div><div class=\"wpb_column vc_column_container vc_col-sm-4\"><div class=\"vc_column-inner\"><div class=\"wpb_wrapper\">    \t<div id=\"un-icon-box-6\" class=\"media un-icon-box light wpb_bottom-to-top wpb_animate_when_almost_visible\" data-delay=\"0.45\">\r\n            <div class=\"pull-left\">\r\n            \t                <div class=\"un-icon\">\r\n                \t<i class=\"fa fa-language\"><\/i>\r\n                <\/div>\r\n                            <\/div>\r\n            <div class=\"media-body\">\r\n                <h4 class=\"media-heading\">\u2026para los idiomas,<\/h4><p>una instituci\u00f3n triling\u00fce completa que ofrece un programa acad\u00e9mico \nen ingl\u00e9s, espa\u00f1ol y chino (mandar\u00edn) en un entorno nativo.<\/p>            <\/div>\r\n        <\/div>\r\n\t\t\t<style scoped=\"scoped\">\r\n        #un-icon-box-6 .un-icon{ background: #b11f24}#un-icon-box-6 .un-icon:hover{ background: #222222}#un-icon-box-6 .media-heading{ color: #222222}#un-icon-box-6 .media-body p{ color: #444444}        <\/style>\r\n    <\/div><\/div><\/div><\/div><div class=\"vc_row wpb_row vc_inner vc_row-fluid\"><div class=\"wpb_column vc_column_container vc_col-sm-12\"><div class=\"vc_column-inner\"><div class=\"wpb_wrapper\"><div class=\"vc_empty_space\"   style=\"height: 20px\"><span class=\"vc_empty_space_inner\"><\/span><\/div><\/div><\/div><\/div><\/div><\/div><\/div><\/div><\/div>    \t\t\t<\/div><!--\/u_row-->\r\n\t\t\t<div class=\"u_row\">\r\n        \t<div class=\"vc_row wpb_row vc_row-fluid\"><div class=\"AboutUs-box wpb_animate_when_almost_visible wpb_fadeInLeft fadeInLeft wpb_column vc_column_container vc_col-sm-6\"><div class=\"vc_column-inner\"><div class=\"wpb_wrapper\">\n\t<div class=\"wpb_text_column wpb_content_element  vc_custom_1653718101435 AboutUs-text\" >\n\t\t<div class=\"wpb_wrapper\">\n\t\t\t<h3><span style=\"color: #ffffff;\">Sobre nosotros<\/span><\/h3>\n<h4 class=\"aboutus-h4\"><span style=\"color: rgba(255,255,255,.75);\"><span dir=\"ltr\" role=\"presentation\">SPIS promueve un entorno de aprendizaje activo dentro y fuera del aula <\/span><span dir=\"ltr\" role=\"presentation\">lo cual fomenta el desarrollo de una mente \ninnovadora y cr\u00edtica que capacita a nuestros alumnos a expresar libremente sus ideas, <\/span><span dir=\"ltr\" role=\"presentation\">orientar sus acciones hacia objetivos claros y trabajar eficazmente con otros en un mundo plural\uff0c <\/span><span dir=\"ltr\" role=\"presentation\">global e interactivo.<\/span><span dir=\"ltr\" role=\"presentation\">.<\/span><\/span><\/h4>\n\n\t\t<\/div>\n\t<\/div>\n<\/div><\/div><\/div><div class=\"wpb_animate_when_almost_visible wpb_fadeInRight fadeInRight wpb_column vc_column_container vc_col-sm-6 vc_col-has-fill\"><div class=\"vc_column-inner vc_custom_1492753089259\"><div class=\"wpb_wrapper\">\n\t<div class=\"wpb_text_column wpb_content_element  vc_custom_1590472649440 wpb_wrapper-text\" >\n\t\t<div class=\"wpb_wrapper\">\n\t\t\t<p><img loading=\"lazy\" decoding=\"async\" class=\"alignnone wp-image-3463 size-large\" src=\"https:\/\/sshk.edu.hk\/wp-content\/uploads\/2020\/05\/School-exterior-1024x768.jpg\" alt=\"\" width=\"900\" height=\"675\" srcset=\"https:\/\/sshk.edu.hk\/wp-content\/uploads\/2020\/05\/School-exterior-1024x768.jpg 1024w, https:\/\/sshk.edu.hk\/wp-content\/uploads\/2020\/05\/School-exterior-300x225.jpg 300w, https:\/\/sshk.edu.hk\/wp-content\/uploads\/2020\/05\/School-exterior-768x576.jpg 768w, https:\/\/sshk.edu.hk\/wp-content\/uploads\/2020\/05\/School-exterior-255x191.jpg 255w, https:\/\/sshk.edu.hk\/wp-content\/uploads\/2020\/05\/School-exterior.jpg 1268w\" sizes=\"auto, (max-width: 900px) 100vw, 900px\" \/><\/p>\n\n\t\t<\/div>\n\t<\/div>\n<\/div><\/div><\/div><\/div>    \t\t\t<\/div><!--\/u_row-->\r\n\t\t\t<div class=\"u_row\">\r\n        \t<div class=\"vc_row wpb_row vc_row-fluid\"><div class=\"wpb_column vc_column_container vc_col-sm-12\"><div class=\"vc_column-inner\"><div class=\"wpb_wrapper\"><div class=\"vc_empty_space\"   style=\"height: 32px\"><span class=\"vc_empty_space_inner\"><\/span><\/div><\/div><\/div><\/div><\/div>    \t\t\t<\/div><!--\/u_row-->\r\n\t\t\t<div class=\"u_row\">\r\n        \t<div class=\"vc_row wpb_row vc_row-fluid vc_custom_1490608844560 vc_row-has-fill\"><div class=\"wpb_column vc_column_container vc_col-sm-12\"><div class=\"vc_column-inner vc_custom_1490578429646\"><div class=\"wpb_wrapper\"><div class=\"vc_empty_space\"   style=\"height: 12px\"><span class=\"vc_empty_space_inner\"><\/span><\/div>\n\t<div class=\"wpb_text_column wpb_content_element  vc_custom_1492752818825\" >\n\t\t<div class=\"wpb_wrapper\">\n\t\t\t<h2 style=\"text-align: center;\"><span style=\"color: #253b80;\">Los cinco p\u00e9talos representan cinco valores que apreciamos y defendemos en SPIS<\/span><\/h2>\n<h3 style=\"text-align: center;\">Bondad, honestidad, humildad, respeto y compromiso<\/h3>\n<p style=\"text-align: center;\"><img loading=\"lazy\" decoding=\"async\" class=\"alignnone size-full wp-image-3331\" style=\"border: none;\" src=\"https:\/\/sshk.edu.hk\/wp-content\/uploads\/2017\/03\/cropped-favicon.png\" alt=\"\" width=\"50\" height=\"50\" \/><\/p>\n<h4 style=\"text-align: center;\" class=\"translation-block\">La convergencia de los cinco valores nos une como una gran \nfamilia.<\/h4>\n\n\t\t<\/div>\n\t<\/div>\n<\/div><\/div><\/div><\/div>    \t\t\t<\/div><!--\/u_row-->\r\n\t<\/p>\n<\/section>","protected":false},"excerpt":{"rendered":"Welcome to a world of Possibilities... ...for learning.We strive to inspire the spirit of inquiry in our students and the development of positive attitudes. \u2026for knowledge.An educational offer with flexible options and methodology that combines scientific rigor with research and experimentation. \u2026for development in leadership,talent management, teamwork &amp; communication skills. \u2026for coexistence.Sharing spaces and time [...]","protected":false},"author":7,"featured_media":0,"parent":0,"menu_order":0,"comment_status":"open","ping_status":"closed","template":"page-templates\/front-page.php","meta":{"footnotes":""},"class_list":["post-3625","page","type-page","status-publish","hentry"],"yoast_head":"<!-- This site is optimized with the Yoast SEO plugin v24.6 - https:\/\/yoast.com\/wordpress\/plugins\/seo\/ -->\n<title>Spanish Primary School in Hong Kong<\/title>\n<meta name=\"description\" content=\"SPIS promotes an active learning environment, inside and outside the classroom, which encourages the development of innovative and critical mind.\" \/>\n<meta name=\"robots\" content=\"index, follow, max-snippet:-1, max-image-preview:large, max-video-preview:-1\" \/>\n<link rel=\"canonical\" href=\"https:\/\/sshk.edu.hk\/es\/home-2022\/\" \/>\n<meta property=\"og:locale\" content=\"es_ES\" \/>\n<meta property=\"og:type\" content=\"article\" \/>\n<meta property=\"og:title\" content=\"Spanish Primary School in Hong Kong\" \/>\n<meta property=\"og:description\" content=\"SPIS promotes an active learning environment, inside and outside the classroom, which encourages the development of innovative and critical mind.\" \/>\n<meta property=\"og:url\" content=\"https:\/\/sshk.edu.hk\/es\/home-2022\/\" \/>\n<meta property=\"og:site_name\" content=\"Spanish School of Hong Kong\" \/>\n<meta property=\"article:publisher\" content=\"https:\/\/www.facebook.com\/SPISHK\/\" \/>\n<meta property=\"og:image\" content=\"https:\/\/sshk.edu.hk\/wp-content\/uploads\/2020\/05\/School-exterior-1024x768.jpg\" \/>\n<meta name=\"twitter:card\" content=\"summary_large_image\" \/>\n<meta name=\"twitter:label1\" content=\"Tiempo de lectura\" \/>\n\t<meta name=\"twitter:data1\" content=\"2 minutos\" \/>\n<script type=\"application\/ld+json\" class=\"yoast-schema-graph\">{\"@context\":\"https:\/\/schema.org\",\"@graph\":[{\"@type\":\"WebPage\",\"@id\":\"https:\/\/sshk.edu.hk\/home-2022\/\",\"url\":\"https:\/\/sshk.edu.hk\/home-2022\/\",\"name\":\"Spanish Primary School in Hong Kong\",\"isPartOf\":{\"@id\":\"https:\/\/sshk.edu.hk\/#website\"},\"primaryImageOfPage\":{\"@id\":\"https:\/\/sshk.edu.hk\/home-2022\/#primaryimage\"},\"image\":{\"@id\":\"https:\/\/sshk.edu.hk\/home-2022\/#primaryimage\"},\"thumbnailUrl\":\"https:\/\/sshk.edu.hk\/wp-content\/uploads\/2020\/05\/School-exterior-1024x768.jpg\",\"datePublished\":\"2022-12-14T16:57:45+00:00\",\"description\":\"SPIS promotes an active learning environment, inside and outside the classroom, which encourages the development of innovative and critical mind.\",\"breadcrumb\":{\"@id\":\"https:\/\/sshk.edu.hk\/home-2022\/#breadcrumb\"},\"inLanguage\":\"es\",\"potentialAction\":[{\"@type\":\"ReadAction\",\"target\":[\"https:\/\/sshk.edu.hk\/home-2022\/\"]}]},{\"@type\":\"ImageObject\",\"inLanguage\":\"es\",\"@id\":\"https:\/\/sshk.edu.hk\/home-2022\/#primaryimage\",\"url\":\"https:\/\/sshk.edu.hk\/wp-content\/uploads\/2020\/05\/School-exterior-1024x768.jpg\",\"contentUrl\":\"https:\/\/sshk.edu.hk\/wp-content\/uploads\/2020\/05\/School-exterior-1024x768.jpg\"},{\"@type\":\"BreadcrumbList\",\"@id\":\"https:\/\/sshk.edu.hk\/home-2022\/#breadcrumb\",\"itemListElement\":[{\"@type\":\"ListItem\",\"position\":1,\"name\":\"Home\",\"item\":\"https:\/\/sshk.edu.hk\/\"},{\"@type\":\"ListItem\",\"position\":2,\"name\":\"Home 2022\"}]},{\"@type\":\"WebSite\",\"@id\":\"https:\/\/sshk.edu.hk\/#website\",\"url\":\"https:\/\/sshk.edu.hk\/\",\"name\":\"Spanish Primary School\",\"description\":\"Welcome to a world of possibilities &amp; opportunities\u2026\",\"potentialAction\":[{\"@type\":\"SearchAction\",\"target\":{\"@type\":\"EntryPoint\",\"urlTemplate\":\"https:\/\/sshk.edu.hk\/?s={search_term_string}\"},\"query-input\":{\"@type\":\"PropertyValueSpecification\",\"valueRequired\":true,\"valueName\":\"search_term_string\"}}],\"inLanguage\":\"es\"}]}<\/script>\n<!-- \/ Yoast SEO plugin. -->","yoast_head_json":{"title":"Spanish Primary School in Hong Kong","description":"SPIS promotes an active learning environment, inside and outside the classroom, which encourages the development of innovative and critical mind.","robots":{"index":"index","follow":"follow","max-snippet":"max-snippet:-1","max-image-preview":"max-image-preview:large","max-video-preview":"max-video-preview:-1"},"canonical":"https:\/\/sshk.edu.hk\/es\/home-2022\/","og_locale":"es_ES","og_type":"article","og_title":"Spanish Primary School in Hong Kong","og_description":"SPIS promotes an active learning environment, inside and outside the classroom, which encourages the development of innovative and critical mind.","og_url":"https:\/\/sshk.edu.hk\/es\/home-2022\/","og_site_name":"Spanish School of Hong Kong","article_publisher":"https:\/\/www.facebook.com\/SPISHK\/","og_image":[{"url":"https:\/\/sshk.edu.hk\/wp-content\/uploads\/2020\/05\/School-exterior-1024x768.jpg","type":"","width":"","height":""}],"twitter_card":"summary_large_image","twitter_misc":{"Tiempo de lectura":"2 minutos"},"schema":{"@context":"https:\/\/schema.org","@graph":[{"@type":"WebPage","@id":"https:\/\/sshk.edu.hk\/home-2022\/","url":"https:\/\/sshk.edu.hk\/home-2022\/","name":"Spanish Primary School in Hong Kong","isPartOf":{"@id":"https:\/\/sshk.edu.hk\/#website"},"primaryImageOfPage":{"@id":"https:\/\/sshk.edu.hk\/home-2022\/#primaryimage"},"image":{"@id":"https:\/\/sshk.edu.hk\/home-2022\/#primaryimage"},"thumbnailUrl":"https:\/\/sshk.edu.hk\/wp-content\/uploads\/2020\/05\/School-exterior-1024x768.jpg","datePublished":"2022-12-14T16:57:45+00:00","description":"SPIS promotes an active learning environment, inside and outside the classroom, which encourages the development of innovative and critical mind.","breadcrumb":{"@id":"https:\/\/sshk.edu.hk\/home-2022\/#breadcrumb"},"inLanguage":"es","potentialAction":[{"@type":"ReadAction","target":["https:\/\/sshk.edu.hk\/home-2022\/"]}]},{"@type":"ImageObject","inLanguage":"es","@id":"https:\/\/sshk.edu.hk\/home-2022\/#primaryimage","url":"https:\/\/sshk.edu.hk\/wp-content\/uploads\/2020\/05\/School-exterior-1024x768.jpg","contentUrl":"https:\/\/sshk.edu.hk\/wp-content\/uploads\/2020\/05\/School-exterior-1024x768.jpg"},{"@type":"BreadcrumbList","@id":"https:\/\/sshk.edu.hk\/home-2022\/#breadcrumb","itemListElement":[{"@type":"ListItem","position":1,"name":"Home","item":"https:\/\/sshk.edu.hk\/"},{"@type":"ListItem","position":2,"name":"Home 2022"}]},{"@type":"WebSite","@id":"https:\/\/sshk.edu.hk\/#website","url":"https:\/\/sshk.edu.hk\/","name":"Spanish Primary School","description":"Welcome to a world of possibilities &amp; opportunities\u2026","potentialAction":[{"@type":"SearchAction","target":{"@type":"EntryPoint","urlTemplate":"https:\/\/sshk.edu.hk\/?s={search_term_string}"},"query-input":{"@type":"PropertyValueSpecification","valueRequired":true,"valueName":"search_term_string"}}],"inLanguage":"es"}]}},"_links":{"self":[{"href":"https:\/\/sshk.edu.hk\/es\/wp-json\/wp\/v2\/pages\/3625","targetHints":{"allow":["GET"]}}],"collection":[{"href":"https:\/\/sshk.edu.hk\/es\/wp-json\/wp\/v2\/pages"}],"about":[{"href":"https:\/\/sshk.edu.hk\/es\/wp-json\/wp\/v2\/types\/page"}],"author":[{"embeddable":true,"href":"https:\/\/sshk.edu.hk\/es\/wp-json\/wp\/v2\/users\/7"}],"replies":[{"embeddable":true,"href":"https:\/\/sshk.edu.hk\/es\/wp-json\/wp\/v2\/comments?post=3625"}],"version-history":[{"count":1,"href":"https:\/\/sshk.edu.hk\/es\/wp-json\/wp\/v2\/pages\/3625\/revisions"}],"predecessor-version":[{"id":3626,"href":"https:\/\/sshk.edu.hk\/es\/wp-json\/wp\/v2\/pages\/3625\/revisions\/3626"}],"wp:attachment":[{"href":"https:\/\/sshk.edu.hk\/es\/wp-json\/wp\/v2\/media?parent=3625"}],"curies":[{"name":"wp","href":"https:\/\/api.w.org\/{rel}","templated":true}]}}