{"id":3536,"date":"2022-05-28T08:31:10","date_gmt":"2022-05-28T00:31:10","guid":{"rendered":"https:\/\/sshk.edu.hk\/?page_id=3536"},"modified":"2024-04-11T18:54:52","modified_gmt":"2024-04-11T10:54:52","slug":"tuition-grant-scheme","status":"publish","type":"page","link":"https:\/\/sshk.edu.hk\/es\/tuition-grant-scheme\/","title":{"rendered":"Ayudas para la matr\u00edcula"},"content":{"rendered":"<section class=\"wpb-content-wrapper\">\t\t<div class=\"u_row\">\r\n        \t<div class=\"vc_row wpb_row vc_row-fluid\"><div class=\"wpb_column vc_column_container vc_col-sm-8\"><div class=\"vc_column-inner\"><div class=\"wpb_wrapper\">\n\t<div class=\"wpb_text_column wpb_content_element\" >\n\t\t<div class=\"wpb_wrapper\">\n\t\t\t<h3><span style=\"color: #253b80;\">Beneficios en la matr\u00edcula para hispanohablantes\u00a0<\/span><\/h3>\n<p style=\"text-align: left;\" class=\"translation-block\">Con motivo de apoyar a la comunidad espa\u00f1ola e hispana en Hong Kong, SSHK ofrecer\u00e1 beneficios en la matr\u00edcula a ciudadanos espa\u00f1oles e hispanos que se inscriban en el colegio.<\/p>\n<p><span dir=\"ltr\" role=\"presentation\">La beca dar\u00e1 derecho a los hablantes nativos de espa\u00f1ol a subvencionar el pago de las tasas de matr\u00edcula anuales del Programa Primario.\u00a0<\/span><\/p>\n<p class=\"translation-block\">Consulte a continuaci\u00f3n las condiciones y los criterios de \nelegibilidad y, si tiene m\u00e1s \npreguntas, comun\u00edquese mediante el correo electr\u00f3nico: <a href=\"mailto:admissions@sshk.edu.hk\" target=\"_self\"><span dir=\"ltr\" role=\"presentation\">admissions@sshk.edu.hk<\/span><\/a><\/p>\n<p><strong><span dir=\"ltr\" role=\"presentation\">Condiciones:<\/span><\/strong><\/p>\n<ul>\n<li class=\"translation-block\">Los solicitantes deben completar el formulario de Solicitud de dicho beneficio<\/li>\n<li class=\"translation-block\">Los solicitantes deben ser hablantes nativos de espa\u00f1ol, procedentes de Espa\u00f1a o \npa\u00edses hispanos<\/li>\n<li class=\"translation-block\">Los estudiantes que reciban el beneficio en la matr\u00edcula no disfrutar\u00e1n de \ndescuento entre hermanos<\/li>\n<li><span dir=\"ltr\" role=\"presentation\">El beneficio en la matr\u00edcula solo cubre la cuota mensual<\/span><\/li>\n<\/ul>\n<p><strong><span dir=\"ltr\" role=\"presentation\">Criterios de selecci\u00f3n:<\/span><\/strong><\/p>\n<ul>\n<li class=\"translation-block\">El solicitante debe ser titular de pasaporte de Espa\u00f1a o pa\u00edses \nhispanos. Incluyendo  los siguientes: Argentina, Bolivia, Chile, \nColombia, Costa Rica, Cuba, Rep\u00fablica Dominicana, Ecuador, El \nSalvador, Guinea Ecuatorial, Guatemala, Guinea Ecuatorial, \nHonduras, M\u00e9xico, Nicaragua, Panam\u00e1, Paraguay, Per\u00fa, Puerto Rico,\nEspa\u00f1a, Uruguay y Venezuela.<\/li>\n<\/ul>\n\n\t\t<\/div>\n\t<\/div>\n<\/div><\/div><\/div><div class=\"sidebar wpb_column vc_column_container vc_col-sm-4\"><div class=\"vc_column-inner\"><div class=\"wpb_wrapper\"><div  class=\"vc_wp_custommenu wpb_content_element\"><div class=\"widget widget_nav_menu\"><h2 class=\"widgettitle\">Admisiones<\/h2><div class=\"menu-admissions-container\"><ul id=\"menu-admissions\" class=\"menu\"><li id=\"menu-item-3143\" class=\"menu-item menu-item-type-post_type menu-item-object-page menu-item-3143\"><a href=\"https:\/\/sshk.edu.hk\/es\/admissionprocess\/\">Proceso de Admisi\u00f3n<\/a><\/li>\n<li id=\"menu-item-3422\" class=\"menu-item menu-item-type-post_type menu-item-object-page menu-item-3422\"><a href=\"https:\/\/sshk.edu.hk\/es\/schoolfees\/\">Tarifas del colegio<\/a><\/li>\n<li id=\"menu-item-3161\" class=\"menu-item menu-item-type-post_type menu-item-object-page menu-item-3161\"><a href=\"https:\/\/sshk.edu.hk\/es\/applicationonline\/\">Solicitud en l\u00ednea<\/a><\/li>\n<li id=\"menu-item-3538\" class=\"menu-item menu-item-type-post_type menu-item-object-page menu-item-3538\"><a href=\"https:\/\/sshk.edu.hk\/es\/tuition-grant-scheme\/\">Ayudas para la matr\u00edcula<\/a><\/li>\n<li id=\"menu-item-3660\" class=\"menu-item menu-item-type-post_type menu-item-object-page menu-item-3660\"><a href=\"https:\/\/sshk.edu.hk\/es\/scholarship-scheme\/\">Programa de becas<\/a><\/li>\n<\/ul><\/div><\/div><\/div><\/div><\/div><\/div><\/div>    \t\t\t<\/div><!--\/u_row-->\r\n\t\n<\/section>","protected":false},"excerpt":{"rendered":"Tuition Grant Scheme for Spanish Nationals\u00a0 To support the Spanish and Hispanic community in Hong Kong, SSHK\u00a0is offering a Tuition Grant Scheme for Spanish and Hispanic nationals who enrol in Spanish School of Hong Kong. The grant will entitle native Spanish speakers to subsidy of the annual tuition fees of the Primary Programme.\u00a0 Please see [...]","protected":false},"author":9,"featured_media":0,"parent":0,"menu_order":0,"comment_status":"closed","ping_status":"closed","template":"","meta":{"footnotes":""},"class_list":["post-3536","page","type-page","status-publish","hentry"],"yoast_head":"<!-- This site is optimized with the Yoast SEO plugin v24.6 - https:\/\/yoast.com\/wordpress\/plugins\/seo\/ -->\n<title>Tuition Grant Scheme - Spanish School of Hong Kong<\/title>\n<meta name=\"robots\" content=\"index, follow, max-snippet:-1, max-image-preview:large, max-video-preview:-1\" \/>\n<link rel=\"canonical\" href=\"https:\/\/sshk.edu.hk\/es\/tuition-grant-scheme\/\" \/>\n<meta property=\"og:locale\" content=\"es_ES\" \/>\n<meta property=\"og:type\" content=\"article\" \/>\n<meta property=\"og:title\" content=\"Tuition Grant Scheme - Spanish School of Hong Kong\" \/>\n<meta property=\"og:url\" content=\"https:\/\/sshk.edu.hk\/es\/tuition-grant-scheme\/\" \/>\n<meta property=\"og:site_name\" content=\"Spanish School of Hong Kong\" \/>\n<meta property=\"article:publisher\" content=\"https:\/\/www.facebook.com\/SPISHK\/\" \/>\n<meta property=\"article:modified_time\" content=\"2024-04-11T10:54:52+00:00\" \/>\n<meta property=\"og:image\" content=\"https:\/\/sshk.edu.hk\/wp-content\/uploads\/2017\/03\/COVER-SM-logo.png\" \/>\n<meta name=\"twitter:card\" content=\"summary_large_image\" \/>\n<meta name=\"twitter:label1\" content=\"Tiempo de lectura\" \/>\n\t<meta name=\"twitter:data1\" content=\"1 minuto\" \/>\n<script type=\"application\/ld+json\" class=\"yoast-schema-graph\">{\"@context\":\"https:\/\/schema.org\",\"@graph\":[{\"@type\":\"WebPage\",\"@id\":\"https:\/\/sshk.edu.hk\/tuition-grant-scheme\/\",\"url\":\"https:\/\/sshk.edu.hk\/tuition-grant-scheme\/\",\"name\":\"Tuition Grant Scheme - Spanish School of Hong Kong\",\"isPartOf\":{\"@id\":\"https:\/\/sshk.edu.hk\/#website\"},\"datePublished\":\"2022-05-28T00:31:10+00:00\",\"dateModified\":\"2024-04-11T10:54:52+00:00\",\"breadcrumb\":{\"@id\":\"https:\/\/sshk.edu.hk\/tuition-grant-scheme\/#breadcrumb\"},\"inLanguage\":\"es\",\"potentialAction\":[{\"@type\":\"ReadAction\",\"target\":[\"https:\/\/sshk.edu.hk\/tuition-grant-scheme\/\"]}]},{\"@type\":\"BreadcrumbList\",\"@id\":\"https:\/\/sshk.edu.hk\/tuition-grant-scheme\/#breadcrumb\",\"itemListElement\":[{\"@type\":\"ListItem\",\"position\":1,\"name\":\"Home\",\"item\":\"https:\/\/sshk.edu.hk\/\"},{\"@type\":\"ListItem\",\"position\":2,\"name\":\"Tuition Grant Scheme\"}]},{\"@type\":\"WebSite\",\"@id\":\"https:\/\/sshk.edu.hk\/#website\",\"url\":\"https:\/\/sshk.edu.hk\/\",\"name\":\"Spanish Primary School\",\"description\":\"Welcome to a world of possibilities &amp; opportunities\u2026\",\"potentialAction\":[{\"@type\":\"SearchAction\",\"target\":{\"@type\":\"EntryPoint\",\"urlTemplate\":\"https:\/\/sshk.edu.hk\/?s={search_term_string}\"},\"query-input\":{\"@type\":\"PropertyValueSpecification\",\"valueRequired\":true,\"valueName\":\"search_term_string\"}}],\"inLanguage\":\"es\"}]}<\/script>\n<!-- \/ Yoast SEO plugin. -->","yoast_head_json":{"title":"Tuition Grant Scheme - Spanish School of Hong Kong","robots":{"index":"index","follow":"follow","max-snippet":"max-snippet:-1","max-image-preview":"max-image-preview:large","max-video-preview":"max-video-preview:-1"},"canonical":"https:\/\/sshk.edu.hk\/es\/tuition-grant-scheme\/","og_locale":"es_ES","og_type":"article","og_title":"Tuition Grant Scheme - Spanish School of Hong Kong","og_url":"https:\/\/sshk.edu.hk\/es\/tuition-grant-scheme\/","og_site_name":"Spanish School of Hong Kong","article_publisher":"https:\/\/www.facebook.com\/SPISHK\/","article_modified_time":"2024-04-11T10:54:52+00:00","og_image":[{"url":"https:\/\/sshk.edu.hk\/wp-content\/uploads\/2017\/03\/COVER-SM-logo.png","type":"","width":"","height":""}],"twitter_card":"summary_large_image","twitter_misc":{"Tiempo de lectura":"1 minuto"},"schema":{"@context":"https:\/\/schema.org","@graph":[{"@type":"WebPage","@id":"https:\/\/sshk.edu.hk\/tuition-grant-scheme\/","url":"https:\/\/sshk.edu.hk\/tuition-grant-scheme\/","name":"Tuition Grant Scheme - Spanish School of Hong Kong","isPartOf":{"@id":"https:\/\/sshk.edu.hk\/#website"},"datePublished":"2022-05-28T00:31:10+00:00","dateModified":"2024-04-11T10:54:52+00:00","breadcrumb":{"@id":"https:\/\/sshk.edu.hk\/tuition-grant-scheme\/#breadcrumb"},"inLanguage":"es","potentialAction":[{"@type":"ReadAction","target":["https:\/\/sshk.edu.hk\/tuition-grant-scheme\/"]}]},{"@type":"BreadcrumbList","@id":"https:\/\/sshk.edu.hk\/tuition-grant-scheme\/#breadcrumb","itemListElement":[{"@type":"ListItem","position":1,"name":"Home","item":"https:\/\/sshk.edu.hk\/"},{"@type":"ListItem","position":2,"name":"Tuition Grant Scheme"}]},{"@type":"WebSite","@id":"https:\/\/sshk.edu.hk\/#website","url":"https:\/\/sshk.edu.hk\/","name":"Spanish Primary School","description":"Welcome to a world of possibilities &amp; opportunities\u2026","potentialAction":[{"@type":"SearchAction","target":{"@type":"EntryPoint","urlTemplate":"https:\/\/sshk.edu.hk\/?s={search_term_string}"},"query-input":{"@type":"PropertyValueSpecification","valueRequired":true,"valueName":"search_term_string"}}],"inLanguage":"es"}]}},"_links":{"self":[{"href":"https:\/\/sshk.edu.hk\/es\/wp-json\/wp\/v2\/pages\/3536","targetHints":{"allow":["GET"]}}],"collection":[{"href":"https:\/\/sshk.edu.hk\/es\/wp-json\/wp\/v2\/pages"}],"about":[{"href":"https:\/\/sshk.edu.hk\/es\/wp-json\/wp\/v2\/types\/page"}],"author":[{"embeddable":true,"href":"https:\/\/sshk.edu.hk\/es\/wp-json\/wp\/v2\/users\/9"}],"replies":[{"embeddable":true,"href":"https:\/\/sshk.edu.hk\/es\/wp-json\/wp\/v2\/comments?post=3536"}],"version-history":[{"count":8,"href":"https:\/\/sshk.edu.hk\/es\/wp-json\/wp\/v2\/pages\/3536\/revisions"}],"predecessor-version":[{"id":3764,"href":"https:\/\/sshk.edu.hk\/es\/wp-json\/wp\/v2\/pages\/3536\/revisions\/3764"}],"wp:attachment":[{"href":"https:\/\/sshk.edu.hk\/es\/wp-json\/wp\/v2\/media?parent=3536"}],"curies":[{"name":"wp","href":"https:\/\/api.w.org\/{rel}","templated":true}]}}