{"id":3406,"date":"2019-10-08T23:04:06","date_gmt":"2019-10-09T07:04:06","guid":{"rendered":"https:\/\/sshk.edu.hk\/?page_id=3406"},"modified":"2025-01-09T17:45:08","modified_gmt":"2025-01-09T09:45:08","slug":"primary-programme","status":"publish","type":"page","link":"https:\/\/sshk.edu.hk\/es\/primary-programme\/","title":{"rendered":"Programa"},"content":{"rendered":"<section class=\"wpb-content-wrapper\"><div class=\"u_row\">\r\n        \t<div class=\"vc_row wpb_row vc_row-fluid\"><div class=\"wpb_column vc_column_container vc_col-sm-8\"><div class=\"vc_column-inner\"><div class=\"wpb_wrapper\">\n\t<div class=\"wpb_text_column wpb_content_element\" >\n\t\t<div class=\"wpb_wrapper\">\n\t\t\t\n\t\t<\/div>\n\t<\/div>\n\n\t<div class=\"wpb_text_column wpb_content_element\" >\n\t\t<div class=\"wpb_wrapper\">\n\t\t\t<p><img loading=\"lazy\" decoding=\"async\" class=\"alignleft wp-image-3631 size-full\" src=\"https:\/\/sshk.edu.hk\/wp-content\/uploads\/2022\/12\/Lower-Primary.jpeg\" alt=\"\" width=\"954\" height=\"725\" srcset=\"https:\/\/sshk.edu.hk\/wp-content\/uploads\/2022\/12\/Lower-Primary.jpeg 954w, https:\/\/sshk.edu.hk\/wp-content\/uploads\/2022\/12\/Lower-Primary-300x228.jpeg 300w, https:\/\/sshk.edu.hk\/wp-content\/uploads\/2022\/12\/Lower-Primary-768x584.jpeg 768w, https:\/\/sshk.edu.hk\/wp-content\/uploads\/2022\/12\/Lower-Primary-16x12.jpeg 16w, https:\/\/sshk.edu.hk\/wp-content\/uploads\/2022\/12\/Lower-Primary-255x194.jpeg 255w\" sizes=\"auto, (max-width: 954px) 100vw, 954px\" \/><\/p>\n<p>&nbsp;<\/p>\n<p>SSHK sigue el plan de estudios de Cambridge con modificaciones para atender a las necesidades de nuestros alumnos y de la sociedad. Al ofrecer Cambridge, podemos proporcionar una educaci\u00f3n amplia y equilibrada a nuestros alumnos, ayud\u00e1ndoles a prosperar a lo largo de su escolaridad, trabajo y vida. Con cinco asignaturas troncales y cinco b\u00e1sicas, los alumnos encontrar\u00e1n muchas oportunidades para desarrollar la creatividad, la expresi\u00f3n y el bienestar de diversas maneras.<\/p>\n<p>Adem\u00e1s, ofrecemos Cambridge junto con el curr\u00edculo nacional de Madrid y el curr\u00edculo local. Los alumnos de SSHK pueden aprender espa\u00f1ol como primera lengua y chino como primera lengua. Tambi\u00e9n ofrecemos espa\u00f1ol y chino como lengua extranjera para los alumnos que no tienen conocimientos previos de estos dos idiomas. Las investigaciones demuestran que la educaci\u00f3n multiling\u00fce puede ayudar a los estudiantes a desarrollar una s\u00f3lida base ling\u00fc\u00edstica y fomentar su desarrollo intelectual a largo plazo.<\/p>\n\n\t\t<\/div>\n\t<\/div>\n<\/div><\/div><\/div><div class=\"wpb_column vc_column_container vc_col-sm-4\"><div class=\"vc_column-inner\"><div class=\"wpb_wrapper\"><div  class=\"vc_wp_custommenu wpb_content_element\"><div class=\"widget widget_nav_menu\"><h2 class=\"widgettitle\">para el aprendizaje<\/h2><div class=\"menu-programme-container\"><ul id=\"menu-programme\" class=\"menu\"><li id=\"menu-item-3096\" class=\"menu-item menu-item-type-post_type menu-item-object-page menu-item-3096\"><a href=\"https:\/\/sshk.edu.hk\/es\/learning-approach\/\">Enfoque del aprendizaje<\/a><\/li>\n<li id=\"menu-item-3114\" class=\"menu-item menu-item-type-post_type menu-item-object-page menu-item-3114\"><a href=\"https:\/\/sshk.edu.hk\/es\/curriculum\/\">Curriculum<\/a><\/li>\n<li id=\"menu-item-3427\" class=\"menu-item menu-item-type-post_type menu-item-object-page menu-item-3427\"><a href=\"https:\/\/sshk.edu.hk\/es\/primary-programme\/\">Programa<\/a><\/li>\n<\/ul><\/div><\/div><\/div><\/div><\/div><\/div><\/div>    \t\t\t<\/div><!--\/u_row-->\r\n\t\t\t<div class=\"u_row\">\r\n        \t<div class=\"vc_row wpb_row vc_row-fluid\"><div class=\"wpb_column vc_column_container vc_col-sm-12\"><div class=\"vc_column-inner\"><div class=\"wpb_wrapper\">\n\t<div class=\"wpb_text_column wpb_content_element\" >\n\t\t<div class=\"wpb_wrapper\">\n\t\t\t<h3><span style=\"color: #253b80;\">Descripci\u00f3n general del plan de estudios desde recepci\u00f3n hasta sexto a\u00f1o<\/span><\/h3>\n\n\t\t<\/div>\n\t<\/div>\n<div class=\"vc_row wpb_row vc_inner vc_row-fluid\"><div class=\"wpb_column vc_column_container vc_col-sm-4\"><div class=\"vc_column-inner\"><div class=\"wpb_wrapper\">\n\t<div class=\"wpb_text_column wpb_content_element\" >\n\t\t<div class=\"wpb_wrapper\">\n\t\t\t<p class=\"p1\"><span class=\"s2\"><b>Materias principales:<\/b><\/span><\/p>\n<ul class=\"ul1\">\n<li class=\"li1\"><span class=\"s2\">Ingl\u00e9s<\/span><\/li>\n<li class=\"li1\"><span class=\"s2\">Matem\u00e1ticas<\/span><\/li>\n<li class=\"li1\"><span class=\"s2\">Ciencia<\/span><\/li>\n<li class=\"li1\"><span class=\"s2\">Espa\u00f1ol<\/span><\/li>\n<li class=\"li1\"><span class=\"s2\">Chino<\/span><\/li>\n<\/ul>\n<p class=\"p1\"><span class=\"s2\"><b>Asignaturas no troncales:<\/b><\/span><\/p>\n<ul class=\"ul1\">\n<li class=\"li1\"><span class=\"s2\">Educaci\u00f3n f\u00edsica<\/span><\/li>\n<li class=\"li1\"><span class=\"s2\">M\u00fasica<\/span><\/li>\n<li class=\"li1\"><span class=\"s2\">Arte y dise\u00f1o<\/span><\/li>\n<li class=\"li1\"><span class=\"s2\">Computaci\u00f3n<\/span><\/li>\n<li class=\"li1\"><span class=\"s2\">Perspectiva global <\/span><\/li>\n<li class=\"li1\"><span class=\"s2\">Liderazgo<\/span><\/li>\n<\/ul>\n\n\t\t<\/div>\n\t<\/div>\n<\/div><\/div><\/div><div class=\"wpb_column vc_column_container vc_col-sm-4\"><div class=\"vc_column-inner\"><div class=\"wpb_wrapper\">\n\t<div  class=\"wpb_single_image wpb_content_element vc_align_left\">\n\t\t\n\t\t<figure class=\"wpb_wrapper vc_figure\">\n\t\t\t<a class=\"\" data-lightbox=\"lightbox[rel-3406-4241927550]\" href=\"https:\/\/sshk.edu.hk\/wp-content\/uploads\/2017\/03\/WhatsApp-Image-2025-01-09-at-4.57.50-PM-932x1024.jpeg\" target=\"_self\"><img loading=\"lazy\" decoding=\"async\" width=\"1457\" height=\"1600\" src=\"https:\/\/sshk.edu.hk\/wp-content\/uploads\/2017\/03\/WhatsApp-Image-2025-01-09-at-4.57.50-PM.jpeg\" class=\"vc_single_image-img attachment-full\" alt=\"\" title=\"New Programme Image\" srcset=\"https:\/\/sshk.edu.hk\/wp-content\/uploads\/2017\/03\/WhatsApp-Image-2025-01-09-at-4.57.50-PM.jpeg 1457w, https:\/\/sshk.edu.hk\/wp-content\/uploads\/2017\/03\/WhatsApp-Image-2025-01-09-at-4.57.50-PM-273x300.jpeg 273w, https:\/\/sshk.edu.hk\/wp-content\/uploads\/2017\/03\/WhatsApp-Image-2025-01-09-at-4.57.50-PM-932x1024.jpeg 932w, https:\/\/sshk.edu.hk\/wp-content\/uploads\/2017\/03\/WhatsApp-Image-2025-01-09-at-4.57.50-PM-768x843.jpeg 768w, https:\/\/sshk.edu.hk\/wp-content\/uploads\/2017\/03\/WhatsApp-Image-2025-01-09-at-4.57.50-PM-1399x1536.jpeg 1399w, https:\/\/sshk.edu.hk\/wp-content\/uploads\/2017\/03\/WhatsApp-Image-2025-01-09-at-4.57.50-PM-11x12.jpeg 11w, https:\/\/sshk.edu.hk\/wp-content\/uploads\/2017\/03\/WhatsApp-Image-2025-01-09-at-4.57.50-PM-255x280.jpeg 255w\" sizes=\"auto, (max-width: 1457px) 100vw, 1457px\" \/><\/a>\n\t\t<\/figure>\n\t<\/div>\n<\/div><\/div><\/div><div class=\"wpb_column vc_column_container vc_col-sm-4\"><div class=\"vc_column-inner\"><div class=\"wpb_wrapper\"><\/div><\/div><\/div><\/div><div class=\"vc_row wpb_row vc_inner vc_row-fluid\"><div class=\"wpb_column vc_column_container vc_col-sm-8\"><div class=\"vc_column-inner\"><div class=\"wpb_wrapper\">\n\t<div class=\"wpb_text_column wpb_content_element\" >\n\t\t<div class=\"wpb_wrapper\">\n\t\t\t<h3><span style=\"color: #253b80;\">Evaluaci\u00f3n<\/span><\/h3>\n<p>Para garantizar que el aprendizaje en SSHK sea agradable y eficaz al mismo tiempo, llevaremos a cabo evaluaciones a nuestros alumnos, cuando as\u00ed lo exija el plan de estudios, para comprobar que todos nuestros alumnos han alcanzado o incluso superado los objetivos del plan de estudios. Adem\u00e1s de las evaluaciones formativas y sumativas realizadas por los profesores y las pruebas de progreso de Cambridge para cada clase, tambi\u00e9n hay evaluaciones externas para ciertos grupos de a\u00f1o.<\/p>\n\n\t\t<\/div>\n\t<\/div>\n\n\t<div class=\"wpb_text_column wpb_content_element\" >\n\t\t<div class=\"wpb_wrapper\">\n\t\t\t<table width=\"599\">\n<tbody>\n<tr>\n<td width=\"85\"><strong><u>Edad<\/u><\/strong><\/td>\n<td width=\"135\"><strong><u>A\u00f1o<\/u><\/strong><\/td>\n<td width=\"113\"><strong><u>Etapa<\/u><\/strong><\/td>\n<td width=\"266\"><strong><u>Evaluaci\u00f3n<\/u><\/strong><\/td>\n<\/tr>\n<tr>\n<td width=\"85\">6 +<\/td>\n<td width=\"135\">A\u00f1o 2 y arr\u00edba<\/td>\n<td width=\"113\">KS 1 y<\/p>\n<p>KS 2<\/td>\n<td width=\"266\">Cambridge Baseline Assessment<\/td>\n<\/tr>\n<tr>\n<td width=\"85\">8 +<\/td>\n<td width=\"135\">A\u00f1o 4 y arr\u00edba<\/td>\n<td width=\"113\">KS 2 to Ks 4<\/td>\n<td width=\"266\">Cambridge Well-Being Assessment<\/td>\n<\/tr>\n<tr>\n<td width=\"85\">10-11<\/td>\n<td width=\"135\">A\u00f1o 6<\/td>\n<td width=\"113\">KS 2<\/td>\n<td width=\"266\">Cambridge Primary\u00a0Checkpoint<br \/>\nassessments in English, Maths,<br \/>\nScience and Global Perspectives<\/td>\n<\/tr>\n<tr>\n<td width=\"85\">11 +<\/td>\n<td width=\"135\">A\u00f1o 7 y arr\u00edba<\/td>\n<td width=\"113\">KS 3 y<\/p>\n<p>KS 4<\/td>\n<td width=\"266\">Cambridge MidYIS Assessment<\/td>\n<\/tr>\n<tr>\n<td width=\"85\">13-14<\/td>\n<td width=\"135\">A\u00f1o 9<\/td>\n<td width=\"113\">KS 3<\/td>\n<td width=\"266\">Cambridge Secondary\u00a0Checkpoint<br \/>\nassessments in English, Maths,<br \/>\nScience and Global Perspectives<\/td>\n<\/tr>\n<tr>\n<td width=\"85\">15-16<\/td>\n<td width=\"135\">A\u00f1o 11<\/td>\n<td width=\"113\">KS 4<\/td>\n<td width=\"266\">Cambridge IGCSE Examinations<\/td>\n<\/tr>\n<tr>\n<td width=\"85\">16-18<\/td>\n<td width=\"135\">A\u00f1o 12 y 13<\/td>\n<td width=\"113\">KS 5<\/td>\n<td width=\"266\">Cambridge International AS and A Level<\/td>\n<\/tr>\n<\/tbody>\n<\/table>\n\n\t\t<\/div>\n\t<\/div>\n<\/div><\/div><\/div><div class=\"wpb_column vc_column_container vc_col-sm-4\"><div class=\"vc_column-inner\"><div class=\"wpb_wrapper\"><\/div><\/div><\/div><\/div><\/div><\/div><\/div><\/div>    \t\t\t<\/div><!--\/u_row-->\r\n\t<\/p>\n<\/section>","protected":false},"excerpt":{"rendered":"&nbsp; SSHK follows the Cambridge International Curriculum with modifications to cater to the needs of our students and society. By offering the Cambridge International Curriculum, we can provide a broad and balanced education for our students, helping them to thrive throughout their schooling, work, and life. With five core subjects and five foundation subjects, students [...]","protected":false},"author":5,"featured_media":0,"parent":0,"menu_order":0,"comment_status":"closed","ping_status":"closed","template":"","meta":{"footnotes":""},"class_list":["post-3406","page","type-page","status-publish","hentry"],"yoast_head":"<!-- This site is optimized with the Yoast SEO plugin v24.6 - https:\/\/yoast.com\/wordpress\/plugins\/seo\/ -->\n<title>Programme - Spanish School of Hong Kong<\/title>\n<meta name=\"robots\" content=\"index, follow, max-snippet:-1, max-image-preview:large, max-video-preview:-1\" \/>\n<link rel=\"canonical\" href=\"https:\/\/sshk.edu.hk\/es\/primary-programme\/\" \/>\n<meta property=\"og:locale\" content=\"es_ES\" \/>\n<meta property=\"og:type\" content=\"article\" \/>\n<meta property=\"og:title\" content=\"Programme - Spanish School of Hong Kong\" \/>\n<meta property=\"og:url\" content=\"https:\/\/sshk.edu.hk\/es\/primary-programme\/\" \/>\n<meta property=\"og:site_name\" content=\"Spanish School of Hong Kong\" \/>\n<meta property=\"article:publisher\" content=\"https:\/\/www.facebook.com\/SPISHK\/\" \/>\n<meta property=\"article:modified_time\" content=\"2025-01-09T09:45:08+00:00\" \/>\n<meta property=\"og:image\" content=\"https:\/\/sshk.edu.hk\/wp-content\/uploads\/2022\/12\/Lower-Primary.jpeg\" \/>\n<meta name=\"twitter:card\" content=\"summary_large_image\" \/>\n<meta name=\"twitter:label1\" content=\"Tiempo de lectura\" \/>\n\t<meta name=\"twitter:data1\" content=\"4 minutos\" \/>\n<script type=\"application\/ld+json\" class=\"yoast-schema-graph\">{\"@context\":\"https:\/\/schema.org\",\"@graph\":[{\"@type\":\"WebPage\",\"@id\":\"https:\/\/sshk.edu.hk\/primary-programme\/\",\"url\":\"https:\/\/sshk.edu.hk\/primary-programme\/\",\"name\":\"Programme - Spanish School of Hong Kong\",\"isPartOf\":{\"@id\":\"https:\/\/sshk.edu.hk\/#website\"},\"primaryImageOfPage\":{\"@id\":\"https:\/\/sshk.edu.hk\/primary-programme\/#primaryimage\"},\"image\":{\"@id\":\"https:\/\/sshk.edu.hk\/primary-programme\/#primaryimage\"},\"thumbnailUrl\":\"https:\/\/sshk.edu.hk\/wp-content\/uploads\/2022\/12\/Lower-Primary.jpeg\",\"datePublished\":\"2019-10-09T07:04:06+00:00\",\"dateModified\":\"2025-01-09T09:45:08+00:00\",\"breadcrumb\":{\"@id\":\"https:\/\/sshk.edu.hk\/primary-programme\/#breadcrumb\"},\"inLanguage\":\"es\",\"potentialAction\":[{\"@type\":\"ReadAction\",\"target\":[\"https:\/\/sshk.edu.hk\/primary-programme\/\"]}]},{\"@type\":\"ImageObject\",\"inLanguage\":\"es\",\"@id\":\"https:\/\/sshk.edu.hk\/primary-programme\/#primaryimage\",\"url\":\"https:\/\/sshk.edu.hk\/wp-content\/uploads\/2022\/12\/Lower-Primary.jpeg\",\"contentUrl\":\"https:\/\/sshk.edu.hk\/wp-content\/uploads\/2022\/12\/Lower-Primary.jpeg\"},{\"@type\":\"BreadcrumbList\",\"@id\":\"https:\/\/sshk.edu.hk\/primary-programme\/#breadcrumb\",\"itemListElement\":[{\"@type\":\"ListItem\",\"position\":1,\"name\":\"Home\",\"item\":\"https:\/\/sshk.edu.hk\/\"},{\"@type\":\"ListItem\",\"position\":2,\"name\":\"Programme\"}]},{\"@type\":\"WebSite\",\"@id\":\"https:\/\/sshk.edu.hk\/#website\",\"url\":\"https:\/\/sshk.edu.hk\/\",\"name\":\"Spanish Primary School\",\"description\":\"Welcome to a world of possibilities &amp; opportunities\u2026\",\"potentialAction\":[{\"@type\":\"SearchAction\",\"target\":{\"@type\":\"EntryPoint\",\"urlTemplate\":\"https:\/\/sshk.edu.hk\/?s={search_term_string}\"},\"query-input\":{\"@type\":\"PropertyValueSpecification\",\"valueRequired\":true,\"valueName\":\"search_term_string\"}}],\"inLanguage\":\"es\"}]}<\/script>\n<!-- \/ Yoast SEO plugin. -->","yoast_head_json":{"title":"Programme - Spanish School of Hong Kong","robots":{"index":"index","follow":"follow","max-snippet":"max-snippet:-1","max-image-preview":"max-image-preview:large","max-video-preview":"max-video-preview:-1"},"canonical":"https:\/\/sshk.edu.hk\/es\/primary-programme\/","og_locale":"es_ES","og_type":"article","og_title":"Programme - Spanish School of Hong Kong","og_url":"https:\/\/sshk.edu.hk\/es\/primary-programme\/","og_site_name":"Spanish School of Hong Kong","article_publisher":"https:\/\/www.facebook.com\/SPISHK\/","article_modified_time":"2025-01-09T09:45:08+00:00","og_image":[{"url":"https:\/\/sshk.edu.hk\/wp-content\/uploads\/2022\/12\/Lower-Primary.jpeg","type":"","width":"","height":""}],"twitter_card":"summary_large_image","twitter_misc":{"Tiempo de lectura":"4 minutos"},"schema":{"@context":"https:\/\/schema.org","@graph":[{"@type":"WebPage","@id":"https:\/\/sshk.edu.hk\/primary-programme\/","url":"https:\/\/sshk.edu.hk\/primary-programme\/","name":"Programme - Spanish School of Hong Kong","isPartOf":{"@id":"https:\/\/sshk.edu.hk\/#website"},"primaryImageOfPage":{"@id":"https:\/\/sshk.edu.hk\/primary-programme\/#primaryimage"},"image":{"@id":"https:\/\/sshk.edu.hk\/primary-programme\/#primaryimage"},"thumbnailUrl":"https:\/\/sshk.edu.hk\/wp-content\/uploads\/2022\/12\/Lower-Primary.jpeg","datePublished":"2019-10-09T07:04:06+00:00","dateModified":"2025-01-09T09:45:08+00:00","breadcrumb":{"@id":"https:\/\/sshk.edu.hk\/primary-programme\/#breadcrumb"},"inLanguage":"es","potentialAction":[{"@type":"ReadAction","target":["https:\/\/sshk.edu.hk\/primary-programme\/"]}]},{"@type":"ImageObject","inLanguage":"es","@id":"https:\/\/sshk.edu.hk\/primary-programme\/#primaryimage","url":"https:\/\/sshk.edu.hk\/wp-content\/uploads\/2022\/12\/Lower-Primary.jpeg","contentUrl":"https:\/\/sshk.edu.hk\/wp-content\/uploads\/2022\/12\/Lower-Primary.jpeg"},{"@type":"BreadcrumbList","@id":"https:\/\/sshk.edu.hk\/primary-programme\/#breadcrumb","itemListElement":[{"@type":"ListItem","position":1,"name":"Home","item":"https:\/\/sshk.edu.hk\/"},{"@type":"ListItem","position":2,"name":"Programme"}]},{"@type":"WebSite","@id":"https:\/\/sshk.edu.hk\/#website","url":"https:\/\/sshk.edu.hk\/","name":"Spanish Primary School","description":"Welcome to a world of possibilities &amp; opportunities\u2026","potentialAction":[{"@type":"SearchAction","target":{"@type":"EntryPoint","urlTemplate":"https:\/\/sshk.edu.hk\/?s={search_term_string}"},"query-input":{"@type":"PropertyValueSpecification","valueRequired":true,"valueName":"search_term_string"}}],"inLanguage":"es"}]}},"_links":{"self":[{"href":"https:\/\/sshk.edu.hk\/es\/wp-json\/wp\/v2\/pages\/3406","targetHints":{"allow":["GET"]}}],"collection":[{"href":"https:\/\/sshk.edu.hk\/es\/wp-json\/wp\/v2\/pages"}],"about":[{"href":"https:\/\/sshk.edu.hk\/es\/wp-json\/wp\/v2\/types\/page"}],"author":[{"embeddable":true,"href":"https:\/\/sshk.edu.hk\/es\/wp-json\/wp\/v2\/users\/5"}],"replies":[{"embeddable":true,"href":"https:\/\/sshk.edu.hk\/es\/wp-json\/wp\/v2\/comments?post=3406"}],"version-history":[{"count":15,"href":"https:\/\/sshk.edu.hk\/es\/wp-json\/wp\/v2\/pages\/3406\/revisions"}],"predecessor-version":[{"id":3867,"href":"https:\/\/sshk.edu.hk\/es\/wp-json\/wp\/v2\/pages\/3406\/revisions\/3867"}],"wp:attachment":[{"href":"https:\/\/sshk.edu.hk\/es\/wp-json\/wp\/v2\/media?parent=3406"}],"curies":[{"name":"wp","href":"https:\/\/api.w.org\/{rel}","templated":true}]}}