{"id":333,"date":"2014-06-10T09:45:29","date_gmt":"2014-06-10T09:45:29","guid":{"rendered":"http:\/\/university.cactusthemes.com\/?page_id=333"},"modified":"2017-03-07T12:21:41","modified_gmt":"2017-03-07T12:21:41","slug":"home3","status":"publish","type":"page","link":"https:\/\/sshk.edu.hk\/es\/home3\/","title":{"rendered":"Home3"},"content":{"rendered":"<section class=\"wpb-content-wrapper\"><div class=\"u_row dark-div\">\r\n        \t<div class=\"vc_row wpb_row vc_row-fluid main-color-1-bg vc_custom_1434455707676\"><div class=\"wpb_column vc_column_container vc_col-sm-4\"><div class=\"vc_column-inner\"><div class=\"wpb_wrapper\">\n\t<div class=\"wpb_text_column wpb_content_element  wpb_animate_when_almost_visible wpb_bottom-to-top bottom-to-top vc_custom_1434455630261\" >\n\t\t<div class=\"wpb_wrapper\">\n\t\t\t<h1>UNIVERISTY THEME<\/h1>\n\n\t\t<\/div>\n\t<\/div>\n\n\t<div class=\"wpb_text_column wpb_content_element  wpb_animate_when_almost_visible wpb_bottom-to-top bottom-to-top vc_custom_1434455640841\" >\n\t\t<div class=\"wpb_wrapper\">\n\t\t\t<p>University is an simple yet complete solution for you to build an education or online course, training website. The design is innovative and supper modern so you will have a professional web page.<\/p>\n\n\t\t<\/div>\n\t<\/div>\n\n\t<div class=\"wpb_text_column wpb_content_element  wpb_animate_when_almost_visible wpb_bottom-to-top bottom-to-top vc_custom_1434455674798\" >\n\t\t<div class=\"wpb_wrapper\">\n\t\t\t    \t<a class=\"btn button-button_30 btn-default\" href=\"http:\/\/themeforest.net\/item\/university-education-event-and-course-theme\/8412116?ref=cactusthemes\" data-delay=\"0\" >\r\n        BUY THIS THEME&nbsp;&nbsp;<i class=\"fa fa-angle-right\"><\/i>        <\/a>\r\n        \n\n\t\t<\/div>\n\t<\/div>\n<\/div><\/div><\/div><div class=\"wpb_column vc_column_container vc_col-sm-4\"><div class=\"vc_column-inner\"><div class=\"wpb_wrapper\">\n\t<div class=\"wpb_text_column wpb_content_element  wpb_animate_when_almost_visible wpb_bottom-to-top bottom-to-top vc_custom_1434455827178\" >\n\t\t<div class=\"wpb_wrapper\">\n\t\t\t<h1>TOP 10 RANKED<\/h1>\n\n\t\t<\/div>\n\t<\/div>\n\n\t<div class=\"wpb_text_column wpb_content_element  wpb_animate_when_almost_visible wpb_bottom-to-top bottom-to-top vc_custom_1434456099302\" >\n\t\t<div class=\"wpb_wrapper\">\n\t\t\t<p>Our education services ranked top 10 all over the world by most recognized organizations. We provide courses from finance, social studies, economics, enginereering to computer science and programing.<\/p>\n\n\t\t<\/div>\n\t<\/div>\n\n\t<div class=\"wpb_text_column wpb_content_element  wpb_animate_when_almost_visible wpb_bottom-to-top bottom-to-top vc_custom_1434455798017\" >\n\t\t<div class=\"wpb_wrapper\">\n\t\t\t    \t<a class=\"btn button-button_30 btn-default\" href=\"http:\/\/themeforest.net\/item\/university-education-event-and-course-theme\/8412116?ref=cactusthemes\" data-delay=\"0\" >\r\n        PURCHASE NOW&nbsp;&nbsp;<i class=\"fa fa-angle-right\"><\/i>        <\/a>\r\n        \n\n\t\t<\/div>\n\t<\/div>\n<\/div><\/div><\/div><div class=\"wpb_column vc_column_container vc_col-sm-4\"><div class=\"vc_column-inner\"><div class=\"wpb_wrapper\">\n\t<div class=\"wpb_text_column wpb_content_element  wpb_animate_when_almost_visible wpb_bottom-to-top bottom-to-top vc_custom_1434456138960\" >\n\t\t<div class=\"wpb_wrapper\">\n\t\t\t<h1>GLOBAL RECOGNIZE<\/h1>\n\n\t\t<\/div>\n\t<\/div>\n\n\t<div class=\"wpb_text_column wpb_content_element  wpb_animate_when_almost_visible wpb_bottom-to-top bottom-to-top vc_custom_1434455959092\" >\n\t\t<div class=\"wpb_wrapper\">\n\t\t\t<p>It is the fact that this theme is loved by more than 100o customers around the world. We believe that this is the best solution for your Education Business. Please view 9 demos version for full feature list.<\/p>\n\n\t\t<\/div>\n\t<\/div>\n\n\t<div class=\"wpb_text_column wpb_content_element  wpb_animate_when_almost_visible wpb_bottom-to-top bottom-to-top vc_custom_1434455798017\" >\n\t\t<div class=\"wpb_wrapper\">\n\t\t\t    \t<a class=\"btn button-button_30 btn-default\" href=\"http:\/\/themeforest.net\/item\/university-education-event-and-course-theme\/8412116?ref=cactusthemes\" data-delay=\"0\" >\r\n        PURCHASE NOW&nbsp;&nbsp;<i class=\"fa fa-angle-right\"><\/i>        <\/a>\r\n        \n\n\t\t<\/div>\n\t<\/div>\n<\/div><\/div><\/div><\/div>    \t\t\t<\/div><!--\/u_row-->\r\n\t\t\t<div class=\"u_row dark-div u_paralax\">\r\n        \t<div class=\"vc_row wpb_row vc_row-fluid vc_custom_1434458178725 vc_row-has-fill\"><div class=\"wpb_column vc_column_container vc_col-sm-12\"><div class=\"vc_column-inner\"><div class=\"wpb_wrapper\">\n\t<div class=\"wpb_text_column wpb_content_element  wpb_animate_when_almost_visible wpb_bottom-to-top bottom-to-top vc_custom_1434459494306\" >\n\t\t<div class=\"wpb_wrapper\">\n\t\t\t<h1 style=\"text-align: center;\">UNIVERSITY CAMPUSES AROUND THE WORLD<\/h1>\n\n\t\t<\/div>\n\t<\/div>\n<div class=\"vc_row wpb_row vc_inner vc_row-fluid vc_custom_1434458718041\"><div class=\"wpb_column vc_column_container vc_col-sm-4\"><div class=\"vc_column-inner\"><div class=\"wpb_wrapper\">\n\t<div  class=\"wpb_single_image wpb_content_element vc_align_center  vc_custom_1434458334478\">\n\t\t\n\t\t<figure class=\"wpb_wrapper vc_figure\">\n\t\t\t<div class=\"vc_single_image-wrapper vc_box_rounded  vc_box_border_grey\"><\/div>\n\t\t<\/figure>\n\t<\/div>\n\n\t<div class=\"wpb_text_column wpb_content_element  vc_custom_1434458324734\" >\n\t\t<div class=\"wpb_wrapper\">\n\t\t\t<h4>New York Campus<\/h4>\n<p>294 Main Street, Brooklyn, 01102<\/p>\n\n\t\t<\/div>\n\t<\/div>\n<\/div><\/div><\/div><div class=\"wpb_column vc_column_container vc_col-sm-4\"><div class=\"vc_column-inner\"><div class=\"wpb_wrapper\">\n\t<div  class=\"wpb_single_image wpb_content_element vc_align_center  vc_custom_1434458570621\">\n\t\t\n\t\t<figure class=\"wpb_wrapper vc_figure\">\n\t\t\t<div class=\"vc_single_image-wrapper vc_box_rounded  vc_box_border_grey\"><\/div>\n\t\t<\/figure>\n\t<\/div>\n\n\t<div class=\"wpb_text_column wpb_content_element  vc_custom_1434458550009\" >\n\t\t<div class=\"wpb_wrapper\">\n\t\t\t<h4>Europe Campus<\/h4>\n<p>585, 08007 Barcelona, Spain<\/p>\n\n\t\t<\/div>\n\t<\/div>\n<\/div><\/div><\/div><div class=\"wpb_column vc_column_container vc_col-sm-4\"><div class=\"vc_column-inner\"><div class=\"wpb_wrapper\">\n\t<div  class=\"wpb_single_image wpb_content_element vc_align_center  vc_custom_1434458586928\">\n\t\t\n\t\t<figure class=\"wpb_wrapper vc_figure\">\n\t\t\t<div class=\"vc_single_image-wrapper vc_box_rounded  vc_box_border_grey\"><\/div>\n\t\t<\/figure>\n\t<\/div>\n\n\t<div class=\"wpb_text_column wpb_content_element  vc_custom_1434458514820\" >\n\t\t<div class=\"wpb_wrapper\">\n\t\t\t<h4>Singapore\u00a0Campus<\/h4>\n<p>21 Lower Kent Ridge Rd, Singapore 119077<\/p>\n\n\t\t<\/div>\n\t<\/div>\n<\/div><\/div><\/div><\/div>\n\t<div class=\"wpb_text_column wpb_content_element  wpb_animate_when_almost_visible wpb_bottom-to-top bottom-to-top vc_custom_1434458737865\" >\n\t\t<div class=\"wpb_wrapper\">\n\t\t\t<p style=\"text-align: center;\">    \t<a class=\"btn button-button_84 btn-default btn-lg\" href=\"#3\" data-delay=\"0\" >\r\n        VIEW COURSES&nbsp;&nbsp;<i class=\"fa fa-angle-right\"><\/i>        <\/a>\r\n         \u00a0 \u00a0 OR \u00a0 \u00a0     \t<a class=\"btn button-button_82 btn-primary btn-lg\" href=\"#3\" data-delay=\"0\" >\r\n        CAMPUS\u00a0TOUR&nbsp;&nbsp;<i class=\"fa fa-angle-right\"><\/i>        <\/a>\r\n        <\/p>\n\n\t\t<\/div>\n\t<\/div>\n<\/div><\/div><\/div><\/div>    \t\t\t<\/div><!--\/u_row-->\r\n\t\t\t<div class=\"u_row\">\r\n        \t<div class=\"vc_row wpb_row vc_row-fluid vc_custom_1407145598493\"><div class=\"wpb_column vc_column_container vc_col-sm-12\"><div class=\"vc_column-inner\"><div class=\"wpb_wrapper\">        <div class=\"event-listing un-grid-listing un-post-grid un-post-grid-1985 wpb_bottom-to-top wpb_animate_when_almost_visible\" data-delay=\"0.2\">\r\n            <div class=\"grid-listing-wrap\">\r\n                <div class=\"grid-listing\">\r\n                \t                    <div class=\"grid-item grid-header\">\r\n                        <div class=\"grid-item-inner main-color-1-bg dark-div\"  >\r\n                            <div class=\"grid-item-content event-item\">\r\n                                <h1>Upcoming Events<\/h1>                                <p>Cras site amet nibh libero, in gravida nulla dignissimos<\/p>                                                                <a class=\"btn btn-default\" href=\"#5\">ALL EVENTS <i class=\"fa fa-angle-right\"><\/i><\/a>\r\n                                                            <\/div>\r\n                        <\/div>\r\n                    <\/div>\r\n                                                        <\/div>\r\n            <\/div>\r\n        <\/div><!--\/un-grid-listing-->\r\n        \t<\/div><\/div><\/div><\/div>    \t\t\t<\/div><!--\/u_row-->\r\n\t\t\t<div class=\"u_row dark-div u_paralax\">\r\n        \t<div class=\"vc_row wpb_row vc_row-fluid vc_custom_1434462711385 vc_row-has-fill\"><div class=\"wpb_column vc_column_container vc_col-sm-12\"><div class=\"vc_column-inner\"><div class=\"wpb_wrapper\">\n\t<div class=\"wpb_text_column wpb_content_element  wpb_animate_when_almost_visible wpb_left-to-right left-to-right vc_custom_1434462912155 05\" >\n\t\t<div class=\"wpb_wrapper\">\n\t\t\t<h1 style=\"text-align: center;\">FOR THOSE WHO NEVER STAND STILL. DON&#8217;T SAY NEXT YEAR, SAY NOW!<\/h1>\n<p>&nbsp;<\/p>\n<p style=\"text-align: center;\">    \t<a class=\"btn button-button_19 btn-primary btn-lg\" href=\"#1\" data-delay=\"0\" >\r\n        BUY THIS THEME        <\/a>\r\n        <\/p>\n\n\t\t<\/div>\n\t<\/div>\n<\/div><\/div><\/div><\/div>    \t\t\t<\/div><!--\/u_row-->\r\n\t\t\t<div class=\"u_row\">\r\n        \t<div class=\"vc_row wpb_row vc_row-fluid vc_custom_1407228240702\"><div class=\"wpb_column vc_column_container vc_col-sm-6\"><div class=\"vc_column-inner\"><div class=\"wpb_wrapper\">\n\t<div class=\"wpb_text_column wpb_content_element  wpb_animate_when_almost_visible wpb_bottom-to-top bottom-to-top vc_custom_1407230237880\" >\n\t\t<div class=\"wpb_wrapper\">\n\t\t\t<h1><span style=\"color: #253b80;\">Why Choose Us<\/span><\/h1>\n\n\t\t<\/div>\n\t<\/div>\n\n\t<div class=\"wpb_accordion wpb_content_element  not-column-inherit\" data-collapsible=\"\" data-vc-disable-keydown=\"false\" data-active-tab=\"1\">\n\t\t<div class=\"wpb_wrapper wpb_accordion_wrapper ui-accordion\">\n\n\n\t<div class=\"wpb_accordion_section group\">\n\t\t<h3 class=\"wpb_accordion_header ui-accordion-header\"><a href=\"#build-your-own-homepage-with-visual-composer\">Build Your Own Homepage With Visual Composer<\/a><\/h3>\n\t\t<div class=\"wpb_accordion_content ui-accordion-content vc_clearfix\">\n\t\t\t\n\t<div class=\"wpb_text_column wpb_content_element\" >\n\t\t<div class=\"wpb_wrapper\">\n\t\t\t<p><span style=\"color: #000000;\">Sed ut perspiciatis unde omnis iste natus error sit voluptatem accusantium doloremque laudantium, totam rem aperiam, eaque ipsa quae ab illo inventore veritatis et quasi architecto beatae vitae dicta sunt explicabo. Nemo enim ipsam voluptatem quia voluptas sit aspernatur aut odit aut fugit, sed quia consequuntur magni dolores eos qui ratione voluptatem sequi nesciunt.<\/span><\/p>\n\n\t\t<\/div>\n\t<\/div>\n\n\t\t<\/div>\n\t<\/div>\n\n\t<div class=\"wpb_accordion_section group\">\n\t\t<h3 class=\"wpb_accordion_header ui-accordion-header\"><a href=\"#clean-beautiful-and-responsive-design\">Clean, Beautiful And Responsive Design<\/a><\/h3>\n\t\t<div class=\"wpb_accordion_content ui-accordion-content vc_clearfix\">\n\t\t\t\n\t<div class=\"wpb_text_column wpb_content_element\" >\n\t\t<div class=\"wpb_wrapper\">\n\t\t\t<p><span style=\"color: #000000;\">Lorem ipsum dolor sit amet, consectetur adipisicing elit, sed do eiusmod tempor incididunt ut labore et dolore magna aliqua. Ut enim ad minim veniam, quis nostrud exercitation ullamco laboris nisi ut aliquip ex ea commodo consequat. Duis aute irure dolor in reprehenderit in voluptate velit esse cillum dolore eu fugiat nulla pariatur. Excepteur sint occaecat cupidatat non proident, sunt in culpa qui officia deserunt mollit anim id est laborum.<\/span><\/p>\n\n\t\t<\/div>\n\t<\/div>\n\n\t\t<\/div>\n\t<\/div>\n\n\t<div class=\"wpb_accordion_section group\">\n\t\t<h3 class=\"wpb_accordion_header ui-accordion-header\"><a href=\"#u-event-plugin-allow-you-to-sell-ticket\">U-Event Plugin Allow You To Sell Ticket<\/a><\/h3>\n\t\t<div class=\"wpb_accordion_content ui-accordion-content vc_clearfix\">\n\t\t\t\n\t<div class=\"wpb_text_column wpb_content_element\" >\n\t\t<div class=\"wpb_wrapper\">\n\t\t\t<p><span style=\"color: #000000;\">Ut enim ad minima veniam, quis nostrum exercitationem ullam corporis suscipit laboriosam, nisi ut aliquid ex ea commodi consequatur? Quis autem vel eum iure reprehenderit qui in ea voluptate velit esse quam nihil molestiae consequatur, vel illum qui dolorem eum fugiat quo voluptas nulla pariatur.<\/span><\/p>\n\n\t\t<\/div>\n\t<\/div>\n\n\t\t<\/div>\n\t<\/div>\n\n\t<div class=\"wpb_accordion_section group\">\n\t\t<h3 class=\"wpb_accordion_header ui-accordion-header\"><a href=\"#sell-courses-with-u-course-plugin\">Sell Courses With U-Course Plugin<\/a><\/h3>\n\t\t<div class=\"wpb_accordion_content ui-accordion-content vc_clearfix\">\n\t\t\t\n\t<div class=\"wpb_text_column wpb_content_element\" >\n\t\t<div class=\"wpb_wrapper\">\n\t\t\t<p><span style=\"color: #000000;\">At vero eos et accusamus et iusto odio dignissimos ducimus qui blanditiis praesentium voluptatum deleniti atque corrupti quos dolores et quas molestias excepturi sint occaecati cupiditate non provident, similique sunt in culpa qui officia deserunt mollitia animi, id est laborum et dolorum fuga. Et harum quidem rerum facilis est et expedita distinctio.<\/span><\/p>\n\n\t\t<\/div>\n\t<\/div>\n\n\t\t<\/div>\n\t<\/div>\n\n\t<div class=\"wpb_accordion_section group\">\n\t\t<h3 class=\"wpb_accordion_header ui-accordion-header\"><a href=\"#shop-version-available-with-woo-commerce-integrated\">Shop Version Available With Woo Commerce Integrated<\/a><\/h3>\n\t\t<div class=\"wpb_accordion_content ui-accordion-content vc_clearfix\">\n\t\t\tSecci\u00f3n vac\u00eda. A\u00f1adir contenido aqu\u00ed para editar la p\u00e1gina.\n\t\t<\/div>\n\t<\/div>\n\n\t<div class=\"wpb_accordion_section group\">\n\t\t<h3 class=\"wpb_accordion_header ui-accordion-header\"><a href=\"#professional-look-and-feel-for-your-business\">Professional Look and Feel For Your Business<\/a><\/h3>\n\t\t<div class=\"wpb_accordion_content ui-accordion-content vc_clearfix\">\n\t\t\t\n\t<div class=\"wpb_text_column wpb_content_element\" >\n\t\t<div class=\"wpb_wrapper\">\n\t\t\t<p><span style=\"color: #000000;\">Nam libero tempore, cum soluta nobis est eligendi optio cumque nihil impedit quo minus id quod maxime placeat facere possimus, omnis voluptas assumenda est, omnis dolor repellendus. Temporibus autem quibusdam et aut officiis debitis aut rerum necessitatibus saepe eveniet ut et voluptates repudiandae sint et molestiae non recusandae. Itaque earum rerum hic tenetur a sapiente delectus<\/span><\/p>\n\n\t\t<\/div>\n\t<\/div>\n\n\t\t<\/div>\n\t<\/div>\n\n\t\t<\/div>\n\t<\/div>\n<\/div><\/div><\/div><div class=\"wpb_column vc_column_container vc_col-sm-6\"><div class=\"vc_column-inner\"><div class=\"wpb_wrapper\">    \t<section class=\"un-post-listing shortcode-blog-3643\" data-delay=\"0\">\r\n            <div class=\"section-inner\">\r\n                <div class=\"section-header\">\r\n                    <h1 class=\"pull-left main-color-2\">Blog<\/h1>                                        <a class=\"btn btn-default btn-lighter pull-right\" href=\"#2\">VISIT BLOG <i class=\"fa fa-angle-right\"><\/i><\/a>\r\n                                        <div class=\"clearfix\"><\/div>\r\n                <\/div><!--\/section-header-->\r\n                <div class=\"section-body\">\r\n                \t<div class=\"row\">\r\n                \t                    <\/div><!--\/row-->\r\n                <\/div><!--\/section-body-->\r\n            <\/div>\r\n        <\/section><!--\/un-blog-listing-->\r\n\t<\/div><\/div><\/div><\/div>    \t\t\t<\/div><!--\/u_row-->\r\n\t\t\t<div class=\"u_row\">\r\n        \t<div class=\"vc_row wpb_row vc_row-fluid vc_custom_1407229908970 vc_row-has-fill\"><div class=\"wpb_column vc_column_container vc_col-sm-12\"><div class=\"vc_column-inner\"><div class=\"wpb_wrapper\">\t\t<section class=\"testimonials testimonials-9173 wpb_bottom-to-top wpb_animate_when_almost_visible\" data-delay=\"0.25\">\r\n        \t<div class=\"section-inner\">\r\n                <div class=\"testimonial-carousel owl-carousel is-carousel single-carousel\" data-autoplay=\"5000\" >\r\n                    \t\t<div class=\"carousel-item testimonial-item-3558\">\r\n            <div class=\"testimonial-item text-center\">\r\n                <p class=\"minion\">Lorem ipsum dolor sit amet, consectetur adipiscing elit metus vel leo placerat cursus. Nullam rutrum velit eget quam pretium vehicula. Maecenas enim velit.<\/p>\r\n                <div class=\"media professor\">\r\n                \t                    <div class=\"pull-left\">\r\n                    \t                        <img loading=\"lazy\" decoding=\"async\" src=\"https:\/\/sshk.edu.hk\/wp-includes\/images\/media\/default.svg\" width=\"50\" height=\"50\" alt=\"John Doe\">\r\n                    <\/div>\r\n                                        <div class=\"media-body\">\r\n                        <h6 class=\"media-heading main-color-2\">John Doe<\/h6>\r\n                        <span>Professor<\/span>\r\n                    <\/div>\r\n                <\/div>\r\n            <\/div>\r\n        <\/div><!--\/carousel-item-->\r\n\t\t\t<div class=\"carousel-item testimonial-item-9311\">\r\n            <div class=\"testimonial-item text-center\">\r\n                <p class=\"minion\">Lorem ipsum dolor sit amet, consectetur adipiscing elit metus vel leo placerat cursus. Nullam rutrum velit eget quam pretium vehicula. Maecenas enim velit.<\/p>\r\n                <div class=\"media professor\">\r\n                \t                    <div class=\"pull-left\">\r\n                    \t                        <img loading=\"lazy\" decoding=\"async\" src=\"https:\/\/sshk.edu.hk\/wp-includes\/images\/media\/default.svg\" width=\"50\" height=\"50\" alt=\"Mr.John\">\r\n                    <\/div>\r\n                                        <div class=\"media-body\">\r\n                        <h6 class=\"media-heading main-color-2\">Mr.John<\/h6>\r\n                        <span>Professor<\/span>\r\n                    <\/div>\r\n                <\/div>\r\n            <\/div>\r\n        <\/div><!--\/carousel-item-->\r\n\t\t\t<div class=\"carousel-item testimonial-item-4842\">\r\n            <div class=\"testimonial-item text-center\">\r\n                <p class=\"minion\">Lorem ipsum dolor sit amet, consectetur adipiscing elit metus vel leo placerat cursus. Nullam rutrum velit eget quam pretium vehicula. Maecenas enim velit.<\/p>\r\n                <div class=\"media professor\">\r\n                \t                    <div class=\"pull-left\">\r\n                    \t                        <img loading=\"lazy\" decoding=\"async\" src=\"https:\/\/sshk.edu.hk\/wp-includes\/images\/media\/default.svg\" width=\"50\" height=\"50\" alt=\"Vicky\">\r\n                    <\/div>\r\n                                        <div class=\"media-body\">\r\n                        <h6 class=\"media-heading main-color-2\">Vicky<\/h6>\r\n                        <span>Professor<\/span>\r\n                    <\/div>\r\n                <\/div>\r\n            <\/div>\r\n        <\/div><!--\/carousel-item-->\r\n\t                <\/div>\r\n            <\/div>\r\n        <\/section><!--\/testimonial-->\r\n\t<\/div><\/div><\/div><\/div>    \t\t\t<\/div><!--\/u_row-->\r\n\t\t\t<div class=\"u_row u_full_row u_paralax\">\r\n        \t<div class=\"vc_row wpb_row vc_row-fluid vc_custom_1415348644004 vc_row-has-fill\"><div class=\"wpb_column vc_column_container vc_col-sm-12\"><div class=\"vc_column-inner\"><div class=\"wpb_wrapper\">\n\t<div class=\"wpb_text_column wpb_content_element  wpb_animate_when_almost_visible wpb_left-to-right left-to-right vc_custom_1434459215310\" >\n\t\t<div class=\"wpb_wrapper\">\n\t\t\t<h1 style=\"text-align: center;\">WE BELIEVE THAT EDUCATION IS FOR EVERYONE<\/h1>\n\n\t\t<\/div>\n\t<\/div>\n\n\t<div class=\"wpb_text_column wpb_content_element  wpb_animate_when_almost_visible wpb_bottom-to-top bottom-to-top vc_custom_1434459441156\" >\n\t\t<div class=\"wpb_wrapper\">\n\t\t\t<h4 style=\"text-align: center;\">There are many features available to help you complete your project<\/h4>\n\n\t\t<\/div>\n\t<\/div>\n\n\t<div  class=\"wpb_single_image wpb_content_element vc_align_center  wpb_animate_when_almost_visible wpb_bottom-to-top bottom-to-top vc_custom_1434459397784\">\n\t\t\n\t\t<figure class=\"wpb_wrapper vc_figure\">\n\t\t\t<div class=\"vc_single_image-wrapper   vc_box_border_grey\"><\/div>\n\t\t<\/figure>\n\t<\/div>\n<\/div><\/div><\/div><\/div>    \t\t\t<\/div><!--\/u_row-->\r\n\t<\/p>\n<\/section>","protected":false},"excerpt":{"rendered":"UNIVERISTY THEME University is an simple yet complete solution for you to build an education or online course, training website. The design is innovative and supper modern so you will have a professional web page. BUY THIS THEME&nbsp;&nbsp; TOP 10 RANKED Our education services ranked top 10 all over the world by most recognized organizations. [...]","protected":false},"author":5,"featured_media":0,"parent":0,"menu_order":0,"comment_status":"open","ping_status":"closed","template":"page-templates\/front-page.php","meta":{"footnotes":""},"class_list":["post-333","page","type-page","status-publish","hentry"],"yoast_head":"<!-- This site is optimized with the Yoast SEO plugin v24.6 - https:\/\/yoast.com\/wordpress\/plugins\/seo\/ -->\n<title>Home3 - Spanish School of Hong Kong<\/title>\n<meta name=\"robots\" content=\"index, follow, max-snippet:-1, max-image-preview:large, max-video-preview:-1\" \/>\n<link rel=\"canonical\" href=\"https:\/\/sshk.edu.hk\/es\/home3\/\" \/>\n<meta property=\"og:locale\" content=\"es_ES\" \/>\n<meta property=\"og:type\" content=\"article\" \/>\n<meta property=\"og:title\" content=\"Home3 - Spanish School of Hong Kong\" \/>\n<meta property=\"og:url\" content=\"https:\/\/sshk.edu.hk\/es\/home3\/\" \/>\n<meta property=\"og:site_name\" content=\"Spanish School of Hong Kong\" \/>\n<meta property=\"article:publisher\" content=\"https:\/\/www.facebook.com\/SPISHK\/\" \/>\n<meta property=\"article:modified_time\" content=\"2017-03-07T12:21:41+00:00\" \/>\n<meta property=\"og:image\" content=\"https:\/\/sshk.edu.hk\/wp-content\/uploads\/2017\/03\/COVER-SM-logo.png\" \/>\n<meta name=\"twitter:card\" content=\"summary_large_image\" \/>\n<meta name=\"twitter:label1\" content=\"Tiempo de lectura\" \/>\n\t<meta name=\"twitter:data1\" content=\"8 minutos\" \/>\n<script type=\"application\/ld+json\" class=\"yoast-schema-graph\">{\"@context\":\"https:\/\/schema.org\",\"@graph\":[{\"@type\":\"WebPage\",\"@id\":\"https:\/\/sshk.edu.hk\/home3\/\",\"url\":\"https:\/\/sshk.edu.hk\/home3\/\",\"name\":\"Home3 - Spanish School of Hong Kong\",\"isPartOf\":{\"@id\":\"https:\/\/sshk.edu.hk\/#website\"},\"datePublished\":\"2014-06-10T09:45:29+00:00\",\"dateModified\":\"2017-03-07T12:21:41+00:00\",\"breadcrumb\":{\"@id\":\"https:\/\/sshk.edu.hk\/home3\/#breadcrumb\"},\"inLanguage\":\"es\",\"potentialAction\":[{\"@type\":\"ReadAction\",\"target\":[\"https:\/\/sshk.edu.hk\/home3\/\"]}]},{\"@type\":\"BreadcrumbList\",\"@id\":\"https:\/\/sshk.edu.hk\/home3\/#breadcrumb\",\"itemListElement\":[{\"@type\":\"ListItem\",\"position\":1,\"name\":\"Home\",\"item\":\"https:\/\/sshk.edu.hk\/\"},{\"@type\":\"ListItem\",\"position\":2,\"name\":\"Home3\"}]},{\"@type\":\"WebSite\",\"@id\":\"https:\/\/sshk.edu.hk\/#website\",\"url\":\"https:\/\/sshk.edu.hk\/\",\"name\":\"Spanish Primary School\",\"description\":\"Welcome to a world of possibilities &amp; opportunities\u2026\",\"potentialAction\":[{\"@type\":\"SearchAction\",\"target\":{\"@type\":\"EntryPoint\",\"urlTemplate\":\"https:\/\/sshk.edu.hk\/?s={search_term_string}\"},\"query-input\":{\"@type\":\"PropertyValueSpecification\",\"valueRequired\":true,\"valueName\":\"search_term_string\"}}],\"inLanguage\":\"es\"}]}<\/script>\n<!-- \/ Yoast SEO plugin. -->","yoast_head_json":{"title":"Home3 - Spanish School of Hong Kong","robots":{"index":"index","follow":"follow","max-snippet":"max-snippet:-1","max-image-preview":"max-image-preview:large","max-video-preview":"max-video-preview:-1"},"canonical":"https:\/\/sshk.edu.hk\/es\/home3\/","og_locale":"es_ES","og_type":"article","og_title":"Home3 - Spanish School of Hong Kong","og_url":"https:\/\/sshk.edu.hk\/es\/home3\/","og_site_name":"Spanish School of Hong Kong","article_publisher":"https:\/\/www.facebook.com\/SPISHK\/","article_modified_time":"2017-03-07T12:21:41+00:00","og_image":[{"url":"https:\/\/sshk.edu.hk\/wp-content\/uploads\/2017\/03\/COVER-SM-logo.png","type":"","width":"","height":""}],"twitter_card":"summary_large_image","twitter_misc":{"Tiempo de lectura":"8 minutos"},"schema":{"@context":"https:\/\/schema.org","@graph":[{"@type":"WebPage","@id":"https:\/\/sshk.edu.hk\/home3\/","url":"https:\/\/sshk.edu.hk\/home3\/","name":"Home3 - Spanish School of Hong Kong","isPartOf":{"@id":"https:\/\/sshk.edu.hk\/#website"},"datePublished":"2014-06-10T09:45:29+00:00","dateModified":"2017-03-07T12:21:41+00:00","breadcrumb":{"@id":"https:\/\/sshk.edu.hk\/home3\/#breadcrumb"},"inLanguage":"es","potentialAction":[{"@type":"ReadAction","target":["https:\/\/sshk.edu.hk\/home3\/"]}]},{"@type":"BreadcrumbList","@id":"https:\/\/sshk.edu.hk\/home3\/#breadcrumb","itemListElement":[{"@type":"ListItem","position":1,"name":"Home","item":"https:\/\/sshk.edu.hk\/"},{"@type":"ListItem","position":2,"name":"Home3"}]},{"@type":"WebSite","@id":"https:\/\/sshk.edu.hk\/#website","url":"https:\/\/sshk.edu.hk\/","name":"Spanish Primary School","description":"Welcome to a world of possibilities &amp; opportunities\u2026","potentialAction":[{"@type":"SearchAction","target":{"@type":"EntryPoint","urlTemplate":"https:\/\/sshk.edu.hk\/?s={search_term_string}"},"query-input":{"@type":"PropertyValueSpecification","valueRequired":true,"valueName":"search_term_string"}}],"inLanguage":"es"}]}},"_links":{"self":[{"href":"https:\/\/sshk.edu.hk\/es\/wp-json\/wp\/v2\/pages\/333","targetHints":{"allow":["GET"]}}],"collection":[{"href":"https:\/\/sshk.edu.hk\/es\/wp-json\/wp\/v2\/pages"}],"about":[{"href":"https:\/\/sshk.edu.hk\/es\/wp-json\/wp\/v2\/types\/page"}],"author":[{"embeddable":true,"href":"https:\/\/sshk.edu.hk\/es\/wp-json\/wp\/v2\/users\/5"}],"replies":[{"embeddable":true,"href":"https:\/\/sshk.edu.hk\/es\/wp-json\/wp\/v2\/comments?post=333"}],"version-history":[{"count":3,"href":"https:\/\/sshk.edu.hk\/es\/wp-json\/wp\/v2\/pages\/333\/revisions"}],"predecessor-version":[{"id":2868,"href":"https:\/\/sshk.edu.hk\/es\/wp-json\/wp\/v2\/pages\/333\/revisions\/2868"}],"wp:attachment":[{"href":"https:\/\/sshk.edu.hk\/es\/wp-json\/wp\/v2\/media?parent=333"}],"curies":[{"name":"wp","href":"https:\/\/api.w.org\/{rel}","templated":true}]}}