{"id":3140,"date":"2017-03-10T06:37:30","date_gmt":"2017-03-10T14:37:30","guid":{"rendered":"https:\/\/sshk.edu.hk\/?page_id=3140"},"modified":"2023-10-05T21:00:52","modified_gmt":"2023-10-05T13:00:52","slug":"applicationonline","status":"publish","type":"page","link":"https:\/\/sshk.edu.hk\/es\/applicationonline\/","title":{"rendered":"Solicitud en l\u00ednea"},"content":{"rendered":"<section class=\"wpb-content-wrapper\">\t\t<div class=\"u_row\">\r\n        \t<div class=\"vc_row wpb_row vc_row-fluid\"><div class=\"wpb_column vc_column_container vc_col-sm-8\"><div class=\"vc_column-inner\"><div class=\"wpb_wrapper\"><div class=\"vc_row wpb_row vc_inner vc_row-fluid\"><div class=\"wpb_column vc_column_container vc_col-sm-12\"><div class=\"vc_column-inner\"><div class=\"wpb_wrapper\">\n\t<div class=\"wpb_text_column wpb_content_element  wpb_animate_when_almost_visible wpb_bottom-to-top bottom-to-top vc_custom_1696510844304\" >\n\t\t<div class=\"wpb_wrapper\">\n\t\t\t<h3>01|\nCumplimentar el formulario de solicitud en l\u00ednea AQU\u00cd\u00a0<a href=\"https:\/\/spis.edu.ink\/admissions\/#\/login\">HERE<\/a><\/h3>\n\n\t\t<\/div>\n\t<\/div>\n<\/div><\/div><\/div><div class=\"wpb_column vc_column_container vc_col-sm-12\"><div class=\"vc_column-inner\"><div class=\"wpb_wrapper\">\n\t<div class=\"wpb_text_column wpb_content_element  wpb_animate_when_almost_visible wpb_bottom-to-top bottom-to-top vc_custom_1615338316055\" >\n\t\t<div class=\"wpb_wrapper\">\n\t\t\t<h3>02|Cargue los documentos\nde solicitud en l\u00ednea o env\u00edelos por correo electr\u00f3nico: Admissions@sshk.edu.hk<\/h3>\n\n\t\t<\/div>\n\t<\/div>\n<\/div><\/div><\/div><\/div><div class=\"vc_row wpb_row vc_inner vc_row-fluid\"><div class=\"wpb_column vc_column_container vc_col-sm-12\"><div class=\"vc_column-inner\"><div class=\"wpb_wrapper\">\n\t<div class=\"wpb_text_column wpb_content_element  wpb_animate_when_almost_visible wpb_bottom-to-top bottom-to-top vc_custom_1579225933143\" >\n\t\t<div class=\"wpb_wrapper\">\n\t\t\t<h3>03|Informaci\u00f3n procesada<\/h3>\n\n\t\t<\/div>\n\t<\/div>\n<\/div><\/div><\/div><\/div><div class=\"vc_row wpb_row vc_inner vc_row-fluid\"><div class=\"wpb_column vc_column_container vc_col-sm-12\"><div class=\"vc_column-inner\"><div class=\"wpb_wrapper\">\n\t<div class=\"wpb_text_column wpb_content_element  wpb_animate_when_almost_visible wpb_bottom-to-top bottom-to-top vc_custom_1579225972838\" >\n\t\t<div class=\"wpb_wrapper\">\n\t\t\t<h3>04|Se enviar\u00e1 \nuna notificaci\u00f3n de la entrevista a los solicitantes<\/h3>\n\n\t\t<\/div>\n\t<\/div>\n\n\t<div class=\"wpb_text_column wpb_content_element  wpb_animate_when_almost_visible wpb_bottom-to-top bottom-to-top vc_custom_1579225958718\" >\n\t\t<div class=\"wpb_wrapper\">\n\t\t\t<h3>05|Entrevista y proceso de \nselecci\u00f3n<\/h3>\n\n\t\t<\/div>\n\t<\/div>\n\n\t<div class=\"wpb_text_column wpb_content_element  wpb_animate_when_almost_visible wpb_bottom-to-top bottom-to-top vc_custom_1579225979954\" >\n\t\t<div class=\"wpb_wrapper\">\n\t\t\t<h3>06|Notificaci\u00f3n del \nresultado de la solicitud<\/h3>\n\n\t\t<\/div>\n\t<\/div>\n<\/div><\/div><\/div><\/div>\n\t<div class=\"wpb_text_column wpb_content_element  wpb_animate_when_almost_visible wpb_bottom-to-top bottom-to-top vc_custom_1579225987228\" >\n\t\t<div class=\"wpb_wrapper\">\n\t\t\t<h3>07|Los \nsolicitantes seleccionados deben completar la inscripci\u00f3n con \nnosotros antes de la fecha l\u00edmite. Si no se completa la \ninscripci\u00f3n, se cancelar\u00e1 la oferta.<\/h3>\n\n\t\t<\/div>\n\t<\/div>\n<\/div><\/div><\/div><div class=\"sidebar wpb_column vc_column_container vc_col-sm-4\"><div class=\"vc_column-inner\"><div class=\"wpb_wrapper\"><div  class=\"vc_wp_custommenu wpb_content_element\"><div class=\"widget widget_nav_menu\"><h2 class=\"widgettitle\">Admisiones<\/h2><div class=\"menu-admissions-container\"><ul id=\"menu-admissions\" class=\"menu\"><li id=\"menu-item-3143\" class=\"menu-item menu-item-type-post_type menu-item-object-page menu-item-3143\"><a href=\"https:\/\/sshk.edu.hk\/es\/admissionprocess\/\">Proceso de Admisi\u00f3n<\/a><\/li>\n<li id=\"menu-item-3422\" class=\"menu-item menu-item-type-post_type menu-item-object-page menu-item-3422\"><a href=\"https:\/\/sshk.edu.hk\/es\/schoolfees\/\">Tarifas del colegio<\/a><\/li>\n<li id=\"menu-item-3161\" class=\"menu-item menu-item-type-post_type menu-item-object-page menu-item-3161\"><a href=\"https:\/\/sshk.edu.hk\/es\/applicationonline\/\">Solicitud en l\u00ednea<\/a><\/li>\n<li id=\"menu-item-3538\" class=\"menu-item menu-item-type-post_type menu-item-object-page menu-item-3538\"><a href=\"https:\/\/sshk.edu.hk\/es\/tuition-grant-scheme\/\">Ayudas para la matr\u00edcula<\/a><\/li>\n<li id=\"menu-item-3660\" class=\"menu-item menu-item-type-post_type menu-item-object-page menu-item-3660\"><a href=\"https:\/\/sshk.edu.hk\/es\/scholarship-scheme\/\">Programa de becas<\/a><\/li>\n<\/ul><\/div><\/div><\/div><\/div><\/div><\/div><\/div>    \t\t\t<\/div><!--\/u_row-->\r\n\t\n<\/section>","protected":false},"excerpt":{"rendered":"01|Complete the Application Form online\u00a0HERE 02|Upload Application Documents online or send the documents to us by email: Admissions@sshk.edu.hk 03|Information processed 04|Notification of Interview will be sent to applicants 05|Interview and Selection process 06|Notification of the application result 07|Successful applicants should complete the registration with us on or before the deadline. Failure in completing the registration [...]","protected":false},"author":5,"featured_media":0,"parent":0,"menu_order":0,"comment_status":"closed","ping_status":"closed","template":"","meta":{"footnotes":""},"class_list":["post-3140","page","type-page","status-publish","hentry"],"yoast_head":"<!-- This site is optimized with the Yoast SEO plugin v24.6 - https:\/\/yoast.com\/wordpress\/plugins\/seo\/ -->\n<title>Application Online - Spanish School of Hong Kong<\/title>\n<meta name=\"robots\" content=\"index, follow, max-snippet:-1, max-image-preview:large, max-video-preview:-1\" \/>\n<link rel=\"canonical\" href=\"https:\/\/sshk.edu.hk\/es\/applicationonline\/\" \/>\n<meta property=\"og:locale\" content=\"es_ES\" \/>\n<meta property=\"og:type\" content=\"article\" \/>\n<meta property=\"og:title\" content=\"Application Online - Spanish School of Hong Kong\" \/>\n<meta property=\"og:url\" content=\"https:\/\/sshk.edu.hk\/es\/applicationonline\/\" \/>\n<meta property=\"og:site_name\" content=\"Spanish School of Hong Kong\" \/>\n<meta property=\"article:publisher\" content=\"https:\/\/www.facebook.com\/SPISHK\/\" \/>\n<meta property=\"article:modified_time\" content=\"2023-10-05T13:00:52+00:00\" \/>\n<meta property=\"og:image\" content=\"https:\/\/sshk.edu.hk\/wp-content\/uploads\/2017\/03\/COVER-SM-logo.png\" \/>\n<meta name=\"twitter:card\" content=\"summary_large_image\" \/>\n<meta name=\"twitter:label1\" content=\"Tiempo de lectura\" \/>\n\t<meta name=\"twitter:data1\" content=\"1 minuto\" \/>\n<script type=\"application\/ld+json\" class=\"yoast-schema-graph\">{\"@context\":\"https:\/\/schema.org\",\"@graph\":[{\"@type\":\"WebPage\",\"@id\":\"https:\/\/sshk.edu.hk\/applicationonline\/\",\"url\":\"https:\/\/sshk.edu.hk\/applicationonline\/\",\"name\":\"Application Online - Spanish School of Hong Kong\",\"isPartOf\":{\"@id\":\"https:\/\/sshk.edu.hk\/#website\"},\"datePublished\":\"2017-03-10T14:37:30+00:00\",\"dateModified\":\"2023-10-05T13:00:52+00:00\",\"breadcrumb\":{\"@id\":\"https:\/\/sshk.edu.hk\/applicationonline\/#breadcrumb\"},\"inLanguage\":\"es\",\"potentialAction\":[{\"@type\":\"ReadAction\",\"target\":[\"https:\/\/sshk.edu.hk\/applicationonline\/\"]}]},{\"@type\":\"BreadcrumbList\",\"@id\":\"https:\/\/sshk.edu.hk\/applicationonline\/#breadcrumb\",\"itemListElement\":[{\"@type\":\"ListItem\",\"position\":1,\"name\":\"Home\",\"item\":\"https:\/\/sshk.edu.hk\/\"},{\"@type\":\"ListItem\",\"position\":2,\"name\":\"Application Online\"}]},{\"@type\":\"WebSite\",\"@id\":\"https:\/\/sshk.edu.hk\/#website\",\"url\":\"https:\/\/sshk.edu.hk\/\",\"name\":\"Spanish Primary School\",\"description\":\"Welcome to a world of possibilities &amp; opportunities\u2026\",\"potentialAction\":[{\"@type\":\"SearchAction\",\"target\":{\"@type\":\"EntryPoint\",\"urlTemplate\":\"https:\/\/sshk.edu.hk\/?s={search_term_string}\"},\"query-input\":{\"@type\":\"PropertyValueSpecification\",\"valueRequired\":true,\"valueName\":\"search_term_string\"}}],\"inLanguage\":\"es\"}]}<\/script>\n<!-- \/ Yoast SEO plugin. -->","yoast_head_json":{"title":"Application Online - Spanish School of Hong Kong","robots":{"index":"index","follow":"follow","max-snippet":"max-snippet:-1","max-image-preview":"max-image-preview:large","max-video-preview":"max-video-preview:-1"},"canonical":"https:\/\/sshk.edu.hk\/es\/applicationonline\/","og_locale":"es_ES","og_type":"article","og_title":"Application Online - Spanish School of Hong Kong","og_url":"https:\/\/sshk.edu.hk\/es\/applicationonline\/","og_site_name":"Spanish School of Hong Kong","article_publisher":"https:\/\/www.facebook.com\/SPISHK\/","article_modified_time":"2023-10-05T13:00:52+00:00","og_image":[{"url":"https:\/\/sshk.edu.hk\/wp-content\/uploads\/2017\/03\/COVER-SM-logo.png","type":"","width":"","height":""}],"twitter_card":"summary_large_image","twitter_misc":{"Tiempo de lectura":"1 minuto"},"schema":{"@context":"https:\/\/schema.org","@graph":[{"@type":"WebPage","@id":"https:\/\/sshk.edu.hk\/applicationonline\/","url":"https:\/\/sshk.edu.hk\/applicationonline\/","name":"Application Online - Spanish School of Hong Kong","isPartOf":{"@id":"https:\/\/sshk.edu.hk\/#website"},"datePublished":"2017-03-10T14:37:30+00:00","dateModified":"2023-10-05T13:00:52+00:00","breadcrumb":{"@id":"https:\/\/sshk.edu.hk\/applicationonline\/#breadcrumb"},"inLanguage":"es","potentialAction":[{"@type":"ReadAction","target":["https:\/\/sshk.edu.hk\/applicationonline\/"]}]},{"@type":"BreadcrumbList","@id":"https:\/\/sshk.edu.hk\/applicationonline\/#breadcrumb","itemListElement":[{"@type":"ListItem","position":1,"name":"Home","item":"https:\/\/sshk.edu.hk\/"},{"@type":"ListItem","position":2,"name":"Application Online"}]},{"@type":"WebSite","@id":"https:\/\/sshk.edu.hk\/#website","url":"https:\/\/sshk.edu.hk\/","name":"Spanish Primary School","description":"Welcome to a world of possibilities &amp; opportunities\u2026","potentialAction":[{"@type":"SearchAction","target":{"@type":"EntryPoint","urlTemplate":"https:\/\/sshk.edu.hk\/?s={search_term_string}"},"query-input":{"@type":"PropertyValueSpecification","valueRequired":true,"valueName":"search_term_string"}}],"inLanguage":"es"}]}},"_links":{"self":[{"href":"https:\/\/sshk.edu.hk\/es\/wp-json\/wp\/v2\/pages\/3140","targetHints":{"allow":["GET"]}}],"collection":[{"href":"https:\/\/sshk.edu.hk\/es\/wp-json\/wp\/v2\/pages"}],"about":[{"href":"https:\/\/sshk.edu.hk\/es\/wp-json\/wp\/v2\/types\/page"}],"author":[{"embeddable":true,"href":"https:\/\/sshk.edu.hk\/es\/wp-json\/wp\/v2\/users\/5"}],"replies":[{"embeddable":true,"href":"https:\/\/sshk.edu.hk\/es\/wp-json\/wp\/v2\/comments?post=3140"}],"version-history":[{"count":32,"href":"https:\/\/sshk.edu.hk\/es\/wp-json\/wp\/v2\/pages\/3140\/revisions"}],"predecessor-version":[{"id":3749,"href":"https:\/\/sshk.edu.hk\/es\/wp-json\/wp\/v2\/pages\/3140\/revisions\/3749"}],"wp:attachment":[{"href":"https:\/\/sshk.edu.hk\/es\/wp-json\/wp\/v2\/media?parent=3140"}],"curies":[{"name":"wp","href":"https:\/\/api.w.org\/{rel}","templated":true}]}}