{"id":3092,"date":"2017-03-10T05:06:03","date_gmt":"2017-03-10T13:06:03","guid":{"rendered":"https:\/\/sshk.edu.hk\/?page_id=3092"},"modified":"2024-12-20T11:35:36","modified_gmt":"2024-12-20T03:35:36","slug":"curriculum","status":"publish","type":"page","link":"https:\/\/sshk.edu.hk\/es\/curriculum\/","title":{"rendered":"Curriculum"},"content":{"rendered":"<section class=\"wpb-content-wrapper\">\t\t<div class=\"u_row\">\r\n        \t<div class=\"vc_row wpb_row vc_row-fluid vc_custom_1489307869268\"><div class=\"wpb_column vc_column_container vc_col-sm-12\"><div class=\"vc_column-inner\"><div class=\"wpb_wrapper\"><div class=\"vc_row wpb_row vc_inner vc_row-fluid\"><div class=\"wpb_column vc_column_container vc_col-sm-12\"><div class=\"vc_column-inner\"><div class=\"wpb_wrapper\"><\/div><\/div><\/div><\/div><div class=\"vc_row wpb_row vc_inner vc_row-fluid\"><div class=\"wpb_column vc_column_container vc_col-sm-8\"><div class=\"vc_column-inner\"><div class=\"wpb_wrapper\">\n\t<div class=\"wpb_text_column wpb_content_element\" >\n\t\t<div class=\"wpb_wrapper\">\n\t\t\t<h1>Plan de estudio<\/h1>\n<p>Nuestra escuela est\u00e1 registrada como escuela de Cambridge y seguimos el \ncurr\u00edculo internacional de Cambridge. Adem\u00e1s, seguimos el Curr\u00edculo \nNacional de Madrid para la Lengua Espa\u00f1ola y el curr\u00edculo local para la \nLengua China que se imparte en Putonghua. Las asignaturas del plan de \nestudios fueron dise\u00f1adas junto con la orientaci\u00f3n de nuestros asesores \nacad\u00e9micos, bas\u00e1ndose en m\u00faltiples fuentes de investigaci\u00f3n acad\u00e9mica. \nHemos elegido las asignaturas apropiadas para cubrir todas las necesidades \nde los estudiantes.<\/p>\n<p>Para tener una vida equilibrada, es requerido que los estudiantes\nadicionalmente puedan escoger una actividad extra curricular a\nla semana. Las clases de ECA est\u00e1n basadas en la ciencia del\ndeporte.<\/p>\n<p>The Programme is divided into two groups of subjects: Core Subjects and Foundation Subjects. During their studies at SSHK, students must study all subjects from each group.<\/p>\n\n\t\t<\/div>\n\t<\/div>\n\n\t<div  class=\"wpb_single_image wpb_content_element vc_align_left  vc_custom_1671100586225\">\n\t\t\n\t\t<figure class=\"wpb_wrapper vc_figure\">\n\t\t\t<div class=\"vc_single_image-wrapper   vc_box_border_grey\"><img loading=\"lazy\" decoding=\"async\" width=\"600\" height=\"187\" src=\"https:\/\/sshk.edu.hk\/wp-content\/uploads\/2017\/03\/Cambridge_600-e1671100413709.png\" class=\"vc_single_image-img attachment-full\" alt=\"\" title=\"Cambridge\" srcset=\"https:\/\/sshk.edu.hk\/wp-content\/uploads\/2017\/03\/Cambridge_600-e1671100413709.png 600w, https:\/\/sshk.edu.hk\/wp-content\/uploads\/2017\/03\/Cambridge_600-e1671100413709-300x94.png 300w, https:\/\/sshk.edu.hk\/wp-content\/uploads\/2017\/03\/Cambridge_600-e1671100413709-18x6.png 18w, https:\/\/sshk.edu.hk\/wp-content\/uploads\/2017\/03\/Cambridge_600-e1671100413709-255x79.png 255w\" sizes=\"auto, (max-width: 600px) 100vw, 600px\" \/><\/div>\n\t\t<\/figure>\n\t<\/div>\n<\/div><\/div><\/div><div class=\"wpb_column vc_column_container vc_col-sm-4\"><div class=\"vc_column-inner\"><div class=\"wpb_wrapper\"><div  class=\"vc_wp_custommenu wpb_content_element menu\"><div class=\"widget widget_nav_menu\"><h2 class=\"widgettitle\">para el aprendizaje<\/h2><div class=\"menu-programme-container\"><ul id=\"menu-programme\" class=\"menu\"><li id=\"menu-item-3096\" class=\"menu-item menu-item-type-post_type menu-item-object-page menu-item-3096\"><a href=\"https:\/\/sshk.edu.hk\/es\/learning-approach\/\">Enfoque del aprendizaje<\/a><\/li>\n<li id=\"menu-item-3114\" class=\"menu-item menu-item-type-post_type menu-item-object-page menu-item-3114\"><a href=\"https:\/\/sshk.edu.hk\/es\/curriculum\/\">Curriculum<\/a><\/li>\n<li id=\"menu-item-3427\" class=\"menu-item menu-item-type-post_type menu-item-object-page menu-item-3427\"><a href=\"https:\/\/sshk.edu.hk\/es\/primary-programme\/\">Programa<\/a><\/li>\n<\/ul><\/div><\/div><\/div><\/div><\/div><\/div><\/div><\/div><\/div><\/div><\/div>    \t\t\t<\/div><!--\/u_row-->\r\n\t\n<\/section>","protected":false},"excerpt":{"rendered":"Study Plan Our school is a registered Cambridge School and we follow the Cambridge International Curriculum. In addition, we follow the Madrid National Curriculum for Spanish Language and the local curriculum for the Chinese Language which is taught in Putonghua. The subjects of the curriculum were designed alongside the guidance of our academic advisors, based [...]","protected":false},"author":5,"featured_media":0,"parent":0,"menu_order":0,"comment_status":"closed","ping_status":"closed","template":"","meta":{"footnotes":""},"class_list":["post-3092","page","type-page","status-publish","hentry"],"yoast_head":"<!-- This site is optimized with the Yoast SEO plugin v24.6 - https:\/\/yoast.com\/wordpress\/plugins\/seo\/ -->\n<title>Curriculum - Spanish School of Hong Kong<\/title>\n<meta name=\"robots\" content=\"index, follow, max-snippet:-1, max-image-preview:large, max-video-preview:-1\" \/>\n<link rel=\"canonical\" href=\"https:\/\/sshk.edu.hk\/es\/curriculum\/\" \/>\n<meta property=\"og:locale\" content=\"es_ES\" \/>\n<meta property=\"og:type\" content=\"article\" \/>\n<meta property=\"og:title\" content=\"Curriculum - Spanish School of Hong Kong\" \/>\n<meta property=\"og:url\" content=\"https:\/\/sshk.edu.hk\/es\/curriculum\/\" \/>\n<meta property=\"og:site_name\" content=\"Spanish School of Hong Kong\" \/>\n<meta property=\"article:publisher\" content=\"https:\/\/www.facebook.com\/SPISHK\/\" \/>\n<meta property=\"article:modified_time\" content=\"2024-12-20T03:35:36+00:00\" \/>\n<meta property=\"og:image\" content=\"https:\/\/sshk.edu.hk\/wp-content\/uploads\/2017\/03\/COVER-SM-logo.png\" \/>\n<meta name=\"twitter:card\" content=\"summary_large_image\" \/>\n<meta name=\"twitter:label1\" content=\"Tiempo de lectura\" \/>\n\t<meta name=\"twitter:data1\" content=\"1 minuto\" \/>\n<script type=\"application\/ld+json\" class=\"yoast-schema-graph\">{\"@context\":\"https:\/\/schema.org\",\"@graph\":[{\"@type\":\"WebPage\",\"@id\":\"https:\/\/sshk.edu.hk\/curriculum\/\",\"url\":\"https:\/\/sshk.edu.hk\/curriculum\/\",\"name\":\"Curriculum - Spanish School of Hong Kong\",\"isPartOf\":{\"@id\":\"https:\/\/sshk.edu.hk\/#website\"},\"datePublished\":\"2017-03-10T13:06:03+00:00\",\"dateModified\":\"2024-12-20T03:35:36+00:00\",\"breadcrumb\":{\"@id\":\"https:\/\/sshk.edu.hk\/curriculum\/#breadcrumb\"},\"inLanguage\":\"es\",\"potentialAction\":[{\"@type\":\"ReadAction\",\"target\":[\"https:\/\/sshk.edu.hk\/curriculum\/\"]}]},{\"@type\":\"BreadcrumbList\",\"@id\":\"https:\/\/sshk.edu.hk\/curriculum\/#breadcrumb\",\"itemListElement\":[{\"@type\":\"ListItem\",\"position\":1,\"name\":\"Home\",\"item\":\"https:\/\/sshk.edu.hk\/\"},{\"@type\":\"ListItem\",\"position\":2,\"name\":\"Curriculum\"}]},{\"@type\":\"WebSite\",\"@id\":\"https:\/\/sshk.edu.hk\/#website\",\"url\":\"https:\/\/sshk.edu.hk\/\",\"name\":\"Spanish Primary School\",\"description\":\"Welcome to a world of possibilities &amp; opportunities\u2026\",\"potentialAction\":[{\"@type\":\"SearchAction\",\"target\":{\"@type\":\"EntryPoint\",\"urlTemplate\":\"https:\/\/sshk.edu.hk\/?s={search_term_string}\"},\"query-input\":{\"@type\":\"PropertyValueSpecification\",\"valueRequired\":true,\"valueName\":\"search_term_string\"}}],\"inLanguage\":\"es\"}]}<\/script>\n<!-- \/ Yoast SEO plugin. -->","yoast_head_json":{"title":"Curriculum - Spanish School of Hong Kong","robots":{"index":"index","follow":"follow","max-snippet":"max-snippet:-1","max-image-preview":"max-image-preview:large","max-video-preview":"max-video-preview:-1"},"canonical":"https:\/\/sshk.edu.hk\/es\/curriculum\/","og_locale":"es_ES","og_type":"article","og_title":"Curriculum - Spanish School of Hong Kong","og_url":"https:\/\/sshk.edu.hk\/es\/curriculum\/","og_site_name":"Spanish School of Hong Kong","article_publisher":"https:\/\/www.facebook.com\/SPISHK\/","article_modified_time":"2024-12-20T03:35:36+00:00","og_image":[{"url":"https:\/\/sshk.edu.hk\/wp-content\/uploads\/2017\/03\/COVER-SM-logo.png","type":"","width":"","height":""}],"twitter_card":"summary_large_image","twitter_misc":{"Tiempo de lectura":"1 minuto"},"schema":{"@context":"https:\/\/schema.org","@graph":[{"@type":"WebPage","@id":"https:\/\/sshk.edu.hk\/curriculum\/","url":"https:\/\/sshk.edu.hk\/curriculum\/","name":"Curriculum - Spanish School of Hong Kong","isPartOf":{"@id":"https:\/\/sshk.edu.hk\/#website"},"datePublished":"2017-03-10T13:06:03+00:00","dateModified":"2024-12-20T03:35:36+00:00","breadcrumb":{"@id":"https:\/\/sshk.edu.hk\/curriculum\/#breadcrumb"},"inLanguage":"es","potentialAction":[{"@type":"ReadAction","target":["https:\/\/sshk.edu.hk\/curriculum\/"]}]},{"@type":"BreadcrumbList","@id":"https:\/\/sshk.edu.hk\/curriculum\/#breadcrumb","itemListElement":[{"@type":"ListItem","position":1,"name":"Home","item":"https:\/\/sshk.edu.hk\/"},{"@type":"ListItem","position":2,"name":"Curriculum"}]},{"@type":"WebSite","@id":"https:\/\/sshk.edu.hk\/#website","url":"https:\/\/sshk.edu.hk\/","name":"Spanish Primary School","description":"Welcome to a world of possibilities &amp; opportunities\u2026","potentialAction":[{"@type":"SearchAction","target":{"@type":"EntryPoint","urlTemplate":"https:\/\/sshk.edu.hk\/?s={search_term_string}"},"query-input":{"@type":"PropertyValueSpecification","valueRequired":true,"valueName":"search_term_string"}}],"inLanguage":"es"}]}},"_links":{"self":[{"href":"https:\/\/sshk.edu.hk\/es\/wp-json\/wp\/v2\/pages\/3092","targetHints":{"allow":["GET"]}}],"collection":[{"href":"https:\/\/sshk.edu.hk\/es\/wp-json\/wp\/v2\/pages"}],"about":[{"href":"https:\/\/sshk.edu.hk\/es\/wp-json\/wp\/v2\/types\/page"}],"author":[{"embeddable":true,"href":"https:\/\/sshk.edu.hk\/es\/wp-json\/wp\/v2\/users\/5"}],"replies":[{"embeddable":true,"href":"https:\/\/sshk.edu.hk\/es\/wp-json\/wp\/v2\/comments?post=3092"}],"version-history":[{"count":12,"href":"https:\/\/sshk.edu.hk\/es\/wp-json\/wp\/v2\/pages\/3092\/revisions"}],"predecessor-version":[{"id":3858,"href":"https:\/\/sshk.edu.hk\/es\/wp-json\/wp\/v2\/pages\/3092\/revisions\/3858"}],"wp:attachment":[{"href":"https:\/\/sshk.edu.hk\/es\/wp-json\/wp\/v2\/media?parent=3092"}],"curies":[{"name":"wp","href":"https:\/\/api.w.org\/{rel}","templated":true}]}}