{"id":3065,"date":"2017-03-10T04:50:00","date_gmt":"2017-03-10T12:50:00","guid":{"rendered":"https:\/\/sshk.edu.hk\/?page_id=3065"},"modified":"2024-09-25T20:16:33","modified_gmt":"2024-09-25T12:16:33","slug":"learning-approach","status":"publish","type":"page","link":"https:\/\/sshk.edu.hk\/es\/learning-approach\/","title":{"rendered":"Enfoque del aprendizaje"},"content":{"rendered":"<section class=\"wpb-content-wrapper\">\t\t<div class=\"u_row\">\r\n        \t<div class=\"vc_row wpb_row vc_row-fluid\"><div class=\"wpb_column vc_column_container vc_col-sm-8\"><div class=\"vc_column-inner\"><div class=\"wpb_wrapper\">\n\t<div class=\"wpb_text_column wpb_content_element\" >\n\t\t<div class=\"wpb_wrapper\">\n\t\t\t<h3><span style=\"color: #253b80;\">FILOSOF\u00cdA DE ENSE\u00d1ANZA<\/span><\/h3>\n\n\t\t<\/div>\n\t<\/div>\n<div class=\"vc_row wpb_row vc_inner vc_row-fluid\"><div class=\"wpb_column vc_column_container vc_col-sm-6\"><div class=\"vc_column-inner\"><div class=\"wpb_wrapper\">\n\t<div class=\"wpb_text_column wpb_content_element\" >\n\t\t<div class=\"wpb_wrapper\">\n\t\t\t<p class=\"translation-block\">En SSHK, tenemos una pol\u00edtica ling\u00fc\u00edstica \u00fanica que promueve el multiling\u00fcismo. Nuestro programa triling\u00fce facilita el ingl\u00e9s, el espa\u00f1ol y el mandar\u00edn. Las investigaciones han demostrado que la educaci\u00f3n multiling\u00fce mejora las capacidades cognitivas, como la resoluci\u00f3n de problemas, la creatividad y la memoria.<\/p>\n<p>&nbsp;<\/p>\n<p class=\"translation-block\">Algunos se preguntar\u00e1n, \"\u00bfpor qu\u00e9 ingl\u00e9s, mandar\u00edn y espa\u00f1ol? El mandar\u00edn es la lengua m\u00e1s hablada del mundo, en t\u00e9rminos de n\u00famero de hablantes nativos, mientras que el espa\u00f1ol y el ingl\u00e9s ocupan el segundo y tercer lugar, respectivamente. SPIS facilita estos idiomas para que nuestros alumnos puedan comunicarse en los que se consideran los tres idiomas m\u00e1s importantes del mundo.<\/p>\n\n\t\t<\/div>\n\t<\/div>\n<\/div><\/div><\/div><div class=\"wpb_column vc_column_container vc_col-sm-6\"><div class=\"vc_column-inner\"><div class=\"wpb_wrapper\">\n\t<div  class=\"wpb_single_image wpb_content_element vc_align_left\">\n\t\t\n\t\t<figure class=\"wpb_wrapper vc_figure\">\n\t\t\t<div class=\"vc_single_image-wrapper   vc_box_border_grey\"><img loading=\"lazy\" decoding=\"async\" width=\"1200\" height=\"1600\" src=\"https:\/\/sshk.edu.hk\/wp-content\/uploads\/2024\/09\/Group-photo-younger.jpg\" class=\"vc_single_image-img attachment-full\" alt=\"\" title=\"SSHK Student\" srcset=\"https:\/\/sshk.edu.hk\/wp-content\/uploads\/2024\/09\/Group-photo-younger.jpg 1200w, https:\/\/sshk.edu.hk\/wp-content\/uploads\/2024\/09\/Group-photo-younger-225x300.jpg 225w, https:\/\/sshk.edu.hk\/wp-content\/uploads\/2024\/09\/Group-photo-younger-768x1024.jpg 768w, https:\/\/sshk.edu.hk\/wp-content\/uploads\/2024\/09\/Group-photo-younger-1152x1536.jpg 1152w, https:\/\/sshk.edu.hk\/wp-content\/uploads\/2024\/09\/Group-photo-younger-9x12.jpg 9w, https:\/\/sshk.edu.hk\/wp-content\/uploads\/2024\/09\/Group-photo-younger-255x340.jpg 255w\" sizes=\"auto, (max-width: 1200px) 100vw, 1200px\" \/><\/div>\n\t\t<\/figure>\n\t<\/div>\n<\/div><\/div><\/div><\/div><div class=\"vc_row wpb_row vc_inner vc_row-fluid\"><div class=\"wpb_column vc_column_container vc_col-sm-12\"><div class=\"vc_column-inner\"><div class=\"wpb_wrapper\">\n\t<div class=\"wpb_text_column wpb_content_element\" >\n\t\t<div class=\"wpb_wrapper\">\n\t\t\t<p class=\"p1 translation-block\">A algunos padres les preocupa que la exposici\u00f3n multiling\u00fce pueda dificultar \nel desarrollo ling\u00fc\u00edstico de sus hijos. Sin embargo, est\u00e1 demostrado que esto \nes falso. En Europa, la mayor\u00eda de las personas son multiling\u00fces, ya que se \nles anim\u00f3 a aprender dos o m\u00e1s lenguas desde una edad temprana. El objetivo\nde la pol\u00edtica europea de una poblaci\u00f3n triling\u00fce (lengua nacional, ingl\u00e9s, otra\nlengua) se cumple en varios pa\u00edses europeos. Entre ellos, Luxemburgo (84%),\nlos Pa\u00edses Bajos (77%) y Dinamarca (56%).<\/p>\n<p class=\"p1\"><span class=\"s2\">Para apoyar a nuestros estudiantes en SSHK hemos adoptado un m\u00e9todo de ense\u00f1anza inmersiva. Esto significa que los estudiantes no s\u00f3lo aprenden los tres idiomas durante las clases de lengua. M\u00e1s bien, durante las clases de asignaturas adicionales se utiliza el ingl\u00e9s, el espa\u00f1ol y el mandar\u00edn, dependiendo de la clase. Adem\u00e1s, para cultivar un ambiente verdaderamente triling\u00fce en el campus, los tres idiomas se utilizar\u00e1n indistintamente en las asambleas matutinas, en los eventos escolares y en las reuniones, de modo que nuestros alumnos estar\u00e1n totalmente inmersos en estos tres idiomas durante toda su vida escolar.<\/span><\/p>\n<p class=\"p1 translation-block\">Este m\u00e9todo de ense\u00f1anza inmersiva ha sido considerado eficaz por nuestros \nhom\u00f3logos en Europa y Am\u00e9rica. En consulta con nuestros asesores \nacad\u00e9micos, el profesor David Liu y el profesor Wang Lixun, hemos \nreflexionado a fondo sobre nuestra pol\u00edtica de ense\u00f1anza de idiomas y hemos \nllegado a la conclusi\u00f3n de que el ingl\u00e9s ser\u00e1 el principal medio de instrucci\u00f3n\n(40%) complementado a partes iguales por el espa\u00f1ol y el chino (mandar\u00edn) \n(30%). No obstante, los porcentajes (40%, 30%, 30%) son una estimaci\u00f3n \naproximada, ya que la flexibilidad es necesaria para facilitar la ense\u00f1anza y el\naprendizaje en diferentes contextos.<\/p>\n\n\t\t<\/div>\n\t<\/div>\n<\/div><\/div><\/div><\/div><div class=\"vc_row wpb_row vc_inner vc_row-fluid\"><div class=\"wpb_column vc_column_container vc_col-sm-6\"><div class=\"vc_column-inner\"><div class=\"wpb_wrapper\">\n\t<div class=\"wpb_text_column wpb_content_element\" >\n\t\t<div class=\"wpb_wrapper\">\n\t\t\t<h3><span style=\"color: #253b80;\">Enfoque educativo centrado en el alumno\u00a0<\/span><\/h3>\n<p class=\"p1\"><span class=\"s1\">Para enriquecer el aprendizaje de nuestros alumnos, seguimos una pedagog\u00eda social. En SSHK entendemos que la educaci\u00f3n es crucial para el desarrollo y el bienestar del alumno. Nosotros, como educadores, consideramos por igual las cuestiones sociales y educativas, como una sola, para garantizar que nuestros alumnos puedan comunicarse de forma eficaz y moral. Para conseguirlo, se fomenta en gran medida el trabajo en grupo y las interacciones sociales para garantizar la naturaleza social de la educaci\u00f3n, cumpliendo con el aprendizaje cooperativo. <\/span><\/p>\n\n\t\t<\/div>\n\t<\/div>\n<\/div><\/div><\/div><div class=\"wpb_column vc_column_container vc_col-sm-6\"><div class=\"vc_column-inner\"><div class=\"wpb_wrapper\">\n\t<div  class=\"wpb_single_image wpb_content_element vc_align_left\">\n\t\t\n\t\t<figure class=\"wpb_wrapper vc_figure\">\n\t\t\t<div class=\"vc_single_image-wrapper   vc_box_border_grey\"><img loading=\"lazy\" decoding=\"async\" width=\"984\" height=\"668\" src=\"https:\/\/sshk.edu.hk\/wp-content\/uploads\/2024\/09\/Group-photo-older.jpg\" class=\"vc_single_image-img attachment-full\" alt=\"\" title=\"SSHK Student\" srcset=\"https:\/\/sshk.edu.hk\/wp-content\/uploads\/2024\/09\/Group-photo-older.jpg 984w, https:\/\/sshk.edu.hk\/wp-content\/uploads\/2024\/09\/Group-photo-older-300x204.jpg 300w, https:\/\/sshk.edu.hk\/wp-content\/uploads\/2024\/09\/Group-photo-older-768x521.jpg 768w, https:\/\/sshk.edu.hk\/wp-content\/uploads\/2024\/09\/Group-photo-older-18x12.jpg 18w, https:\/\/sshk.edu.hk\/wp-content\/uploads\/2024\/09\/Group-photo-older-255x173.jpg 255w\" sizes=\"auto, (max-width: 984px) 100vw, 984px\" \/><\/div>\n\t\t<\/figure>\n\t<\/div>\n<\/div><\/div><\/div><\/div>\n\t<div class=\"wpb_text_column wpb_content_element\" >\n\t\t<div class=\"wpb_wrapper\">\n\t\t\t<p class=\"p1\"><span class=\"s1\">En consonancia con la pedagog\u00eda social, al adoptar un enfoque educativo centrado en el estudiante hace que nuestros alumnos desempe\u00f1an un papel activo en su aprendizaje y en la vida escolar cotidiana. Los alumnos son considerados participantes fundamentales en el desarrollo del plan de estudios. Por ejemplo, para enriquecer la confianza en s\u00ed mismos y la resiliencia, el liderazgo es un factor importante en la vida de SSHK. Se anima a los alumnos a asumir funciones de mentor, capit\u00e1n de casa y roles perfectos para apoyarse mutuamente e inculcarles el sentido de la responsabilidad. De este modo, la demostraci\u00f3n a trav\u00e9s de los alumnos es en la vanguardia de nuestra pedagog\u00eda. <\/span><\/p>\n<p class=\"p1\"><span class=\"s1\">SSHK fomenta y reconoce con entusiasmo la individualidad de todos los alumnos. El entorno garantiza las diferencias entre los alumnos y acoge con satisfacci\u00f3n sus conocimientos previos y su previsi\u00f3n personal y acad\u00e9mica. <\/span><\/p>\n\n\t\t<\/div>\n\t<\/div>\n\n\t<div  class=\"wpb_single_image wpb_content_element vc_align_left\">\n\t\t\n\t\t<figure class=\"wpb_wrapper vc_figure\">\n\t\t\t<div class=\"vc_single_image-wrapper   vc_box_border_grey\"><img loading=\"lazy\" decoding=\"async\" width=\"1258\" height=\"651\" src=\"https:\/\/sshk.edu.hk\/wp-content\/uploads\/2024\/09\/Reading-in-library-.jpg\" class=\"vc_single_image-img attachment-full\" alt=\"\" title=\"SSHK library\" srcset=\"https:\/\/sshk.edu.hk\/wp-content\/uploads\/2024\/09\/Reading-in-library-.jpg 1258w, https:\/\/sshk.edu.hk\/wp-content\/uploads\/2024\/09\/Reading-in-library--300x155.jpg 300w, https:\/\/sshk.edu.hk\/wp-content\/uploads\/2024\/09\/Reading-in-library--1024x530.jpg 1024w, https:\/\/sshk.edu.hk\/wp-content\/uploads\/2024\/09\/Reading-in-library--768x397.jpg 768w, https:\/\/sshk.edu.hk\/wp-content\/uploads\/2024\/09\/Reading-in-library--18x9.jpg 18w, https:\/\/sshk.edu.hk\/wp-content\/uploads\/2024\/09\/Reading-in-library--255x132.jpg 255w\" sizes=\"auto, (max-width: 1258px) 100vw, 1258px\" \/><\/div>\n\t\t<\/figure>\n\t<\/div>\n<\/div><\/div><\/div><div class=\"sidebar wpb_column vc_column_container vc_col-sm-4\"><div class=\"vc_column-inner\"><div class=\"wpb_wrapper\"><div  class=\"vc_wp_custommenu wpb_content_element menu\"><div class=\"widget widget_nav_menu\"><h2 class=\"widgettitle\">para el aprendizaje<\/h2><div class=\"menu-programme-container\"><ul id=\"menu-programme\" class=\"menu\"><li id=\"menu-item-3096\" class=\"menu-item menu-item-type-post_type menu-item-object-page menu-item-3096\"><a href=\"https:\/\/sshk.edu.hk\/es\/learning-approach\/\">Enfoque del aprendizaje<\/a><\/li>\n<li id=\"menu-item-3114\" class=\"menu-item menu-item-type-post_type menu-item-object-page menu-item-3114\"><a href=\"https:\/\/sshk.edu.hk\/es\/curriculum\/\">Curriculum<\/a><\/li>\n<li id=\"menu-item-3427\" class=\"menu-item menu-item-type-post_type menu-item-object-page menu-item-3427\"><a href=\"https:\/\/sshk.edu.hk\/es\/primary-programme\/\">Programa<\/a><\/li>\n<\/ul><\/div><\/div><\/div><\/div><\/div><\/div><\/div>    \t\t\t<\/div><!--\/u_row-->\r\n\t\n<\/section>","protected":false},"excerpt":{"rendered":"TEACHING PHILOSOPHY At SSHK, we have a unique language policy, promoting multilingualism. Our trilingual programme facilitates English, Spanish, and Mandarin. Research has proven that multilingual education improves cognitive abilities such as problem-solving, creativity, and memory! &nbsp; Some may ask, \u2018why English, Mandarin, and Spanish?\u2019. Mandarin is the most spoken language worldwide, in terms of the [...]","protected":false},"author":5,"featured_media":0,"parent":0,"menu_order":0,"comment_status":"closed","ping_status":"closed","template":"","meta":{"footnotes":""},"class_list":["post-3065","page","type-page","status-publish","hentry"],"yoast_head":"<!-- This site is optimized with the Yoast SEO plugin v24.6 - https:\/\/yoast.com\/wordpress\/plugins\/seo\/ -->\n<title>Learning Approach - Spanish School of Hong Kong<\/title>\n<meta name=\"robots\" content=\"index, follow, max-snippet:-1, max-image-preview:large, max-video-preview:-1\" \/>\n<link rel=\"canonical\" href=\"https:\/\/sshk.edu.hk\/es\/learning-approach\/\" \/>\n<meta property=\"og:locale\" content=\"es_ES\" \/>\n<meta property=\"og:type\" content=\"article\" \/>\n<meta property=\"og:title\" content=\"Learning Approach - Spanish School of Hong Kong\" \/>\n<meta property=\"og:url\" content=\"https:\/\/sshk.edu.hk\/es\/learning-approach\/\" \/>\n<meta property=\"og:site_name\" content=\"Spanish School of Hong Kong\" \/>\n<meta property=\"article:publisher\" content=\"https:\/\/www.facebook.com\/SPISHK\/\" \/>\n<meta property=\"article:modified_time\" content=\"2024-09-25T12:16:33+00:00\" \/>\n<meta property=\"og:image\" content=\"https:\/\/sshk.edu.hk\/wp-content\/uploads\/2017\/03\/COVER-SM-logo.png\" \/>\n<meta name=\"twitter:card\" content=\"summary_large_image\" \/>\n<meta name=\"twitter:label1\" content=\"Tiempo de lectura\" \/>\n\t<meta name=\"twitter:data1\" content=\"3 minutos\" \/>\n<script type=\"application\/ld+json\" class=\"yoast-schema-graph\">{\"@context\":\"https:\/\/schema.org\",\"@graph\":[{\"@type\":\"WebPage\",\"@id\":\"https:\/\/sshk.edu.hk\/learning-approach\/\",\"url\":\"https:\/\/sshk.edu.hk\/learning-approach\/\",\"name\":\"Learning Approach - Spanish School of Hong Kong\",\"isPartOf\":{\"@id\":\"https:\/\/sshk.edu.hk\/#website\"},\"datePublished\":\"2017-03-10T12:50:00+00:00\",\"dateModified\":\"2024-09-25T12:16:33+00:00\",\"breadcrumb\":{\"@id\":\"https:\/\/sshk.edu.hk\/learning-approach\/#breadcrumb\"},\"inLanguage\":\"es\",\"potentialAction\":[{\"@type\":\"ReadAction\",\"target\":[\"https:\/\/sshk.edu.hk\/learning-approach\/\"]}]},{\"@type\":\"BreadcrumbList\",\"@id\":\"https:\/\/sshk.edu.hk\/learning-approach\/#breadcrumb\",\"itemListElement\":[{\"@type\":\"ListItem\",\"position\":1,\"name\":\"Home\",\"item\":\"https:\/\/sshk.edu.hk\/\"},{\"@type\":\"ListItem\",\"position\":2,\"name\":\"Learning Approach\"}]},{\"@type\":\"WebSite\",\"@id\":\"https:\/\/sshk.edu.hk\/#website\",\"url\":\"https:\/\/sshk.edu.hk\/\",\"name\":\"Spanish Primary School\",\"description\":\"Welcome to a world of possibilities &amp; opportunities\u2026\",\"potentialAction\":[{\"@type\":\"SearchAction\",\"target\":{\"@type\":\"EntryPoint\",\"urlTemplate\":\"https:\/\/sshk.edu.hk\/?s={search_term_string}\"},\"query-input\":{\"@type\":\"PropertyValueSpecification\",\"valueRequired\":true,\"valueName\":\"search_term_string\"}}],\"inLanguage\":\"es\"}]}<\/script>\n<!-- \/ Yoast SEO plugin. -->","yoast_head_json":{"title":"Learning Approach - Spanish School of Hong Kong","robots":{"index":"index","follow":"follow","max-snippet":"max-snippet:-1","max-image-preview":"max-image-preview:large","max-video-preview":"max-video-preview:-1"},"canonical":"https:\/\/sshk.edu.hk\/es\/learning-approach\/","og_locale":"es_ES","og_type":"article","og_title":"Learning Approach - Spanish School of Hong Kong","og_url":"https:\/\/sshk.edu.hk\/es\/learning-approach\/","og_site_name":"Spanish School of Hong Kong","article_publisher":"https:\/\/www.facebook.com\/SPISHK\/","article_modified_time":"2024-09-25T12:16:33+00:00","og_image":[{"url":"https:\/\/sshk.edu.hk\/wp-content\/uploads\/2017\/03\/COVER-SM-logo.png","type":"","width":"","height":""}],"twitter_card":"summary_large_image","twitter_misc":{"Tiempo de lectura":"3 minutos"},"schema":{"@context":"https:\/\/schema.org","@graph":[{"@type":"WebPage","@id":"https:\/\/sshk.edu.hk\/learning-approach\/","url":"https:\/\/sshk.edu.hk\/learning-approach\/","name":"Learning Approach - Spanish School of Hong Kong","isPartOf":{"@id":"https:\/\/sshk.edu.hk\/#website"},"datePublished":"2017-03-10T12:50:00+00:00","dateModified":"2024-09-25T12:16:33+00:00","breadcrumb":{"@id":"https:\/\/sshk.edu.hk\/learning-approach\/#breadcrumb"},"inLanguage":"es","potentialAction":[{"@type":"ReadAction","target":["https:\/\/sshk.edu.hk\/learning-approach\/"]}]},{"@type":"BreadcrumbList","@id":"https:\/\/sshk.edu.hk\/learning-approach\/#breadcrumb","itemListElement":[{"@type":"ListItem","position":1,"name":"Home","item":"https:\/\/sshk.edu.hk\/"},{"@type":"ListItem","position":2,"name":"Learning Approach"}]},{"@type":"WebSite","@id":"https:\/\/sshk.edu.hk\/#website","url":"https:\/\/sshk.edu.hk\/","name":"Spanish Primary School","description":"Welcome to a world of possibilities &amp; opportunities\u2026","potentialAction":[{"@type":"SearchAction","target":{"@type":"EntryPoint","urlTemplate":"https:\/\/sshk.edu.hk\/?s={search_term_string}"},"query-input":{"@type":"PropertyValueSpecification","valueRequired":true,"valueName":"search_term_string"}}],"inLanguage":"es"}]}},"_links":{"self":[{"href":"https:\/\/sshk.edu.hk\/es\/wp-json\/wp\/v2\/pages\/3065","targetHints":{"allow":["GET"]}}],"collection":[{"href":"https:\/\/sshk.edu.hk\/es\/wp-json\/wp\/v2\/pages"}],"about":[{"href":"https:\/\/sshk.edu.hk\/es\/wp-json\/wp\/v2\/types\/page"}],"author":[{"embeddable":true,"href":"https:\/\/sshk.edu.hk\/es\/wp-json\/wp\/v2\/users\/5"}],"replies":[{"embeddable":true,"href":"https:\/\/sshk.edu.hk\/es\/wp-json\/wp\/v2\/comments?post=3065"}],"version-history":[{"count":16,"href":"https:\/\/sshk.edu.hk\/es\/wp-json\/wp\/v2\/pages\/3065\/revisions"}],"predecessor-version":[{"id":3798,"href":"https:\/\/sshk.edu.hk\/es\/wp-json\/wp\/v2\/pages\/3065\/revisions\/3798"}],"wp:attachment":[{"href":"https:\/\/sshk.edu.hk\/es\/wp-json\/wp\/v2\/media?parent=3065"}],"curies":[{"name":"wp","href":"https:\/\/api.w.org\/{rel}","templated":true}]}}