{"id":3014,"date":"2017-03-10T03:16:32","date_gmt":"2017-03-10T11:16:32","guid":{"rendered":"https:\/\/sshk.edu.hk\/?page_id=3014"},"modified":"2024-09-25T19:49:08","modified_gmt":"2024-09-25T11:49:08","slug":"missionstatement","status":"publish","type":"page","link":"https:\/\/sshk.edu.hk\/es\/missionstatement\/","title":{"rendered":"Declaraci\u00f3n de objetivos"},"content":{"rendered":"<section class=\"wpb-content-wrapper\"><div class=\"u_row\">\r\n        \t<div class=\"vc_row wpb_row vc_row-fluid\"><div class=\"wpb_column vc_column_container vc_col-sm-12\"><div class=\"vc_column-inner\"><div class=\"wpb_wrapper\">\n\t<div  class=\"wpb_single_image wpb_content_element vc_align_left\">\n\t\t\n\t\t<figure class=\"wpb_wrapper vc_figure\">\n\t\t\t<div class=\"vc_single_image-wrapper   vc_box_border_grey\"><img loading=\"lazy\" decoding=\"async\" width=\"1258\" height=\"622\" src=\"https:\/\/sshk.edu.hk\/wp-content\/uploads\/2024\/09\/Frontage-.jpg\" class=\"vc_single_image-img attachment-full\" alt=\"\" title=\"Misi\u00f3n\" srcset=\"https:\/\/sshk.edu.hk\/wp-content\/uploads\/2024\/09\/Frontage-.jpg 1258w, https:\/\/sshk.edu.hk\/wp-content\/uploads\/2024\/09\/Frontage--300x148.jpg 300w, https:\/\/sshk.edu.hk\/wp-content\/uploads\/2024\/09\/Frontage--1024x506.jpg 1024w, https:\/\/sshk.edu.hk\/wp-content\/uploads\/2024\/09\/Frontage--768x380.jpg 768w, https:\/\/sshk.edu.hk\/wp-content\/uploads\/2024\/09\/Frontage--18x9.jpg 18w, https:\/\/sshk.edu.hk\/wp-content\/uploads\/2024\/09\/Frontage--255x126.jpg 255w\" sizes=\"auto, (max-width: 1258px) 100vw, 1258px\" \/><\/div>\n\t\t<\/figure>\n\t<\/div>\n<\/div><\/div><\/div><\/div>    \t\t\t<\/div><!--\/u_row-->\r\n\t\t\t<div class=\"u_row\">\r\n        \t<div class=\"vc_row wpb_row vc_row-fluid\"><div class=\"wpb_column vc_column_container vc_col-sm-8\"><div class=\"vc_column-inner\"><div class=\"wpb_wrapper\"><div class=\"vc_row wpb_row vc_inner vc_row-fluid\"><div class=\"wpb_column vc_column_container vc_col-sm-12\"><div class=\"vc_column-inner\"><div class=\"wpb_wrapper\">\n\t<div class=\"wpb_text_column wpb_content_element  wpb_animate_when_almost_visible wpb_bottom-to-top bottom-to-top vc_custom_1579226295067\" >\n\t\t<div class=\"wpb_wrapper\">\n\t\t\t<h1><span style=\"color: #253b80;\">Declaraci\u00f3n de objetivos<\/span><\/h1>\n\n\t\t<\/div>\n\t<\/div>\n\n\t<div class=\"wpb_text_column wpb_content_element\" >\n\t\t<div class=\"wpb_wrapper\">\n\t\t\t<p>En Spanish School of Hong Kong nuestros alumnos son el centro de nuestro plan de estudios. Nos comprometemos a garantizar el bienestar y el desarrollo integral de todos ellos. Adem\u00e1s, SPIS tiene como objetivo proporcionar el nivel m\u00e1s alto de educaci\u00f3n triling\u00fce, as\u00ed como, fomentar la deportividad, el esp\u00edritu de la comunidad y la moral, todo lo cual cultiva el pensamiento independiente, sus visiones, los valores y el prop\u00f3sito de la vida de los estudiantes.<\/p>\n\n\t\t<\/div>\n\t<\/div>\n<\/div><\/div><\/div><\/div>\n\t<div class=\"wpb_accordion wpb_content_element  not-column-inherit\" data-collapsible=\"\" data-vc-disable-keydown=\"false\" data-active-tab=\"1\">\n\t\t<div class=\"wpb_wrapper wpb_accordion_wrapper ui-accordion\">\n\n\n\t<div class=\"wpb_accordion_section group\">\n\t\t<h3 class=\"wpb_accordion_header ui-accordion-header\"><a href=\"#vision\">Visi\u00f3n<\/a><\/h3>\n\t\t<div class=\"wpb_accordion_content ui-accordion-content vc_clearfix\">\n\t\t\t\n\t<div class=\"wpb_text_column wpb_content_element\" >\n\t\t<div class=\"wpb_wrapper\">\n\t\t\t<p>Spanish School of Hong Kong (SSHK)) se dedica a brindar una educaci\u00f3n de \nclase mundial triling\u00fce trav\u00e9s de un entorno de aprendizaje inspirador y \nculturalmente diversificado que libera y optimiza el potencial de \nnuestros j\u00f3venes.<\/p>\n\n\t\t<\/div>\n\t<\/div>\n\n\t\t<\/div>\n\t<\/div>\n\n\t<div class=\"wpb_accordion_section group\">\n\t\t<h3 class=\"wpb_accordion_header ui-accordion-header\"><a href=\"#mission\">Misi\u00f3n<\/a><\/h3>\n\t\t<div class=\"wpb_accordion_content ui-accordion-content vc_clearfix\">\n\t\t\t\n\t<div class=\"wpb_text_column wpb_content_element\" >\n\t\t<div class=\"wpb_wrapper\">\n\t\t\t<ul>\n<li>Defender la excelencia acad\u00e9mica en un \nentorno triling\u00fce ingl\u00e9s - espa\u00f1ol \u2013 chino.<\/li>\n<li>Fomentar la creatividad y la \ndeportividad.<\/li>\n<li>Cultivar la moralidad y los \nvalores positivos<\/li>\n<li>Liberar el potencial de \nliderazgo individual<\/li>\n<li>Respetar las diferencias individuales y abrazar la diversidad cultural.<\/li>\n<li>Fomentar la \nb\u00fasqueda de sue\u00f1os y aspiraciones.<\/li>\n<\/ul>\n\n\t\t<\/div>\n\t<\/div>\n\n\t\t<\/div>\n\t<\/div>\n\n\t<div class=\"wpb_accordion_section group\">\n\t\t<h3 class=\"wpb_accordion_header ui-accordion-header\"><a href=\"#values\">Valores<\/a><\/h3>\n\t\t<div class=\"wpb_accordion_content ui-accordion-content vc_clearfix\">\n\t\t\t\n\t<div class=\"wpb_text_column wpb_content_element\" >\n\t\t<div class=\"wpb_wrapper\">\n\t\t\t<p>La escuela est\u00e1 arraigada en los valores positivos tradicionales.<\/p>\n<p class=\"translation-block\">El florecimietno de la flor roja simboliza el viaje en SSHK, donde se ense\u00f1a a los estudiantes a ser valientes y apasionados en todo lo que hacen. Inspirada por culturas y valores din\u00e1micos en una fusi\u00f3n de Oriente y Occidente, la experiencia educativa en SSHK mejora su crecimiento hol\u00edstico y capacita a los alumnos para sobresalir en todas sus actividades.<\/p>\n<p>Los cinco p\u00e9talos representan cinco valores que apreciamos y defendemos en SSHK<\/p>\n<div style=\"width: 300px; margin: 0 auto;\">\n<p style=\"text-align: center;\"><strong><em>Amabilidad \u00a0<img loading=\"lazy\" decoding=\"async\" class=\"alignright wp-image-2959\" src=\"https:\/\/sshk.edu.hk\/wp-content\/uploads\/2014\/07\/school-flower-271x300.png\" alt=\"\" width=\"150\" height=\"166\" srcset=\"https:\/\/sshk.edu.hk\/wp-content\/uploads\/2014\/07\/school-flower-271x300.png 271w, https:\/\/sshk.edu.hk\/wp-content\/uploads\/2014\/07\/school-flower-255x282.png 255w, https:\/\/sshk.edu.hk\/wp-content\/uploads\/2014\/07\/school-flower.png 446w\" sizes=\"auto, (max-width: 150px) 100vw, 150px\" \/><\/em><\/strong><\/p>\n<p style=\"text-align: center;\"><strong><em>Honestidad<\/em><\/strong><\/p>\n<p style=\"text-align: center;\"><strong><em>Humildad<\/em><\/strong><\/p>\n<p style=\"text-align: center;\"><strong><em>Respeto<\/em><\/strong><\/p>\n<p style=\"text-align: center;\"><strong><em>Compromiso<\/em><\/strong><\/p>\n<\/div>\n<p>&nbsp;<\/p>\n<p class=\"translation-block\">La convergencia de los cinco valores nos une como una gran \nfamilia.<\/p>\n\n\t\t<\/div>\n\t<\/div>\n\n\t\t<\/div>\n\t<\/div>\n\n\t\t<\/div>\n\t<\/div>\n<\/div><\/div><\/div><div class=\"sidebar wpb_column vc_column_container vc_col-sm-4\"><div class=\"vc_column-inner\"><div class=\"wpb_wrapper\"><div  class=\"vc_wp_custommenu wpb_content_element\"><div class=\"widget widget_nav_menu\"><h2 class=\"widgettitle\">Nuestro colegio<\/h2><div class=\"menu-our-school-container\"><ul id=\"menu-our-school\" class=\"menu\"><li id=\"menu-item-2980\" class=\"menu-item menu-item-type-post_type menu-item-object-page menu-item-2980\"><a href=\"https:\/\/sshk.edu.hk\/es\/ourschool\/\">Nuestro colegio<\/a><\/li>\n<li id=\"menu-item-3015\" class=\"menu-item menu-item-type-post_type menu-item-object-page menu-item-3015\"><a href=\"https:\/\/sshk.edu.hk\/es\/welcomemessage\/\">Mensaje de bienvenida<\/a><\/li>\n<li id=\"menu-item-3036\" class=\"menu-item menu-item-type-post_type menu-item-object-page menu-item-3036\"><a href=\"https:\/\/sshk.edu.hk\/es\/missionstatement\/\">Declaraci\u00f3n de objetivos<\/a><\/li>\n<li id=\"menu-item-3178\" class=\"menu-item menu-item-type-post_type menu-item-object-page menu-item-3178\"><a href=\"https:\/\/sshk.edu.hk\/es\/management\/\">Equipo directivo de SSHK<\/a><\/li>\n<li id=\"menu-item-3699\" class=\"menu-item menu-item-type-post_type menu-item-object-page menu-item-3699\"><a href=\"https:\/\/sshk.edu.hk\/es\/parent-testimony\/\">Testimonio de los padres<\/a><\/li>\n<\/ul><\/div><\/div><\/div><\/div><\/div><\/div><\/div>    \t\t\t<\/div><!--\/u_row-->\r\n\t<\/p>\n<\/section>","protected":false},"excerpt":{"rendered":"Mission Statement At Spanish School of Hong Kong our students are at the forefront of our curriculum. We are committed to ensuring the well-being and holistic development of all. Furthermore, SSHK aims to provide the highest calibre of trilingual education, as well as, nurture sportsmanship, community spirit, and morality, all of which cultivate students\u2019 independent [...]","protected":false},"author":5,"featured_media":0,"parent":0,"menu_order":0,"comment_status":"closed","ping_status":"closed","template":"","meta":{"footnotes":""},"class_list":["post-3014","page","type-page","status-publish","hentry"],"yoast_head":"<!-- This site is optimized with the Yoast SEO plugin v24.6 - https:\/\/yoast.com\/wordpress\/plugins\/seo\/ -->\n<title>Mission Statement - Spanish School of Hong Kong<\/title>\n<meta name=\"robots\" content=\"index, follow, max-snippet:-1, max-image-preview:large, max-video-preview:-1\" \/>\n<link rel=\"canonical\" href=\"https:\/\/sshk.edu.hk\/es\/missionstatement\/\" \/>\n<meta property=\"og:locale\" content=\"es_ES\" \/>\n<meta property=\"og:type\" content=\"article\" \/>\n<meta property=\"og:title\" content=\"Mission Statement - Spanish School of Hong Kong\" \/>\n<meta property=\"og:url\" content=\"https:\/\/sshk.edu.hk\/es\/missionstatement\/\" \/>\n<meta property=\"og:site_name\" content=\"Spanish School of Hong Kong\" \/>\n<meta property=\"article:publisher\" content=\"https:\/\/www.facebook.com\/SPISHK\/\" \/>\n<meta property=\"article:modified_time\" content=\"2024-09-25T11:49:08+00:00\" \/>\n<meta property=\"og:image\" content=\"https:\/\/sshk.edu.hk\/wp-content\/uploads\/2014\/07\/school-flower-271x300.png\" \/>\n<meta name=\"twitter:card\" content=\"summary_large_image\" \/>\n<meta name=\"twitter:label1\" content=\"Tiempo de lectura\" \/>\n\t<meta name=\"twitter:data1\" content=\"2 minutos\" \/>\n<script type=\"application\/ld+json\" class=\"yoast-schema-graph\">{\"@context\":\"https:\/\/schema.org\",\"@graph\":[{\"@type\":\"WebPage\",\"@id\":\"https:\/\/sshk.edu.hk\/missionstatement\/\",\"url\":\"https:\/\/sshk.edu.hk\/missionstatement\/\",\"name\":\"Mission Statement - Spanish School of Hong Kong\",\"isPartOf\":{\"@id\":\"https:\/\/sshk.edu.hk\/#website\"},\"primaryImageOfPage\":{\"@id\":\"https:\/\/sshk.edu.hk\/missionstatement\/#primaryimage\"},\"image\":{\"@id\":\"https:\/\/sshk.edu.hk\/missionstatement\/#primaryimage\"},\"thumbnailUrl\":\"https:\/\/sshk.edu.hk\/wp-content\/uploads\/2014\/07\/school-flower-271x300.png\",\"datePublished\":\"2017-03-10T11:16:32+00:00\",\"dateModified\":\"2024-09-25T11:49:08+00:00\",\"breadcrumb\":{\"@id\":\"https:\/\/sshk.edu.hk\/missionstatement\/#breadcrumb\"},\"inLanguage\":\"es\",\"potentialAction\":[{\"@type\":\"ReadAction\",\"target\":[\"https:\/\/sshk.edu.hk\/missionstatement\/\"]}]},{\"@type\":\"ImageObject\",\"inLanguage\":\"es\",\"@id\":\"https:\/\/sshk.edu.hk\/missionstatement\/#primaryimage\",\"url\":\"https:\/\/sshk.edu.hk\/wp-content\/uploads\/2014\/07\/school-flower-271x300.png\",\"contentUrl\":\"https:\/\/sshk.edu.hk\/wp-content\/uploads\/2014\/07\/school-flower-271x300.png\"},{\"@type\":\"BreadcrumbList\",\"@id\":\"https:\/\/sshk.edu.hk\/missionstatement\/#breadcrumb\",\"itemListElement\":[{\"@type\":\"ListItem\",\"position\":1,\"name\":\"Home\",\"item\":\"https:\/\/sshk.edu.hk\/\"},{\"@type\":\"ListItem\",\"position\":2,\"name\":\"Mission Statement\"}]},{\"@type\":\"WebSite\",\"@id\":\"https:\/\/sshk.edu.hk\/#website\",\"url\":\"https:\/\/sshk.edu.hk\/\",\"name\":\"Spanish Primary School\",\"description\":\"Welcome to a world of possibilities &amp; opportunities\u2026\",\"potentialAction\":[{\"@type\":\"SearchAction\",\"target\":{\"@type\":\"EntryPoint\",\"urlTemplate\":\"https:\/\/sshk.edu.hk\/?s={search_term_string}\"},\"query-input\":{\"@type\":\"PropertyValueSpecification\",\"valueRequired\":true,\"valueName\":\"search_term_string\"}}],\"inLanguage\":\"es\"}]}<\/script>\n<!-- \/ Yoast SEO plugin. -->","yoast_head_json":{"title":"Mission Statement - Spanish School of Hong Kong","robots":{"index":"index","follow":"follow","max-snippet":"max-snippet:-1","max-image-preview":"max-image-preview:large","max-video-preview":"max-video-preview:-1"},"canonical":"https:\/\/sshk.edu.hk\/es\/missionstatement\/","og_locale":"es_ES","og_type":"article","og_title":"Mission Statement - Spanish School of Hong Kong","og_url":"https:\/\/sshk.edu.hk\/es\/missionstatement\/","og_site_name":"Spanish School of Hong Kong","article_publisher":"https:\/\/www.facebook.com\/SPISHK\/","article_modified_time":"2024-09-25T11:49:08+00:00","og_image":[{"url":"https:\/\/sshk.edu.hk\/wp-content\/uploads\/2014\/07\/school-flower-271x300.png","type":"","width":"","height":""}],"twitter_card":"summary_large_image","twitter_misc":{"Tiempo de lectura":"2 minutos"},"schema":{"@context":"https:\/\/schema.org","@graph":[{"@type":"WebPage","@id":"https:\/\/sshk.edu.hk\/missionstatement\/","url":"https:\/\/sshk.edu.hk\/missionstatement\/","name":"Mission Statement - Spanish School of Hong Kong","isPartOf":{"@id":"https:\/\/sshk.edu.hk\/#website"},"primaryImageOfPage":{"@id":"https:\/\/sshk.edu.hk\/missionstatement\/#primaryimage"},"image":{"@id":"https:\/\/sshk.edu.hk\/missionstatement\/#primaryimage"},"thumbnailUrl":"https:\/\/sshk.edu.hk\/wp-content\/uploads\/2014\/07\/school-flower-271x300.png","datePublished":"2017-03-10T11:16:32+00:00","dateModified":"2024-09-25T11:49:08+00:00","breadcrumb":{"@id":"https:\/\/sshk.edu.hk\/missionstatement\/#breadcrumb"},"inLanguage":"es","potentialAction":[{"@type":"ReadAction","target":["https:\/\/sshk.edu.hk\/missionstatement\/"]}]},{"@type":"ImageObject","inLanguage":"es","@id":"https:\/\/sshk.edu.hk\/missionstatement\/#primaryimage","url":"https:\/\/sshk.edu.hk\/wp-content\/uploads\/2014\/07\/school-flower-271x300.png","contentUrl":"https:\/\/sshk.edu.hk\/wp-content\/uploads\/2014\/07\/school-flower-271x300.png"},{"@type":"BreadcrumbList","@id":"https:\/\/sshk.edu.hk\/missionstatement\/#breadcrumb","itemListElement":[{"@type":"ListItem","position":1,"name":"Home","item":"https:\/\/sshk.edu.hk\/"},{"@type":"ListItem","position":2,"name":"Mission Statement"}]},{"@type":"WebSite","@id":"https:\/\/sshk.edu.hk\/#website","url":"https:\/\/sshk.edu.hk\/","name":"Spanish Primary School","description":"Welcome to a world of possibilities &amp; opportunities\u2026","potentialAction":[{"@type":"SearchAction","target":{"@type":"EntryPoint","urlTemplate":"https:\/\/sshk.edu.hk\/?s={search_term_string}"},"query-input":{"@type":"PropertyValueSpecification","valueRequired":true,"valueName":"search_term_string"}}],"inLanguage":"es"}]}},"_links":{"self":[{"href":"https:\/\/sshk.edu.hk\/es\/wp-json\/wp\/v2\/pages\/3014","targetHints":{"allow":["GET"]}}],"collection":[{"href":"https:\/\/sshk.edu.hk\/es\/wp-json\/wp\/v2\/pages"}],"about":[{"href":"https:\/\/sshk.edu.hk\/es\/wp-json\/wp\/v2\/types\/page"}],"author":[{"embeddable":true,"href":"https:\/\/sshk.edu.hk\/es\/wp-json\/wp\/v2\/users\/5"}],"replies":[{"embeddable":true,"href":"https:\/\/sshk.edu.hk\/es\/wp-json\/wp\/v2\/comments?post=3014"}],"version-history":[{"count":14,"href":"https:\/\/sshk.edu.hk\/es\/wp-json\/wp\/v2\/pages\/3014\/revisions"}],"predecessor-version":[{"id":3793,"href":"https:\/\/sshk.edu.hk\/es\/wp-json\/wp\/v2\/pages\/3014\/revisions\/3793"}],"wp:attachment":[{"href":"https:\/\/sshk.edu.hk\/es\/wp-json\/wp\/v2\/media?parent=3014"}],"curies":[{"name":"wp","href":"https:\/\/api.w.org\/{rel}","templated":true}]}}