{"id":2956,"date":"2017-03-10T08:31:42","date_gmt":"2017-03-10T08:31:42","guid":{"rendered":"https:\/\/sshk.edu.hk\/?page_id=2956"},"modified":"2025-01-09T16:40:02","modified_gmt":"2025-01-09T08:40:02","slug":"ourschool","status":"publish","type":"page","link":"https:\/\/sshk.edu.hk\/es\/ourschool\/","title":{"rendered":"Nuestro colegio"},"content":{"rendered":"<section class=\"wpb-content-wrapper\"><div class=\"u_row\">\r\n        \t<div class=\"vc_row wpb_row vc_row-fluid\"><div class=\"wpb_column vc_column_container vc_col-sm-12\"><div class=\"vc_column-inner\"><div class=\"wpb_wrapper\">\n\t<div  class=\"wpb_single_image wpb_content_element vc_align_left\">\n\t\t\n\t\t<figure class=\"wpb_wrapper vc_figure\">\n\t\t\t<div class=\"vc_single_image-wrapper   vc_box_border_grey\"><img loading=\"lazy\" decoding=\"async\" width=\"1268\" height=\"1006\" src=\"https:\/\/sshk.edu.hk\/wp-content\/uploads\/2024\/09\/Group.jpg\" class=\"vc_single_image-img attachment-full\" alt=\"\" title=\"SSHK Mission\" srcset=\"https:\/\/sshk.edu.hk\/wp-content\/uploads\/2024\/09\/Group.jpg 1268w, https:\/\/sshk.edu.hk\/wp-content\/uploads\/2024\/09\/Group-300x238.jpg 300w, https:\/\/sshk.edu.hk\/wp-content\/uploads\/2024\/09\/Group-1024x812.jpg 1024w, https:\/\/sshk.edu.hk\/wp-content\/uploads\/2024\/09\/Group-768x609.jpg 768w, https:\/\/sshk.edu.hk\/wp-content\/uploads\/2024\/09\/Group-15x12.jpg 15w, https:\/\/sshk.edu.hk\/wp-content\/uploads\/2024\/09\/Group-255x202.jpg 255w\" sizes=\"auto, (max-width: 1268px) 100vw, 1268px\" \/><\/div>\n\t\t<\/figure>\n\t<\/div>\n<\/div><\/div><\/div><\/div>    \t\t\t<\/div><!--\/u_row-->\r\n\t\t\t<div class=\"u_row\">\r\n        \t<div class=\"vc_row wpb_row vc_row-fluid\"><div class=\"wpb_column vc_column_container vc_col-sm-8\"><div class=\"vc_column-inner\"><div class=\"wpb_wrapper\">\n\t<div class=\"wpb_text_column wpb_content_element\" >\n\t\t<div class=\"wpb_wrapper\">\n\t\t\t<h3><span style=\"color: #253b80;\">Spanish School of Hong Kong (SSHK)\u00a0<\/span><\/h3>\n<p>En SSHK, nuestros estudiantes son animados continuamente a aprender y crecer en un entorno inspirador y ambicioso, permiti\u00e9ndoles desarrollar una aptitud para el liderazgo, habilidades de comunicaci\u00f3n, un pensamiento independiente, creatividad, esp\u00edritu comunitario y moralidad.<\/p>\n<p>Inaugurado en 2017, SSHK est\u00e1 situado en Shuen Wan, en el centro de la comunidad de Tai Po. El terreno de la escuela cuenta con 12000 metros cuadrados, 800 de los cuales est\u00e1n destinados a la zona de construcci\u00f3n existente. SPIS est\u00e1 situado junto a la regi\u00f3n monta\u00f1osa de Pat Sin Leng Country Park, con vistas al Mar de China Meridional, lo que permite a las familias disfrutar de la tranquilidad del bullicioso estilo de vida de Hong Kong. Para aprovechar la belleza natural de la zona, el emplazamiento de la escuela se ha dise\u00f1ado para promover un entorno de aprendizaje activo tanto dentro como fuera del aula. As\u00ed, se ofrece una experiencia de aprendizaje \u00fanica para inspirar a pensadores innovadores y cr\u00edticos.<\/p>\n<p>En 2024, el campus principal de SSHK se traslad\u00f3 temporalmente al \u00e1rea del mercado de Tai Po. SSHK est\u00e1 situado junto al Museo Hist\u00f3rico del Ferrocarril de Hong Kong. El nuevo campus nos permite ampliar nuestras instalaciones interiores, que incluyen: el sal\u00f3n de actos, sala de usos m\u00faltiples, pabell\u00f3n deportivo, laboratorios de ciencias, sala de m\u00fasica y ensayo, sala com\u00fan para los estudiantes, biblioteca, arte y tecnolog\u00eda, salas de recreo \u00a1y mucho m\u00e1s!<\/p>\n<p>Como educadores, nos comprometemos a lograr la excelencia educativa en nuestra pr\u00e1ctica docente. Es nuestra pasi\u00f3n por la educaci\u00f3n la que nos lleva a descubrir, dar rienda suelta y capacitar a nuestros alumnos para que expresen libremente sus ideas, orienten sus acciones hacia objetivos claros y trabajen eficazmente con otros en un mundo plural, global e interactivo.<\/p>\n\n\t\t<\/div>\n\t<\/div>\n<\/div><\/div><\/div><div class=\"sidebar wpb_column vc_column_container vc_col-sm-4\"><div class=\"vc_column-inner\"><div class=\"wpb_wrapper\"><div  class=\"vc_wp_custommenu wpb_content_element\"><div class=\"widget widget_nav_menu\"><h2 class=\"widgettitle\">Nuestro colegio<\/h2><div class=\"menu-our-school-container\"><ul id=\"menu-our-school\" class=\"menu\"><li id=\"menu-item-2980\" class=\"menu-item menu-item-type-post_type menu-item-object-page menu-item-2980\"><a href=\"https:\/\/sshk.edu.hk\/es\/ourschool\/\">Nuestro colegio<\/a><\/li>\n<li id=\"menu-item-3015\" class=\"menu-item menu-item-type-post_type menu-item-object-page menu-item-3015\"><a href=\"https:\/\/sshk.edu.hk\/es\/welcomemessage\/\">Mensaje de bienvenida<\/a><\/li>\n<li id=\"menu-item-3036\" class=\"menu-item menu-item-type-post_type menu-item-object-page menu-item-3036\"><a href=\"https:\/\/sshk.edu.hk\/es\/missionstatement\/\">Declaraci\u00f3n de objetivos<\/a><\/li>\n<li id=\"menu-item-3178\" class=\"menu-item menu-item-type-post_type menu-item-object-page menu-item-3178\"><a href=\"https:\/\/sshk.edu.hk\/es\/management\/\">Equipo directivo de SSHK<\/a><\/li>\n<li id=\"menu-item-3699\" class=\"menu-item menu-item-type-post_type menu-item-object-page menu-item-3699\"><a href=\"https:\/\/sshk.edu.hk\/es\/parent-testimony\/\">Testimonio de los padres<\/a><\/li>\n<\/ul><\/div><\/div><\/div><\/div><\/div><\/div><\/div>    \t\t\t<\/div><!--\/u_row-->\r\n\t\t\t<div class=\"u_row\">\r\n        \t<div class=\"vc_row wpb_row vc_row-fluid\"><div class=\"wpb_column vc_column_container vc_col-sm-12\"><div class=\"vc_column-inner\"><div class=\"wpb_wrapper\"><div class=\"wpb_gallery wpb_content_element vc_clearfix\" ><div class=\"wpb_wrapper\"><h2 class=\"wpb_heading wpb_gallery_heading\">Nuestro Campus<\/h2><div class=\"wpb_gallery_slides wpb_image_grid\" data-interval=\"3\"><ul class=\"wpb_image_grid_ul\"><li class=\"isotope-item\"><a class=\"\" href=\"https:\/\/sshk.edu.hk\/wp-content\/uploads\/2024\/09\/Stage-area-1024x768.jpg\" data-lightbox=\"lightbox[rel-2956-1195758996]\"><img loading=\"lazy\" decoding=\"async\" width=\"150\" height=\"150\" src=\"https:\/\/sshk.edu.hk\/wp-content\/uploads\/2024\/09\/Stage-area-150x150.jpg\" class=\"attachment-thumbnail\" alt=\"\" title=\"Stage area\" srcset=\"https:\/\/sshk.edu.hk\/wp-content\/uploads\/2024\/09\/Stage-area-150x150.jpg 150w, https:\/\/sshk.edu.hk\/wp-content\/uploads\/2024\/09\/Stage-area-50x50.jpg 50w, https:\/\/sshk.edu.hk\/wp-content\/uploads\/2024\/09\/Stage-area-80x80.jpg 80w, https:\/\/sshk.edu.hk\/wp-content\/uploads\/2024\/09\/Stage-area-263x263.jpg 263w, https:\/\/sshk.edu.hk\/wp-content\/uploads\/2024\/09\/Stage-area-100x100.jpg 100w, https:\/\/sshk.edu.hk\/wp-content\/uploads\/2024\/09\/Stage-area-526x526.jpg 526w\" sizes=\"auto, (max-width: 150px) 100vw, 150px\" \/><\/a><\/li><li class=\"isotope-item\"><a class=\"\" href=\"https:\/\/sshk.edu.hk\/wp-content\/uploads\/2024\/09\/School-Hall-855x1024.jpg\" data-lightbox=\"lightbox[rel-2956-1195758996]\"><img loading=\"lazy\" decoding=\"async\" width=\"150\" height=\"150\" src=\"https:\/\/sshk.edu.hk\/wp-content\/uploads\/2024\/09\/School-Hall-150x150.jpg\" class=\"attachment-thumbnail\" alt=\"\" title=\"School Hall\" srcset=\"https:\/\/sshk.edu.hk\/wp-content\/uploads\/2024\/09\/School-Hall-150x150.jpg 150w, https:\/\/sshk.edu.hk\/wp-content\/uploads\/2024\/09\/School-Hall-50x50.jpg 50w, https:\/\/sshk.edu.hk\/wp-content\/uploads\/2024\/09\/School-Hall-80x80.jpg 80w, https:\/\/sshk.edu.hk\/wp-content\/uploads\/2024\/09\/School-Hall-263x263.jpg 263w, https:\/\/sshk.edu.hk\/wp-content\/uploads\/2024\/09\/School-Hall-100x100.jpg 100w, https:\/\/sshk.edu.hk\/wp-content\/uploads\/2024\/09\/School-Hall-526x526.jpg 526w\" sizes=\"auto, (max-width: 150px) 100vw, 150px\" \/><\/a><\/li><li class=\"isotope-item\"><a class=\"\" href=\"https:\/\/sshk.edu.hk\/wp-content\/uploads\/2024\/09\/Library-768x1024.jpg\" data-lightbox=\"lightbox[rel-2956-1195758996]\"><img loading=\"lazy\" decoding=\"async\" width=\"150\" height=\"150\" src=\"https:\/\/sshk.edu.hk\/wp-content\/uploads\/2024\/09\/Library-150x150.jpg\" class=\"attachment-thumbnail\" alt=\"\" title=\"Library\" srcset=\"https:\/\/sshk.edu.hk\/wp-content\/uploads\/2024\/09\/Library-150x150.jpg 150w, https:\/\/sshk.edu.hk\/wp-content\/uploads\/2024\/09\/Library-50x50.jpg 50w, https:\/\/sshk.edu.hk\/wp-content\/uploads\/2024\/09\/Library-80x80.jpg 80w, https:\/\/sshk.edu.hk\/wp-content\/uploads\/2024\/09\/Library-263x263.jpg 263w, https:\/\/sshk.edu.hk\/wp-content\/uploads\/2024\/09\/Library-100x100.jpg 100w, https:\/\/sshk.edu.hk\/wp-content\/uploads\/2024\/09\/Library-526x526.jpg 526w\" sizes=\"auto, (max-width: 150px) 100vw, 150px\" \/><\/a><\/li><li class=\"isotope-item\"><a class=\"\" href=\"https:\/\/sshk.edu.hk\/wp-content\/uploads\/2024\/09\/Reception-768x1024.jpg\" data-lightbox=\"lightbox[rel-2956-1195758996]\"><img loading=\"lazy\" decoding=\"async\" width=\"150\" height=\"150\" src=\"https:\/\/sshk.edu.hk\/wp-content\/uploads\/2024\/09\/Reception-150x150.jpg\" class=\"attachment-thumbnail\" alt=\"\" title=\"Recepci\u00f3n\" srcset=\"https:\/\/sshk.edu.hk\/wp-content\/uploads\/2024\/09\/Reception-150x150.jpg 150w, https:\/\/sshk.edu.hk\/wp-content\/uploads\/2024\/09\/Reception-50x50.jpg 50w, https:\/\/sshk.edu.hk\/wp-content\/uploads\/2024\/09\/Reception-80x80.jpg 80w, https:\/\/sshk.edu.hk\/wp-content\/uploads\/2024\/09\/Reception-263x263.jpg 263w, https:\/\/sshk.edu.hk\/wp-content\/uploads\/2024\/09\/Reception-100x100.jpg 100w, https:\/\/sshk.edu.hk\/wp-content\/uploads\/2024\/09\/Reception-526x526.jpg 526w\" sizes=\"auto, (max-width: 150px) 100vw, 150px\" \/><\/a><\/li><li class=\"isotope-item\"><a class=\"\" href=\"https:\/\/sshk.edu.hk\/wp-content\/uploads\/2024\/09\/STEM-839x1024.jpg\" data-lightbox=\"lightbox[rel-2956-1195758996]\"><img loading=\"lazy\" decoding=\"async\" width=\"150\" height=\"150\" src=\"https:\/\/sshk.edu.hk\/wp-content\/uploads\/2024\/09\/STEM-150x150.jpg\" class=\"attachment-thumbnail\" alt=\"\" title=\"STEM\" srcset=\"https:\/\/sshk.edu.hk\/wp-content\/uploads\/2024\/09\/STEM-150x150.jpg 150w, https:\/\/sshk.edu.hk\/wp-content\/uploads\/2024\/09\/STEM-50x50.jpg 50w, https:\/\/sshk.edu.hk\/wp-content\/uploads\/2024\/09\/STEM-80x80.jpg 80w, https:\/\/sshk.edu.hk\/wp-content\/uploads\/2024\/09\/STEM-263x263.jpg 263w, https:\/\/sshk.edu.hk\/wp-content\/uploads\/2024\/09\/STEM-100x100.jpg 100w, https:\/\/sshk.edu.hk\/wp-content\/uploads\/2024\/09\/STEM-526x526.jpg 526w\" sizes=\"auto, (max-width: 150px) 100vw, 150px\" \/><\/a><\/li><li class=\"isotope-item\"><a class=\"\" href=\"https:\/\/sshk.edu.hk\/wp-content\/uploads\/2024\/09\/Primary-Common-Room-1024x768.jpg\" data-lightbox=\"lightbox[rel-2956-1195758996]\"><img loading=\"lazy\" decoding=\"async\" width=\"150\" height=\"150\" src=\"https:\/\/sshk.edu.hk\/wp-content\/uploads\/2024\/09\/Primary-Common-Room-150x150.jpg\" class=\"attachment-thumbnail\" alt=\"\" title=\"Primary Common Room\" srcset=\"https:\/\/sshk.edu.hk\/wp-content\/uploads\/2024\/09\/Primary-Common-Room-150x150.jpg 150w, https:\/\/sshk.edu.hk\/wp-content\/uploads\/2024\/09\/Primary-Common-Room-50x50.jpg 50w, https:\/\/sshk.edu.hk\/wp-content\/uploads\/2024\/09\/Primary-Common-Room-80x80.jpg 80w, https:\/\/sshk.edu.hk\/wp-content\/uploads\/2024\/09\/Primary-Common-Room-263x263.jpg 263w, https:\/\/sshk.edu.hk\/wp-content\/uploads\/2024\/09\/Primary-Common-Room-100x100.jpg 100w, https:\/\/sshk.edu.hk\/wp-content\/uploads\/2024\/09\/Primary-Common-Room-526x526.jpg 526w\" sizes=\"auto, (max-width: 150px) 100vw, 150px\" \/><\/a><\/li><li class=\"isotope-item\"><a class=\"\" href=\"https:\/\/sshk.edu.hk\/wp-content\/uploads\/2024\/09\/Science-Lab-768x1024.jpg\" data-lightbox=\"lightbox[rel-2956-1195758996]\"><img loading=\"lazy\" decoding=\"async\" width=\"150\" height=\"150\" src=\"https:\/\/sshk.edu.hk\/wp-content\/uploads\/2024\/09\/Science-Lab-150x150.jpg\" class=\"attachment-thumbnail\" alt=\"\" title=\"Science Lab\" srcset=\"https:\/\/sshk.edu.hk\/wp-content\/uploads\/2024\/09\/Science-Lab-150x150.jpg 150w, https:\/\/sshk.edu.hk\/wp-content\/uploads\/2024\/09\/Science-Lab-50x50.jpg 50w, https:\/\/sshk.edu.hk\/wp-content\/uploads\/2024\/09\/Science-Lab-80x80.jpg 80w, https:\/\/sshk.edu.hk\/wp-content\/uploads\/2024\/09\/Science-Lab-263x263.jpg 263w, https:\/\/sshk.edu.hk\/wp-content\/uploads\/2024\/09\/Science-Lab-100x100.jpg 100w, https:\/\/sshk.edu.hk\/wp-content\/uploads\/2024\/09\/Science-Lab-526x526.jpg 526w\" sizes=\"auto, (max-width: 150px) 100vw, 150px\" \/><\/a><\/li><li class=\"isotope-item\"><a class=\"\" href=\"https:\/\/sshk.edu.hk\/wp-content\/uploads\/2024\/09\/Scondary-Common-Room-1024x768.jpg\" data-lightbox=\"lightbox[rel-2956-1195758996]\"><img loading=\"lazy\" decoding=\"async\" width=\"150\" height=\"150\" src=\"https:\/\/sshk.edu.hk\/wp-content\/uploads\/2024\/09\/Scondary-Common-Room-150x150.jpg\" class=\"attachment-thumbnail\" alt=\"\" title=\"Scondary Common Room\" srcset=\"https:\/\/sshk.edu.hk\/wp-content\/uploads\/2024\/09\/Scondary-Common-Room-150x150.jpg 150w, https:\/\/sshk.edu.hk\/wp-content\/uploads\/2024\/09\/Scondary-Common-Room-50x50.jpg 50w, https:\/\/sshk.edu.hk\/wp-content\/uploads\/2024\/09\/Scondary-Common-Room-80x80.jpg 80w, https:\/\/sshk.edu.hk\/wp-content\/uploads\/2024\/09\/Scondary-Common-Room-263x263.jpg 263w, https:\/\/sshk.edu.hk\/wp-content\/uploads\/2024\/09\/Scondary-Common-Room-100x100.jpg 100w, https:\/\/sshk.edu.hk\/wp-content\/uploads\/2024\/09\/Scondary-Common-Room-526x526.jpg 526w\" sizes=\"auto, (max-width: 150px) 100vw, 150px\" \/><\/a><\/li><li class=\"isotope-item\"><a class=\"\" href=\"https:\/\/sshk.edu.hk\/wp-content\/uploads\/2024\/09\/Cafeteria-1024x690.jpg\" data-lightbox=\"lightbox[rel-2956-1195758996]\"><img loading=\"lazy\" decoding=\"async\" width=\"150\" height=\"150\" src=\"https:\/\/sshk.edu.hk\/wp-content\/uploads\/2024\/09\/Cafeteria-150x150.jpg\" class=\"attachment-thumbnail\" alt=\"\" title=\"Cafeteria\" srcset=\"https:\/\/sshk.edu.hk\/wp-content\/uploads\/2024\/09\/Cafeteria-150x150.jpg 150w, https:\/\/sshk.edu.hk\/wp-content\/uploads\/2024\/09\/Cafeteria-50x50.jpg 50w, https:\/\/sshk.edu.hk\/wp-content\/uploads\/2024\/09\/Cafeteria-80x80.jpg 80w, https:\/\/sshk.edu.hk\/wp-content\/uploads\/2024\/09\/Cafeteria-263x263.jpg 263w, https:\/\/sshk.edu.hk\/wp-content\/uploads\/2024\/09\/Cafeteria-100x100.jpg 100w, https:\/\/sshk.edu.hk\/wp-content\/uploads\/2024\/09\/Cafeteria-526x526.jpg 526w\" sizes=\"auto, (max-width: 150px) 100vw, 150px\" \/><\/a><\/li><li class=\"isotope-item\"><a class=\"\" href=\"https:\/\/sshk.edu.hk\/wp-content\/uploads\/2024\/10\/Indoor-Sports-Area-768x1024.jpg\" data-lightbox=\"lightbox[rel-2956-1195758996]\"><img loading=\"lazy\" decoding=\"async\" width=\"150\" height=\"150\" src=\"https:\/\/sshk.edu.hk\/wp-content\/uploads\/2024\/10\/Indoor-Sports-Area-150x150.jpg\" class=\"attachment-thumbnail\" alt=\"\" title=\"Indoor Sports Area\" srcset=\"https:\/\/sshk.edu.hk\/wp-content\/uploads\/2024\/10\/Indoor-Sports-Area-150x150.jpg 150w, https:\/\/sshk.edu.hk\/wp-content\/uploads\/2024\/10\/Indoor-Sports-Area-50x50.jpg 50w, https:\/\/sshk.edu.hk\/wp-content\/uploads\/2024\/10\/Indoor-Sports-Area-80x80.jpg 80w, https:\/\/sshk.edu.hk\/wp-content\/uploads\/2024\/10\/Indoor-Sports-Area-263x263.jpg 263w, https:\/\/sshk.edu.hk\/wp-content\/uploads\/2024\/10\/Indoor-Sports-Area-100x100.jpg 100w, https:\/\/sshk.edu.hk\/wp-content\/uploads\/2024\/10\/Indoor-Sports-Area-526x526.jpg 526w\" sizes=\"auto, (max-width: 150px) 100vw, 150px\" \/><\/a><\/li><li class=\"isotope-item\"><a class=\"\" href=\"https:\/\/sshk.edu.hk\/wp-content\/uploads\/2024\/10\/Primary-Classroom-1024x768.jpg\" data-lightbox=\"lightbox[rel-2956-1195758996]\"><img loading=\"lazy\" decoding=\"async\" width=\"150\" height=\"150\" src=\"https:\/\/sshk.edu.hk\/wp-content\/uploads\/2024\/10\/Primary-Classroom-150x150.jpg\" class=\"attachment-thumbnail\" alt=\"\" title=\"Primary Classroom\" srcset=\"https:\/\/sshk.edu.hk\/wp-content\/uploads\/2024\/10\/Primary-Classroom-150x150.jpg 150w, https:\/\/sshk.edu.hk\/wp-content\/uploads\/2024\/10\/Primary-Classroom-50x50.jpg 50w, https:\/\/sshk.edu.hk\/wp-content\/uploads\/2024\/10\/Primary-Classroom-80x80.jpg 80w, https:\/\/sshk.edu.hk\/wp-content\/uploads\/2024\/10\/Primary-Classroom-263x263.jpg 263w, https:\/\/sshk.edu.hk\/wp-content\/uploads\/2024\/10\/Primary-Classroom-100x100.jpg 100w, https:\/\/sshk.edu.hk\/wp-content\/uploads\/2024\/10\/Primary-Classroom-526x526.jpg 526w\" sizes=\"auto, (max-width: 150px) 100vw, 150px\" \/><\/a><\/li><li class=\"isotope-item\"><a class=\"\" href=\"https:\/\/sshk.edu.hk\/wp-content\/uploads\/2024\/10\/Recreation-Room-1024x768.jpg\" data-lightbox=\"lightbox[rel-2956-1195758996]\"><img loading=\"lazy\" decoding=\"async\" width=\"150\" height=\"150\" src=\"https:\/\/sshk.edu.hk\/wp-content\/uploads\/2024\/10\/Recreation-Room-150x150.jpg\" class=\"attachment-thumbnail\" alt=\"\" title=\"Recreation Room\" srcset=\"https:\/\/sshk.edu.hk\/wp-content\/uploads\/2024\/10\/Recreation-Room-150x150.jpg 150w, https:\/\/sshk.edu.hk\/wp-content\/uploads\/2024\/10\/Recreation-Room-50x50.jpg 50w, https:\/\/sshk.edu.hk\/wp-content\/uploads\/2024\/10\/Recreation-Room-80x80.jpg 80w, https:\/\/sshk.edu.hk\/wp-content\/uploads\/2024\/10\/Recreation-Room-263x263.jpg 263w, https:\/\/sshk.edu.hk\/wp-content\/uploads\/2024\/10\/Recreation-Room-100x100.jpg 100w, https:\/\/sshk.edu.hk\/wp-content\/uploads\/2024\/10\/Recreation-Room-526x526.jpg 526w\" sizes=\"auto, (max-width: 150px) 100vw, 150px\" \/><\/a><\/li><li class=\"isotope-item\"><a class=\"\" href=\"https:\/\/sshk.edu.hk\/wp-content\/uploads\/2024\/10\/Secondary-School-Cafe-1024x768.jpg\" data-lightbox=\"lightbox[rel-2956-1195758996]\"><img loading=\"lazy\" decoding=\"async\" width=\"150\" height=\"150\" src=\"https:\/\/sshk.edu.hk\/wp-content\/uploads\/2024\/10\/Secondary-School-Cafe-150x150.jpg\" class=\"attachment-thumbnail\" alt=\"\" title=\"Secondary School Cafe\" srcset=\"https:\/\/sshk.edu.hk\/wp-content\/uploads\/2024\/10\/Secondary-School-Cafe-150x150.jpg 150w, https:\/\/sshk.edu.hk\/wp-content\/uploads\/2024\/10\/Secondary-School-Cafe-50x50.jpg 50w, https:\/\/sshk.edu.hk\/wp-content\/uploads\/2024\/10\/Secondary-School-Cafe-80x80.jpg 80w, https:\/\/sshk.edu.hk\/wp-content\/uploads\/2024\/10\/Secondary-School-Cafe-263x263.jpg 263w, https:\/\/sshk.edu.hk\/wp-content\/uploads\/2024\/10\/Secondary-School-Cafe-100x100.jpg 100w, https:\/\/sshk.edu.hk\/wp-content\/uploads\/2024\/10\/Secondary-School-Cafe-526x526.jpg 526w\" sizes=\"auto, (max-width: 150px) 100vw, 150px\" \/><\/a><\/li><li class=\"isotope-item\"><a class=\"\" href=\"https:\/\/sshk.edu.hk\/wp-content\/uploads\/2024\/10\/Secondary-School-Classroom-1024x768.jpg\" data-lightbox=\"lightbox[rel-2956-1195758996]\"><img loading=\"lazy\" decoding=\"async\" width=\"150\" height=\"150\" src=\"https:\/\/sshk.edu.hk\/wp-content\/uploads\/2024\/10\/Secondary-School-Classroom-150x150.jpg\" class=\"attachment-thumbnail\" alt=\"\" title=\"Secondary School Classroom\" srcset=\"https:\/\/sshk.edu.hk\/wp-content\/uploads\/2024\/10\/Secondary-School-Classroom-150x150.jpg 150w, https:\/\/sshk.edu.hk\/wp-content\/uploads\/2024\/10\/Secondary-School-Classroom-50x50.jpg 50w, https:\/\/sshk.edu.hk\/wp-content\/uploads\/2024\/10\/Secondary-School-Classroom-80x80.jpg 80w, https:\/\/sshk.edu.hk\/wp-content\/uploads\/2024\/10\/Secondary-School-Classroom-263x263.jpg 263w, https:\/\/sshk.edu.hk\/wp-content\/uploads\/2024\/10\/Secondary-School-Classroom-100x100.jpg 100w, https:\/\/sshk.edu.hk\/wp-content\/uploads\/2024\/10\/Secondary-School-Classroom-526x526.jpg 526w\" sizes=\"auto, (max-width: 150px) 100vw, 150px\" \/><\/a><\/li><\/ul><\/div><\/div><\/div><\/div><\/div><\/div><\/div>    \t\t\t<\/div><!--\/u_row-->\r\n\t<\/p>\n<\/section>","protected":false},"excerpt":{"rendered":"Spanish School of Hong Kong (SSHK)\u00a0 At SSHK, our students are continuously encouraged to learn and grow in an\u00a0inspiring and ambitious environment, by enabling students to develop an\u00a0aptitude for leadership, communication skills, independent thinking, creativity, community spirit, and morality. Opened in 2017, SSHK was first located in Shuen Wan, in the heart of the Tai [...]","protected":false},"author":5,"featured_media":0,"parent":0,"menu_order":0,"comment_status":"closed","ping_status":"closed","template":"","meta":{"footnotes":""},"class_list":["post-2956","page","type-page","status-publish","hentry"],"yoast_head":"<!-- This site is optimized with the Yoast SEO plugin v24.6 - https:\/\/yoast.com\/wordpress\/plugins\/seo\/ -->\n<title>Our School - Spanish School of Hong Kong<\/title>\n<meta name=\"robots\" content=\"index, follow, max-snippet:-1, max-image-preview:large, max-video-preview:-1\" \/>\n<link rel=\"canonical\" href=\"https:\/\/sshk.edu.hk\/es\/ourschool\/\" \/>\n<meta property=\"og:locale\" content=\"es_ES\" \/>\n<meta property=\"og:type\" content=\"article\" \/>\n<meta property=\"og:title\" content=\"Our School - Spanish School of Hong Kong\" \/>\n<meta property=\"og:url\" content=\"https:\/\/sshk.edu.hk\/es\/ourschool\/\" \/>\n<meta property=\"og:site_name\" content=\"Spanish School of Hong Kong\" \/>\n<meta property=\"article:publisher\" content=\"https:\/\/www.facebook.com\/SPISHK\/\" \/>\n<meta property=\"article:modified_time\" content=\"2025-01-09T08:40:02+00:00\" \/>\n<meta property=\"og:image\" content=\"https:\/\/sshk.edu.hk\/wp-content\/uploads\/2017\/03\/COVER-SM-logo.png\" \/>\n<meta name=\"twitter:card\" content=\"summary_large_image\" \/>\n<meta name=\"twitter:label1\" content=\"Tiempo de lectura\" \/>\n\t<meta name=\"twitter:data1\" content=\"5 minutos\" \/>\n<script type=\"application\/ld+json\" class=\"yoast-schema-graph\">{\"@context\":\"https:\/\/schema.org\",\"@graph\":[{\"@type\":\"WebPage\",\"@id\":\"https:\/\/sshk.edu.hk\/ourschool\/\",\"url\":\"https:\/\/sshk.edu.hk\/ourschool\/\",\"name\":\"Our School - Spanish School of Hong Kong\",\"isPartOf\":{\"@id\":\"https:\/\/sshk.edu.hk\/#website\"},\"datePublished\":\"2017-03-10T08:31:42+00:00\",\"dateModified\":\"2025-01-09T08:40:02+00:00\",\"breadcrumb\":{\"@id\":\"https:\/\/sshk.edu.hk\/ourschool\/#breadcrumb\"},\"inLanguage\":\"es\",\"potentialAction\":[{\"@type\":\"ReadAction\",\"target\":[\"https:\/\/sshk.edu.hk\/ourschool\/\"]}]},{\"@type\":\"BreadcrumbList\",\"@id\":\"https:\/\/sshk.edu.hk\/ourschool\/#breadcrumb\",\"itemListElement\":[{\"@type\":\"ListItem\",\"position\":1,\"name\":\"Home\",\"item\":\"https:\/\/sshk.edu.hk\/\"},{\"@type\":\"ListItem\",\"position\":2,\"name\":\"Our School\"}]},{\"@type\":\"WebSite\",\"@id\":\"https:\/\/sshk.edu.hk\/#website\",\"url\":\"https:\/\/sshk.edu.hk\/\",\"name\":\"Spanish Primary School\",\"description\":\"Welcome to a world of possibilities &amp; opportunities\u2026\",\"potentialAction\":[{\"@type\":\"SearchAction\",\"target\":{\"@type\":\"EntryPoint\",\"urlTemplate\":\"https:\/\/sshk.edu.hk\/?s={search_term_string}\"},\"query-input\":{\"@type\":\"PropertyValueSpecification\",\"valueRequired\":true,\"valueName\":\"search_term_string\"}}],\"inLanguage\":\"es\"}]}<\/script>\n<!-- \/ Yoast SEO plugin. -->","yoast_head_json":{"title":"Our School - Spanish School of Hong Kong","robots":{"index":"index","follow":"follow","max-snippet":"max-snippet:-1","max-image-preview":"max-image-preview:large","max-video-preview":"max-video-preview:-1"},"canonical":"https:\/\/sshk.edu.hk\/es\/ourschool\/","og_locale":"es_ES","og_type":"article","og_title":"Our School - Spanish School of Hong Kong","og_url":"https:\/\/sshk.edu.hk\/es\/ourschool\/","og_site_name":"Spanish School of Hong Kong","article_publisher":"https:\/\/www.facebook.com\/SPISHK\/","article_modified_time":"2025-01-09T08:40:02+00:00","og_image":[{"url":"https:\/\/sshk.edu.hk\/wp-content\/uploads\/2017\/03\/COVER-SM-logo.png","type":"","width":"","height":""}],"twitter_card":"summary_large_image","twitter_misc":{"Tiempo de lectura":"5 minutos"},"schema":{"@context":"https:\/\/schema.org","@graph":[{"@type":"WebPage","@id":"https:\/\/sshk.edu.hk\/ourschool\/","url":"https:\/\/sshk.edu.hk\/ourschool\/","name":"Our School - Spanish School of Hong Kong","isPartOf":{"@id":"https:\/\/sshk.edu.hk\/#website"},"datePublished":"2017-03-10T08:31:42+00:00","dateModified":"2025-01-09T08:40:02+00:00","breadcrumb":{"@id":"https:\/\/sshk.edu.hk\/ourschool\/#breadcrumb"},"inLanguage":"es","potentialAction":[{"@type":"ReadAction","target":["https:\/\/sshk.edu.hk\/ourschool\/"]}]},{"@type":"BreadcrumbList","@id":"https:\/\/sshk.edu.hk\/ourschool\/#breadcrumb","itemListElement":[{"@type":"ListItem","position":1,"name":"Home","item":"https:\/\/sshk.edu.hk\/"},{"@type":"ListItem","position":2,"name":"Our School"}]},{"@type":"WebSite","@id":"https:\/\/sshk.edu.hk\/#website","url":"https:\/\/sshk.edu.hk\/","name":"Spanish Primary School","description":"Welcome to a world of possibilities &amp; opportunities\u2026","potentialAction":[{"@type":"SearchAction","target":{"@type":"EntryPoint","urlTemplate":"https:\/\/sshk.edu.hk\/?s={search_term_string}"},"query-input":{"@type":"PropertyValueSpecification","valueRequired":true,"valueName":"search_term_string"}}],"inLanguage":"es"}]}},"_links":{"self":[{"href":"https:\/\/sshk.edu.hk\/es\/wp-json\/wp\/v2\/pages\/2956","targetHints":{"allow":["GET"]}}],"collection":[{"href":"https:\/\/sshk.edu.hk\/es\/wp-json\/wp\/v2\/pages"}],"about":[{"href":"https:\/\/sshk.edu.hk\/es\/wp-json\/wp\/v2\/types\/page"}],"author":[{"embeddable":true,"href":"https:\/\/sshk.edu.hk\/es\/wp-json\/wp\/v2\/users\/5"}],"replies":[{"embeddable":true,"href":"https:\/\/sshk.edu.hk\/es\/wp-json\/wp\/v2\/comments?post=2956"}],"version-history":[{"count":15,"href":"https:\/\/sshk.edu.hk\/es\/wp-json\/wp\/v2\/pages\/2956\/revisions"}],"predecessor-version":[{"id":3863,"href":"https:\/\/sshk.edu.hk\/es\/wp-json\/wp\/v2\/pages\/2956\/revisions\/3863"}],"wp:attachment":[{"href":"https:\/\/sshk.edu.hk\/es\/wp-json\/wp\/v2\/media?parent=2956"}],"curies":[{"name":"wp","href":"https:\/\/api.w.org\/{rel}","templated":true}]}}